{"id":2347,"date":"2024-04-30T08:11:08","date_gmt":"2024-04-30T13:11:08","guid":{"rendered":"https:\/\/0barreras.com\/?post_type=product&#038;p=2347"},"modified":"2024-05-04T12:03:48","modified_gmt":"2024-05-04T17:03:48","slug":"lampara-de-mesa-con-lupa-integrada-big-eye-2x","status":"publish","type":"product","link":"https:\/\/0barreras.com\/en\/product\/lampara-de-mesa-con-lupa-integrada-big-eye-2x\/","title":{"rendered":"L\u00e1mpara de mesa 2X para Lectura con Aumento: Robusta, Estilizada y Funcional"},"content":{"rendered":"<p>Adem\u00e1s de su funcionalidad, esta l\u00e1mpara de lectura tambi\u00e9n tiene un toque de estilo, a\u00f1adiendo un toque de elegancia a cualquier espacio de lectura. Con su garant\u00eda completa de 1 a\u00f1o, puedes confiar en su rendimiento y durabilidad a largo plazo.<\/p>","protected":false},"excerpt":{"rendered":"<p>L\u00e1mpara de lectura de aumento robusta y estilizada, con base de hierro fundido y cuello de cisne cromado flexible. Con una altura de solo 9&#8243;, es ideal para escritorios o mesas, ocupando poco espacio. Esta l\u00e1mpara potente y elegante tambi\u00e9n viene con una garant\u00eda completa de 1 a\u00f1o.<\/p>","protected":false},"featured_media":2348,"comment_status":"open","ping_status":"closed","template":"","meta":[],"product_cat":[18,22,140,134],"product_tag":[],"class_list":["post-2347","product","type-product","status-publish","has-post-thumbnail","hentry","product_cat-baja-vision","product_cat-diversidad-visual","product_cat-lamparas-con-lupas","product_cat-lamparas-e-iluminacion"],"_links":{"self":[{"href":"https:\/\/0barreras.com\/en\/wp-json\/wp\/v2\/product\/2347","targetHints":{"allow":["GET"]}}],"collection":[{"href":"https:\/\/0barreras.com\/en\/wp-json\/wp\/v2\/product"}],"about":[{"href":"https:\/\/0barreras.com\/en\/wp-json\/wp\/v2\/types\/product"}],"replies":[{"embeddable":true,"href":"https:\/\/0barreras.com\/en\/wp-json\/wp\/v2\/comments?post=2347"}],"version-history":[{"count":1,"href":"https:\/\/0barreras.com\/en\/wp-json\/wp\/v2\/product\/2347\/revisions"}],"predecessor-version":[{"id":2556,"href":"https:\/\/0barreras.com\/en\/wp-json\/wp\/v2\/product\/2347\/revisions\/2556"}],"wp:featuredmedia":[{"embeddable":true,"href":"https:\/\/0barreras.com\/en\/wp-json\/wp\/v2\/media\/2348"}],"wp:attachment":[{"href":"https:\/\/0barreras.com\/en\/wp-json\/wp\/v2\/media?parent=2347"}],"wp:term":[{"taxonomy":"product_cat","embeddable":true,"href":"https:\/\/0barreras.com\/en\/wp-json\/wp\/v2\/product_cat?post=2347"},{"taxonomy":"product_tag","embeddable":true,"href":"https:\/\/0barreras.com\/en\/wp-json\/wp\/v2\/product_tag?post=2347"}],"curies":[{"name":"wp","href":"https:\/\/api.w.org\/{rel}","templated":true}]}}