{"id":2343,"date":"2024-04-30T08:08:18","date_gmt":"2024-04-30T13:08:18","guid":{"rendered":"https:\/\/0barreras.com\/?post_type=product&#038;p=2343"},"modified":"2024-05-04T11:55:04","modified_gmt":"2024-05-04T16:55:04","slug":"lampara-combinada-de-alta-intensidad-big-eye-2x","status":"publish","type":"product","link":"https:\/\/0barreras.com\/en\/product\/lampara-combinada-de-alta-intensidad-big-eye-2x\/","title":{"rendered":"L\u00e1mpara de Lectura combinada con Lupa 2X: Comodidad y Versatilidad en la Lectura"},"content":{"rendered":"<p>La l\u00e1mpara presenta un cuello de cisne flexible de 14&#8243;, lo que te permite dirigir la luz exactamente donde la necesitas para una lectura c\u00f3moda y sin esfuerzo.\u00a0 Por otro lado, la lente de aumento 2X de 5&#8243; est\u00e1 montada en un cuello de 18&#8243;, lo que te brinda una ampliaci\u00f3n clara y n\u00edtida para facilitar la lectura de textos peque\u00f1os o detallados.<br \/>\nCon dos bombillas de alta intensidad de 40 vatios incluidas, esta l\u00e1mpara proporciona una iluminaci\u00f3n brillante y uniforme para una experiencia de lectura \u00f3ptima en todo momento.<\/p>","protected":false},"excerpt":{"rendered":"<p>La l\u00e1mpara de lectura incluye una lupa de aumento 2X en un cuello de cisne cromado separado, ofreciendo la flexibilidad de utilizar la l\u00e1mpara y la lupa de forma independiente. Con un cuello de cisne flexible de 14&#8243; para la l\u00e1mpara y una lente de aumento 2X de 5&#8243; en un cuello de 18&#8243;, esta l\u00e1mpara garantiza una iluminaci\u00f3n brillante y una ampliaci\u00f3n clara para una lectura c\u00f3moda y sin esfuerzo.<\/p>","protected":false},"featured_media":2344,"comment_status":"open","ping_status":"closed","template":"","meta":[],"product_cat":[18,22,140,134,141],"product_tag":[],"class_list":["post-2343","product","type-product","status-publish","has-post-thumbnail","hentry","product_cat-baja-vision","product_cat-diversidad-visual","product_cat-lamparas-con-lupas","product_cat-lamparas-e-iluminacion","product_cat-luxo"],"_links":{"self":[{"href":"https:\/\/0barreras.com\/en\/wp-json\/wp\/v2\/product\/2343","targetHints":{"allow":["GET"]}}],"collection":[{"href":"https:\/\/0barreras.com\/en\/wp-json\/wp\/v2\/product"}],"about":[{"href":"https:\/\/0barreras.com\/en\/wp-json\/wp\/v2\/types\/product"}],"replies":[{"embeddable":true,"href":"https:\/\/0barreras.com\/en\/wp-json\/wp\/v2\/comments?post=2343"}],"version-history":[{"count":1,"href":"https:\/\/0barreras.com\/en\/wp-json\/wp\/v2\/product\/2343\/revisions"}],"predecessor-version":[{"id":2554,"href":"https:\/\/0barreras.com\/en\/wp-json\/wp\/v2\/product\/2343\/revisions\/2554"}],"wp:featuredmedia":[{"embeddable":true,"href":"https:\/\/0barreras.com\/en\/wp-json\/wp\/v2\/media\/2344"}],"wp:attachment":[{"href":"https:\/\/0barreras.com\/en\/wp-json\/wp\/v2\/media?parent=2343"}],"wp:term":[{"taxonomy":"product_cat","embeddable":true,"href":"https:\/\/0barreras.com\/en\/wp-json\/wp\/v2\/product_cat?post=2343"},{"taxonomy":"product_tag","embeddable":true,"href":"https:\/\/0barreras.com\/en\/wp-json\/wp\/v2\/product_tag?post=2343"}],"curies":[{"name":"wp","href":"https:\/\/api.w.org\/{rel}","templated":true}]}}