{"id":2313,"date":"2024-04-30T07:15:40","date_gmt":"2024-04-30T12:15:40","guid":{"rendered":"https:\/\/0barreras.com\/?post_type=product&#038;p=2313"},"modified":"2024-05-04T07:51:30","modified_gmt":"2024-05-04T12:51:30","slug":"ott-lite-lampara-de-pie-negra","status":"publish","type":"product","link":"https:\/\/0barreras.com\/en\/product\/ott-lite-lampara-de-pie-negra\/","title":{"rendered":"L\u00e1mpara de Pie negra OttLite VisionSaver: Iluminaci\u00f3n Optimal para Lectura y Trabajo"},"content":{"rendered":"<p>La iluminaci\u00f3n OttLite VisionSaver ofrece un alto contraste, bajo calor y bajo deslumbramiento, lo que mejora la agudeza visual y ayuda a reducir la fatiga visual. Esta l\u00e1mpara de pie con pantalla de ala proporciona una capacidad de ajuste total, con un cuello flexible que permite dirigir la iluminaci\u00f3n exactamente donde la necesitas. Ideal para leer y trabajar con la computadora, esta l\u00e1mpara viene con bombillas y tubos OttLite VisionSaver de bajo consumo incluidos<br \/>\ncon cada compra. Adem\u00e1s, se incluyen instrucciones de montaje sencillas para una instalaci\u00f3n sin complicaciones. Por su peso y tama\u00f1o s cobrar\u00e1 un valor adicional al precio de USD#20.<\/p>","protected":false},"excerpt":{"rendered":"<p>L\u00e1mpara OttLite VisionSaver de pie con pantalla de ala, ofrece iluminaci\u00f3n de alto contraste, bajo calor y bajo deslumbramiento. Incluye bombilla True Color de 18 vatios y 930 l\u00famenes. Cabezal giratorio para ajuste preciso de la luz. Altura de 62 pulgadas con cuello flexible para direcci\u00f3n de la luz.<\/p>","protected":false},"featured_media":2314,"comment_status":"open","ping_status":"closed","template":"","meta":[],"product_cat":[18,22,137,134,139],"product_tag":[],"class_list":["post-2313","product","type-product","status-publish","has-post-thumbnail","hentry","product_cat-baja-vision","product_cat-diversidad-visual","product_cat-lamparas-de-pie","product_cat-lamparas-e-iluminacion","product_cat-ottlite"],"_links":{"self":[{"href":"https:\/\/0barreras.com\/en\/wp-json\/wp\/v2\/product\/2313","targetHints":{"allow":["GET"]}}],"collection":[{"href":"https:\/\/0barreras.com\/en\/wp-json\/wp\/v2\/product"}],"about":[{"href":"https:\/\/0barreras.com\/en\/wp-json\/wp\/v2\/types\/product"}],"replies":[{"embeddable":true,"href":"https:\/\/0barreras.com\/en\/wp-json\/wp\/v2\/comments?post=2313"}],"version-history":[{"count":1,"href":"https:\/\/0barreras.com\/en\/wp-json\/wp\/v2\/product\/2313\/revisions"}],"predecessor-version":[{"id":2544,"href":"https:\/\/0barreras.com\/en\/wp-json\/wp\/v2\/product\/2313\/revisions\/2544"}],"wp:featuredmedia":[{"embeddable":true,"href":"https:\/\/0barreras.com\/en\/wp-json\/wp\/v2\/media\/2314"}],"wp:attachment":[{"href":"https:\/\/0barreras.com\/en\/wp-json\/wp\/v2\/media?parent=2313"}],"wp:term":[{"taxonomy":"product_cat","embeddable":true,"href":"https:\/\/0barreras.com\/en\/wp-json\/wp\/v2\/product_cat?post=2313"},{"taxonomy":"product_tag","embeddable":true,"href":"https:\/\/0barreras.com\/en\/wp-json\/wp\/v2\/product_tag?post=2313"}],"curies":[{"name":"wp","href":"https:\/\/api.w.org\/{rel}","templated":true}]}}