{"id":229,"date":"2024-01-11T08:31:27","date_gmt":"2024-01-11T13:31:27","guid":{"rendered":"https:\/\/0barreras.com\/?post_type=product&#038;p=229"},"modified":"2024-03-31T22:19:08","modified_gmt":"2024-04-01T03:19:08","slug":"gafas-para-leer-negras-con-bisagras-de-resorte","status":"publish","type":"product","link":"https:\/\/0barreras.com\/en\/product\/gafas-para-leer-negras-con-bisagras-de-resorte\/","title":{"rendered":"Gafas de Lectura Negras con Bisagras Flexibles de Resorte."},"content":{"rendered":"<p>Eleva tu experiencia de lectura con nuestras gafas de dise\u00f1o cl\u00e1sico en negro, equipadas con patillas de bisagra de resorte para un ajuste c\u00f3modo. Disponibles en dioptr\u00edas de\u00a0<strong>+1.00<\/strong>\u00a0a\u00a0<strong>+2.50<\/strong>, se adaptan a tu visi\u00f3n con elegancia y comodidad.<\/p>","protected":false},"excerpt":{"rendered":"<p>Gafas de lectura negras con bisagras flexibles, disponibles en dioptr\u00edas de\u00a0<strong>+1.00<\/strong>\u00a0a\u00a0<strong>+2.50<\/strong>\u00a0para confort y estilo.<\/p>","protected":false},"featured_media":230,"comment_status":"open","ping_status":"closed","template":"","meta":[],"product_cat":[18,25],"product_tag":[],"class_list":["post-229","product","type-product","status-publish","has-post-thumbnail","hentry","product_cat-baja-vision","product_cat-gafas-de-lectura"],"_links":{"self":[{"href":"https:\/\/0barreras.com\/en\/wp-json\/wp\/v2\/product\/229","targetHints":{"allow":["GET"]}}],"collection":[{"href":"https:\/\/0barreras.com\/en\/wp-json\/wp\/v2\/product"}],"about":[{"href":"https:\/\/0barreras.com\/en\/wp-json\/wp\/v2\/types\/product"}],"replies":[{"embeddable":true,"href":"https:\/\/0barreras.com\/en\/wp-json\/wp\/v2\/comments?post=229"}],"version-history":[{"count":1,"href":"https:\/\/0barreras.com\/en\/wp-json\/wp\/v2\/product\/229\/revisions"}],"predecessor-version":[{"id":1116,"href":"https:\/\/0barreras.com\/en\/wp-json\/wp\/v2\/product\/229\/revisions\/1116"}],"wp:featuredmedia":[{"embeddable":true,"href":"https:\/\/0barreras.com\/en\/wp-json\/wp\/v2\/media\/230"}],"wp:attachment":[{"href":"https:\/\/0barreras.com\/en\/wp-json\/wp\/v2\/media?parent=229"}],"wp:term":[{"taxonomy":"product_cat","embeddable":true,"href":"https:\/\/0barreras.com\/en\/wp-json\/wp\/v2\/product_cat?post=229"},{"taxonomy":"product_tag","embeddable":true,"href":"https:\/\/0barreras.com\/en\/wp-json\/wp\/v2\/product_tag?post=229"}],"curies":[{"name":"wp","href":"https:\/\/api.w.org\/{rel}","templated":true}]}}