{"id":2289,"date":"2024-04-30T06:56:43","date_gmt":"2024-04-30T11:56:43","guid":{"rendered":"https:\/\/0barreras.com\/?post_type=product&#038;p=2289"},"modified":"2024-05-03T22:22:34","modified_gmt":"2024-05-04T03:22:34","slug":"lampara-de-escritorio-led-flex-de-luz-diurna-natural-ottlite","status":"publish","type":"product","link":"https:\/\/0barreras.com\/en\/product\/lampara-de-escritorio-led-flex-de-luz-diurna-natural-ottlite\/","title":{"rendered":"L\u00e1mpara de Escritorio LED Natural Daylight Flex: Iluminaci\u00f3n Brillante y Vers\u00e1til"},"content":{"rendered":"<p>La l\u00e1mpara de escritorio Natural Daylight LED Flex est\u00e1 equipada con LED de luz diurna natural s\u00faper brillantes, dise\u00f1ados para un uso prolongado de hasta 40,000 horas. Su dise\u00f1o elegante e innovador y tama\u00f1o reducido la hacen perfecta para una variedad de espacios, desde mesas de comedor hasta escritorios, encimeras, bancos de trabajo y mesas auxiliares. El dise\u00f1o contempor\u00e1neo con acabado mate la convierte en una excelente adici\u00f3n a cualquier habitaci\u00f3n en su hogar u oficina.<br \/>\nCon un c\u00f3modo interruptor t\u00e1ctil que ofrece 3 ajustes de brillo, hasta un m\u00e1ximo de 400 l\u00famenes, esta l\u00e1mpara proporciona una iluminaci\u00f3n personalizada para satisfacer sus necesidades espec\u00edficas. El cuello de cisne flexible y la pantalla multiposici\u00f3n le permiten ajustar f\u00e1cilmente el \u00e1ngulo de la luz<br \/>\nexactamente donde la necesita, brindando una iluminaci\u00f3n \u00f3ptima para cualquier tarea. Con una temperatura de color de 5,000K, ofrece una luz natural y brillante que ayuda a reducir la fatiga visual.\u00a0 La altura de esta l\u00e1mpara de mesa es ajustable, variando desde 13.5 pulgadas hasta 25.5 pulgadas, lo que le brinda la flexibilidad para adaptarse a diferentes entornos y necesidades de iluminaci\u00f3n.<\/p>","protected":false},"excerpt":{"rendered":"<p>La l\u00e1mpara de escritorio LED Natural Daylight Flex ofrece una iluminaci\u00f3n brillante y vers\u00e1til con LED de luz diurna. Con un dise\u00f1o elegante y contempor\u00e1neo, interruptor t\u00e1ctil con 3 ajustes de brillo, y cuello de cisne flexible, es perfecta para una variedad de espacios y tareas. Altura ajustable para mayor versatilidad.<\/p>","protected":false},"featured_media":2291,"comment_status":"open","ping_status":"closed","template":"","meta":[],"product_cat":[18,22,137,143,134,139],"product_tag":[],"class_list":["post-2289","product","type-product","status-publish","has-post-thumbnail","hentry","product_cat-baja-vision","product_cat-diversidad-visual","product_cat-lamparas-de-pie","product_cat-lamparas-de-trabajo","product_cat-lamparas-e-iluminacion","product_cat-ottlite"],"_links":{"self":[{"href":"https:\/\/0barreras.com\/en\/wp-json\/wp\/v2\/product\/2289","targetHints":{"allow":["GET"]}}],"collection":[{"href":"https:\/\/0barreras.com\/en\/wp-json\/wp\/v2\/product"}],"about":[{"href":"https:\/\/0barreras.com\/en\/wp-json\/wp\/v2\/types\/product"}],"replies":[{"embeddable":true,"href":"https:\/\/0barreras.com\/en\/wp-json\/wp\/v2\/comments?post=2289"}],"version-history":[{"count":1,"href":"https:\/\/0barreras.com\/en\/wp-json\/wp\/v2\/product\/2289\/revisions"}],"predecessor-version":[{"id":2534,"href":"https:\/\/0barreras.com\/en\/wp-json\/wp\/v2\/product\/2289\/revisions\/2534"}],"wp:featuredmedia":[{"embeddable":true,"href":"https:\/\/0barreras.com\/en\/wp-json\/wp\/v2\/media\/2291"}],"wp:attachment":[{"href":"https:\/\/0barreras.com\/en\/wp-json\/wp\/v2\/media?parent=2289"}],"wp:term":[{"taxonomy":"product_cat","embeddable":true,"href":"https:\/\/0barreras.com\/en\/wp-json\/wp\/v2\/product_cat?post=2289"},{"taxonomy":"product_tag","embeddable":true,"href":"https:\/\/0barreras.com\/en\/wp-json\/wp\/v2\/product_tag?post=2289"}],"curies":[{"name":"wp","href":"https:\/\/api.w.org\/{rel}","templated":true}]}}