{"id":2283,"date":"2024-04-30T04:40:57","date_gmt":"2024-04-30T09:40:57","guid":{"rendered":"https:\/\/0barreras.com\/?post_type=product&#038;p=2283"},"modified":"2024-05-03T22:08:22","modified_gmt":"2024-05-04T03:08:22","slug":"lampara-de-pie-led-con-lupa-4x","status":"publish","type":"product","link":"https:\/\/0barreras.com\/en\/product\/lampara-de-pie-led-con-lupa-4x\/","title":{"rendered":"L\u00e1mpara de Pie LED con Lupa 4X: Iluminaci\u00f3n Brillante y Ampliaci\u00f3n \u00d3ptima"},"content":{"rendered":"<p>La l\u00e1mpara de pie LED con cabezal ajustable ofrece una combinaci\u00f3n perfecta de iluminaci\u00f3n brillante estilo diurno y una lupa 4X extra grande de 5 pulgadas, dise\u00f1ada para ayudarte con una variedad de tareas de lectura y trabajo detallado. Con 4 bombillas LED alrededor del per\u00edmetro de la lupa, proporciona una fuente de luz brillante de luz diurna de 6.500K para una visi\u00f3n n\u00edtida y clara.<br \/>\nLas caracter\u00edsticas t\u00e9cnicas incluyen una base robusta y pesada de 10 pulgadas para una estabilidad \u00f3ptima, un cable el\u00e9ctrico de 6 pies para mayor alcance, y un cuello flexible de 15 pulgadas que te permite ajustar la posici\u00f3n seg\u00fan tus necesidades. Adem\u00e1s, cuenta con una cubierta abatible de la lupa para una protecci\u00f3n adicional contra el polvo y los ara\u00f1azos.<br \/>\nCon un peso de 5 libras y un cargo de env\u00edo adicional de USD$20 debido a su tama\u00f1o y peso, esta l\u00e1mpara de pie LED con lupa es una herramienta indispensable para cualquier espacio de trabajo o estudio.<\/p>","protected":false},"excerpt":{"rendered":"<p>La l\u00e1mpara de pie LED combina una iluminaci\u00f3n brillante estilo diurno con una lupa 4X extra grande de 5 pulgadas para una ampliaci\u00f3n \u00f3ptima. Con caracter\u00edsticas como una base robusta, cuello flexible y cubierta abatible de la lupa, es ideal para tareas de lectura y trabajo detallado.<\/p>","protected":false},"featured_media":2286,"comment_status":"open","ping_status":"closed","template":"","meta":[],"product_cat":[18,22,140,137,134],"product_tag":[],"class_list":["post-2283","product","type-product","status-publish","has-post-thumbnail","hentry","product_cat-baja-vision","product_cat-diversidad-visual","product_cat-lamparas-con-lupas","product_cat-lamparas-de-pie","product_cat-lamparas-e-iluminacion"],"_links":{"self":[{"href":"https:\/\/0barreras.com\/en\/wp-json\/wp\/v2\/product\/2283","targetHints":{"allow":["GET"]}}],"collection":[{"href":"https:\/\/0barreras.com\/en\/wp-json\/wp\/v2\/product"}],"about":[{"href":"https:\/\/0barreras.com\/en\/wp-json\/wp\/v2\/types\/product"}],"replies":[{"embeddable":true,"href":"https:\/\/0barreras.com\/en\/wp-json\/wp\/v2\/comments?post=2283"}],"version-history":[{"count":1,"href":"https:\/\/0barreras.com\/en\/wp-json\/wp\/v2\/product\/2283\/revisions"}],"predecessor-version":[{"id":2532,"href":"https:\/\/0barreras.com\/en\/wp-json\/wp\/v2\/product\/2283\/revisions\/2532"}],"wp:featuredmedia":[{"embeddable":true,"href":"https:\/\/0barreras.com\/en\/wp-json\/wp\/v2\/media\/2286"}],"wp:attachment":[{"href":"https:\/\/0barreras.com\/en\/wp-json\/wp\/v2\/media?parent=2283"}],"wp:term":[{"taxonomy":"product_cat","embeddable":true,"href":"https:\/\/0barreras.com\/en\/wp-json\/wp\/v2\/product_cat?post=2283"},{"taxonomy":"product_tag","embeddable":true,"href":"https:\/\/0barreras.com\/en\/wp-json\/wp\/v2\/product_tag?post=2283"}],"curies":[{"name":"wp","href":"https:\/\/api.w.org\/{rel}","templated":true}]}}