{"id":2215,"date":"2024-04-28T06:26:25","date_gmt":"2024-04-28T11:26:25","guid":{"rendered":"https:\/\/0barreras.com\/?post_type=product&#038;p=2215"},"modified":"2024-05-03T12:08:36","modified_gmt":"2024-05-03T17:08:36","slug":"lampara-led-daylight-twist-2-go","status":"publish","type":"product","link":"https:\/\/0barreras.com\/en\/product\/lampara-led-daylight-twist-2-go\/","title":{"rendered":"L\u00e1mpara Recargable Twist 2 Go: Luz Brillante y Port\u00e1til para Cualquier Situaci\u00f3n"},"content":{"rendered":"<p>Con la l\u00e1mpara recargable de luz diurna Twist 2 Go, siempre tendr\u00e1s la cantidad justa de luz brillante donde la necesites. Esta l\u00e1mpara port\u00e1til, robusta y compacta ofrece hasta 8 horas de tiempo de visualizaci\u00f3n con el brillo m\u00e1s bajo, despu\u00e9s de una carga completa. Su dise\u00f1o inteligente permite que se pliegue hacia atr\u00e1s cuando no est\u00e1 en uso, facilitando su almacenamiento. Con un asa de transporte en la parte superior, llevar la l\u00e1mpara de una habitaci\u00f3n a otra es muy f\u00e1cil.<br \/>\nLa caracter\u00edstica distintiva de la cortina\u2122 Easy Twist te permite dirigir la luz exactamente donde la necesitas, mientras que el bot\u00f3n de atenuaci\u00f3n t\u00e1ctil de 3 pasos te permite ajustar el brillo seg\u00fan tus necesidades. Equipada con LEDs de alta calidad, esta l\u00e1mpara ofrece una salida de hasta 350 l\u00famenes y una temperatura de color de la luz de 6.000K, lo que proporciona una luz brillante y clara. Con un alcance m\u00e1ximo de 10.2&#8243;, esta l\u00e1mpara es ideal para diversas actividades, desde cocinar hasta buscar algo en el garaje.<br \/>\nLas especificaciones t\u00e9cnicas incluyen una duraci\u00f3n de la bater\u00eda de hasta 8 horas con el brillo m\u00e1s bajo y hasta 3 horas con el brillo m\u00e1s alto, con un tiempo de carga de la bater\u00eda de 6 horas. Adem\u00e1s, cuenta con un indicador de carga de la bater\u00eda para mostrar la duraci\u00f3n restante de la misma, brind\u00e1ndote tranquilidad sobre su estado de carga. Con 2 a\u00f1os de garant\u00eda del fabricante, puedes confiar en la calidad y durabilidad de esta l\u00e1mpara.<\/p>","protected":false},"excerpt":{"rendered":"<p>La l\u00e1mpara recargable de luz diurna Twist 2 Go ofrece hasta 8 horas de luz brillante y ajustable en un dise\u00f1o port\u00e1til y compacto. Con la funci\u00f3n Easy Twist, puedes dirigir la luz exactamente donde la necesitas, mientras que el bot\u00f3n t\u00e1ctil de 3 pasos te permite ajustar el brillo. Ideal para una variedad<br \/>\nde actividades en interiores y exteriores.<\/p>","protected":false},"featured_media":2219,"comment_status":"open","ping_status":"closed","template":"","meta":[],"product_cat":[18,22,134,135],"product_tag":[],"class_list":["post-2215","product","type-product","status-publish","has-post-thumbnail","hentry","product_cat-baja-vision","product_cat-diversidad-visual","product_cat-lamparas-e-iluminacion","product_cat-linternas-y-focos"],"_links":{"self":[{"href":"https:\/\/0barreras.com\/en\/wp-json\/wp\/v2\/product\/2215","targetHints":{"allow":["GET"]}}],"collection":[{"href":"https:\/\/0barreras.com\/en\/wp-json\/wp\/v2\/product"}],"about":[{"href":"https:\/\/0barreras.com\/en\/wp-json\/wp\/v2\/types\/product"}],"replies":[{"embeddable":true,"href":"https:\/\/0barreras.com\/en\/wp-json\/wp\/v2\/comments?post=2215"}],"version-history":[{"count":1,"href":"https:\/\/0barreras.com\/en\/wp-json\/wp\/v2\/product\/2215\/revisions"}],"predecessor-version":[{"id":2521,"href":"https:\/\/0barreras.com\/en\/wp-json\/wp\/v2\/product\/2215\/revisions\/2521"}],"wp:featuredmedia":[{"embeddable":true,"href":"https:\/\/0barreras.com\/en\/wp-json\/wp\/v2\/media\/2219"}],"wp:attachment":[{"href":"https:\/\/0barreras.com\/en\/wp-json\/wp\/v2\/media?parent=2215"}],"wp:term":[{"taxonomy":"product_cat","embeddable":true,"href":"https:\/\/0barreras.com\/en\/wp-json\/wp\/v2\/product_cat?post=2215"},{"taxonomy":"product_tag","embeddable":true,"href":"https:\/\/0barreras.com\/en\/wp-json\/wp\/v2\/product_tag?post=2215"}],"curies":[{"name":"wp","href":"https:\/\/api.w.org\/{rel}","templated":true}]}}