{"id":2183,"date":"2024-04-27T12:48:05","date_gmt":"2024-04-27T17:48:05","guid":{"rendered":"https:\/\/0barreras.com\/?post_type=product&#038;p=2183"},"modified":"2024-05-03T07:00:39","modified_gmt":"2024-05-03T12:00:39","slug":"gafas-de-sol-noir-9-medio-gris-verde-fitover-estandar","status":"publish","type":"product","link":"https:\/\/0barreras.com\/en\/product\/gafas-de-sol-noir-9-medio-gris-verde-fitover-estandar\/","title":{"rendered":"Gafas de Sol NoIR: medianas Verde Gris\u00e1ceo Medio (9% de Transmisi\u00f3n de Luz) con Protecci\u00f3n y Estilo Superior"},"content":{"rendered":"<p>Las gafas de sol NoIR en tono verde gris\u00e1ceo medio ofrecen una combinaci\u00f3n perfecta de estilo y funcionalidad. Con un filtro que permite solo el 9% de transmisi\u00f3n de luz, estas gafas maximizan la resoluci\u00f3n visual, mejoran el contraste y alivian la fatiga ocular. Adem\u00e1s de su atractivo est\u00e9tico, estas<br \/>\ngafas ofrecen protecci\u00f3n infrarroja y 100% de protecci\u00f3n ultravioleta, lo que las convierte en una opci\u00f3n segura y efectiva para el uso diario. El filtro multiusos gris-verde tambi\u00e9n incluye protecci\u00f3n &#8220;bloqueador azul&#8221;, lo que ayuda a reducir el deslumbramiento y a mantener la claridad de las im\u00e1genes.\u00a0 Recomendadas especialmente para personas con retinopat\u00eda diab\u00e9tica, estas gafas pueden usarse solas o sobre monturas recetadas gracias a su dise\u00f1o est\u00e1ndar y vers\u00e1til. Los protectores laterales ajustados y la construcci\u00f3n con solapa en las patillas garantizan un ajuste c\u00f3modo y antideslizante en todo momento.<\/p>","protected":false},"excerpt":{"rendered":"<p>Las gafas de sol NoIR en tono verde gris\u00e1ceo medio ofrecen protecci\u00f3n visual avanzada con estilo. Con un filtro que permite solo el 9% de transmisi\u00f3n de<br \/>\nluz, mejoran el contraste, alivian la fatiga ocular y ofrecen protecci\u00f3n contra los rayos infrarrojos y ultravioleta. Su dise\u00f1o vers\u00e1til y c\u00f3modo, junto con caracter\u00edsticas como patillas curvas y protectores laterales ajustados, las hacen ideales para personas con retinopat\u00eda diab\u00e9tica y para uso diario.\u00a0 Con un tama\u00f1o mediano, incluyen estuche de transporte y garant\u00eda de un a\u00f1o, garantizando tanto estilo como calidad.<\/p>","protected":false},"featured_media":2184,"comment_status":"open","ping_status":"closed","template":"","meta":[],"product_cat":[18,22,130,131],"product_tag":[],"class_list":["post-2183","product","type-product","status-publish","has-post-thumbnail","hentry","product_cat-baja-vision","product_cat-diversidad-visual","product_cat-gafas-de-sol","product_cat-noir"],"_links":{"self":[{"href":"https:\/\/0barreras.com\/en\/wp-json\/wp\/v2\/product\/2183","targetHints":{"allow":["GET"]}}],"collection":[{"href":"https:\/\/0barreras.com\/en\/wp-json\/wp\/v2\/product"}],"about":[{"href":"https:\/\/0barreras.com\/en\/wp-json\/wp\/v2\/types\/product"}],"replies":[{"embeddable":true,"href":"https:\/\/0barreras.com\/en\/wp-json\/wp\/v2\/comments?post=2183"}],"version-history":[{"count":1,"href":"https:\/\/0barreras.com\/en\/wp-json\/wp\/v2\/product\/2183\/revisions"}],"predecessor-version":[{"id":2512,"href":"https:\/\/0barreras.com\/en\/wp-json\/wp\/v2\/product\/2183\/revisions\/2512"}],"wp:featuredmedia":[{"embeddable":true,"href":"https:\/\/0barreras.com\/en\/wp-json\/wp\/v2\/media\/2184"}],"wp:attachment":[{"href":"https:\/\/0barreras.com\/en\/wp-json\/wp\/v2\/media?parent=2183"}],"wp:term":[{"taxonomy":"product_cat","embeddable":true,"href":"https:\/\/0barreras.com\/en\/wp-json\/wp\/v2\/product_cat?post=2183"},{"taxonomy":"product_tag","embeddable":true,"href":"https:\/\/0barreras.com\/en\/wp-json\/wp\/v2\/product_tag?post=2183"}],"curies":[{"name":"wp","href":"https:\/\/api.w.org\/{rel}","templated":true}]}}