{"id":2181,"date":"2024-04-27T12:47:03","date_gmt":"2024-04-27T17:47:03","guid":{"rendered":"https:\/\/0barreras.com\/?post_type=product&#038;p=2181"},"modified":"2024-05-03T06:39:28","modified_gmt":"2024-05-03T11:39:28","slug":"gafas-de-sol-noir-3-ambar-oscuro-spectrashield-pequeno","status":"publish","type":"product","link":"https:\/\/0barreras.com\/en\/product\/gafas-de-sol-noir-3-ambar-oscuro-spectrashield-pequeno\/","title":{"rendered":"Gafas de Sol NoIR SpectraShield: Protecci\u00f3n Total (Filtro 07, 3%) en \u00c1mbar Medio, Tama\u00f1o Peque\u00f1o"},"content":{"rendered":"<p>Las gafas de sol NoIR SpectraShield en \u00e1mbar medio (filtro 07) ofrecen una protecci\u00f3n total contra los rayos ultravioleta, la luz azul y los infrarrojos, con una transmisi\u00f3n de luz del 3%. El filtro \u00e1mbar oscuro NoIR proporciona alivio para la fotofobia extrema y la sensibilidad a la luz, adem\u00e1s de ofrecer<br \/>\nun excelente control del deslumbramiento. El marco SpectraShield cuenta con una cresta superior para bloquear la entrada de luz no deseada, y los protectores laterales del mismo filtro brindan protecci\u00f3n adicional. Esta montura expertamente dise\u00f1ada garantiza una protecci\u00f3n completa contra el sol y la iluminaci\u00f3n artificial. Vers\u00e1til, puede usarse sola o sobre gafas graduadas. Disponible en tama\u00f1o peque\u00f1o, con aproximadamente 5.5 pulgadas de ancho, estas gafas son<br \/>\nespecialmente \u00fatiles para personas con Retinosis Pigmentaria o que siguen el Protocolo Marshall.<\/p>","protected":false},"excerpt":{"rendered":"<p>Las gafas de sol NoIR SpectraShield en \u00e1mbar medio (filtro 07) ofrecen protecci\u00f3n total contra los rayos UV, la luz azul y los infrarrojos, con una transmisi\u00f3n<br \/>\nde luz del 3%. Su dise\u00f1o incluye un marco SpectraShield con cresta superior y protectores laterales para una protecci\u00f3n adicional. Vers\u00e1tiles, se pueden usar solas o sobre gafas graduadas. Disponibles en tama\u00f1o peque\u00f1o, son ideales para personas con fotofobia extrema.<\/p>","protected":false},"featured_media":2182,"comment_status":"open","ping_status":"closed","template":"","meta":[],"product_cat":[18,22,130,131],"product_tag":[],"class_list":["post-2181","product","type-product","status-publish","has-post-thumbnail","hentry","product_cat-baja-vision","product_cat-diversidad-visual","product_cat-gafas-de-sol","product_cat-noir"],"_links":{"self":[{"href":"https:\/\/0barreras.com\/en\/wp-json\/wp\/v2\/product\/2181","targetHints":{"allow":["GET"]}}],"collection":[{"href":"https:\/\/0barreras.com\/en\/wp-json\/wp\/v2\/product"}],"about":[{"href":"https:\/\/0barreras.com\/en\/wp-json\/wp\/v2\/types\/product"}],"replies":[{"embeddable":true,"href":"https:\/\/0barreras.com\/en\/wp-json\/wp\/v2\/comments?post=2181"}],"version-history":[{"count":1,"href":"https:\/\/0barreras.com\/en\/wp-json\/wp\/v2\/product\/2181\/revisions"}],"predecessor-version":[{"id":2511,"href":"https:\/\/0barreras.com\/en\/wp-json\/wp\/v2\/product\/2181\/revisions\/2511"}],"wp:featuredmedia":[{"embeddable":true,"href":"https:\/\/0barreras.com\/en\/wp-json\/wp\/v2\/media\/2182"}],"wp:attachment":[{"href":"https:\/\/0barreras.com\/en\/wp-json\/wp\/v2\/media?parent=2181"}],"wp:term":[{"taxonomy":"product_cat","embeddable":true,"href":"https:\/\/0barreras.com\/en\/wp-json\/wp\/v2\/product_cat?post=2181"},{"taxonomy":"product_tag","embeddable":true,"href":"https:\/\/0barreras.com\/en\/wp-json\/wp\/v2\/product_tag?post=2181"}],"curies":[{"name":"wp","href":"https:\/\/api.w.org\/{rel}","templated":true}]}}