{"id":2175,"date":"2024-04-27T12:43:43","date_gmt":"2024-04-27T17:43:43","guid":{"rendered":"https:\/\/0barreras.com\/?post_type=product&#038;p=2175"},"modified":"2024-05-03T06:15:27","modified_gmt":"2024-05-03T11:15:27","slug":"gafas-de-sol-noir-3-ambar-oscuro-spectrashield-grande","status":"publish","type":"product","link":"https:\/\/0barreras.com\/en\/product\/gafas-de-sol-noir-3-ambar-oscuro-spectrashield-grande\/","title":{"rendered":"Gafas de Sol NoIR Grandes SpectraShield:  \u00c1mbar Oscuro con Protecci\u00f3n Total (Filtro 07 al 3%) y Versatilidad Superior"},"content":{"rendered":"<p>El marco SpectraShield de las gafas de sol NoIR presenta una cresta ingeniosamente dise\u00f1ada en la parte superior, la cual act\u00faa como una barrera efectiva contra la entrada de luz no deseada, ofreciendo as\u00ed una protecci\u00f3n adicional para los ojos sensibles. Adem\u00e1s, los protectores laterales del mismo filtro<br \/>\nintegrados en el marco brindan una cobertura completa y uniforme, asegurando una protecci\u00f3n total tanto contra la luz solar natural como contra la artificial.\u00a0 Esta innovadora montura, desarrollada por expertos en el campo, ha sido meticulosamente dise\u00f1ada para garantizar no solo una m\u00e1xima protecci\u00f3n, sino tambi\u00e9n una comodidad \u00f3ptima y una funcionalidad excepcional.<br \/>\nEstas gafas de sol NoIR SpectraShield son incre\u00edblemente vers\u00e1tiles, ya que pueden usarse de forma independiente o sobre gafas graduadas, lo que las convierte en una opci\u00f3n pr\u00e1ctica para una amplia gama de usuarios. Su tama\u00f1o grande, con una anchura de aproximadamente 6.5 pulgadas, garantiza un ajuste c\u00f3modo y seguro para la mayor\u00eda de las personas. Especialmente recomendadas para aquellos que sufren de condiciones visuales como la Retinosis Pigmentaria o que est\u00e1n siguiendo el Protocolo Marshall, estas gafas proporcionan una soluci\u00f3n efectiva para la fotofobia extrema y la sensibilidad a la luz, permitiendo a los usuarios disfrutar de una mayor comodidad y calidad de vida.<\/p>","protected":false},"excerpt":{"rendered":"<p>Las gafas de sol NoIR SpectraShield en \u00e1mbar oscuro ofrecen protecci\u00f3n total contra la luz con un filtro 07 que bloquea el 100% de los rayos ultravioleta, la luz azul y los infrarrojos, mientras permite una transmisi\u00f3n de luz del 3%. Su dise\u00f1o incluye una montura SpectraShield con protectores laterales y una cresta superior para evitar el deslumbramiento. Son ideales para personas con fotofobia extrema y pueden usarse sobre gafas graduadas. Disponibles en tama\u00f1o grande, son una opci\u00f3n destacada para quienes padecen Retinosis Pigmentaria o siguen el Protocolo Marshall.<\/p>","protected":false},"featured_media":2176,"comment_status":"open","ping_status":"closed","template":"","meta":[],"product_cat":[18,22,130,131],"product_tag":[],"class_list":["post-2175","product","type-product","status-publish","has-post-thumbnail","hentry","product_cat-baja-vision","product_cat-diversidad-visual","product_cat-gafas-de-sol","product_cat-noir"],"_links":{"self":[{"href":"https:\/\/0barreras.com\/en\/wp-json\/wp\/v2\/product\/2175","targetHints":{"allow":["GET"]}}],"collection":[{"href":"https:\/\/0barreras.com\/en\/wp-json\/wp\/v2\/product"}],"about":[{"href":"https:\/\/0barreras.com\/en\/wp-json\/wp\/v2\/types\/product"}],"replies":[{"embeddable":true,"href":"https:\/\/0barreras.com\/en\/wp-json\/wp\/v2\/comments?post=2175"}],"version-history":[{"count":1,"href":"https:\/\/0barreras.com\/en\/wp-json\/wp\/v2\/product\/2175\/revisions"}],"predecessor-version":[{"id":2508,"href":"https:\/\/0barreras.com\/en\/wp-json\/wp\/v2\/product\/2175\/revisions\/2508"}],"wp:featuredmedia":[{"embeddable":true,"href":"https:\/\/0barreras.com\/en\/wp-json\/wp\/v2\/media\/2176"}],"wp:attachment":[{"href":"https:\/\/0barreras.com\/en\/wp-json\/wp\/v2\/media?parent=2175"}],"wp:term":[{"taxonomy":"product_cat","embeddable":true,"href":"https:\/\/0barreras.com\/en\/wp-json\/wp\/v2\/product_cat?post=2175"},{"taxonomy":"product_tag","embeddable":true,"href":"https:\/\/0barreras.com\/en\/wp-json\/wp\/v2\/product_tag?post=2175"}],"curies":[{"name":"wp","href":"https:\/\/api.w.org\/{rel}","templated":true}]}}