{"id":2174,"date":"2024-04-27T12:43:03","date_gmt":"2024-04-27T17:43:03","guid":{"rendered":"https:\/\/0barreras.com\/?post_type=product&#038;p=2174"},"modified":"2024-05-02T22:24:40","modified_gmt":"2024-05-03T03:24:40","slug":"gafas-de-sol-noir-3-ambar-oscuro-fitover-grande-ir-907","status":"publish","type":"product","link":"https:\/\/0barreras.com\/en\/product\/gafas-de-sol-noir-3-ambar-oscuro-fitover-grande-ir-907\/","title":{"rendered":"Gafas de Sol NoIR 3% \u00c1mbar Oscuro, Fitover, Grande IR -907: Protecci\u00f3n y Comodidad Garantizadas"},"content":{"rendered":"<p>Las gafas de sol NoIR 3% \u00c1mbar Oscuro, Fitover, Grande IR -907 son la soluci\u00f3n definitiva para una protecci\u00f3n visual \u00f3ptima. Con un filtro de transmisi\u00f3n<br \/>\nde luz del 3%, ofrecen una protecci\u00f3n completa contra la luz infrarroja, ultravioleta y azul, garantizando una visi\u00f3n protegida en todo momento. Su dise\u00f1o Fitover permite usarlas f\u00e1cilmente sobre la mayor\u00eda de las monturas graduadas o pueden usarse solas. Con un tama\u00f1o grande, ofrecen una cobertura amplia y c\u00f3moda. El color \u00e1mbar oscuro del filtro NoIR 07 ayuda a reducir el deslumbramiento y proporciona una visi\u00f3n n\u00edtida y clara. Estas gafas son ideales<br \/>\npara personas con sensibilidad a la luz y pueden ayudar en las primeras etapas de la retinosis pigmentaria. Fabricadas con los m\u00e1s altos est\u00e1ndares de calidad, garantizan durabilidad y protecci\u00f3n duradera.<\/p>","protected":false},"excerpt":{"rendered":"<p>Las gafas de sol NoIR 3% \u00c1mbar Oscuro, Fitover, Grande IR -907 ofrecen protecci\u00f3n total y comodidad. Con un filtro del 3% de transmisi\u00f3n de luz, son ideales para sensibilidad a la luz y primeras etapas de retinosis pigmentaria. Su dise\u00f1o Fitover y tama\u00f1o grande ofrecen cobertura amplia y vers\u00e1til.<\/p>","protected":false},"featured_media":2173,"comment_status":"open","ping_status":"closed","template":"","meta":[],"product_cat":[18,22,130,131],"product_tag":[],"class_list":["post-2174","product","type-product","status-publish","has-post-thumbnail","hentry","product_cat-baja-vision","product_cat-diversidad-visual","product_cat-gafas-de-sol","product_cat-noir"],"_links":{"self":[{"href":"https:\/\/0barreras.com\/en\/wp-json\/wp\/v2\/product\/2174","targetHints":{"allow":["GET"]}}],"collection":[{"href":"https:\/\/0barreras.com\/en\/wp-json\/wp\/v2\/product"}],"about":[{"href":"https:\/\/0barreras.com\/en\/wp-json\/wp\/v2\/types\/product"}],"replies":[{"embeddable":true,"href":"https:\/\/0barreras.com\/en\/wp-json\/wp\/v2\/comments?post=2174"}],"version-history":[{"count":1,"href":"https:\/\/0barreras.com\/en\/wp-json\/wp\/v2\/product\/2174\/revisions"}],"predecessor-version":[{"id":2507,"href":"https:\/\/0barreras.com\/en\/wp-json\/wp\/v2\/product\/2174\/revisions\/2507"}],"wp:featuredmedia":[{"embeddable":true,"href":"https:\/\/0barreras.com\/en\/wp-json\/wp\/v2\/media\/2173"}],"wp:attachment":[{"href":"https:\/\/0barreras.com\/en\/wp-json\/wp\/v2\/media?parent=2174"}],"wp:term":[{"taxonomy":"product_cat","embeddable":true,"href":"https:\/\/0barreras.com\/en\/wp-json\/wp\/v2\/product_cat?post=2174"},{"taxonomy":"product_tag","embeddable":true,"href":"https:\/\/0barreras.com\/en\/wp-json\/wp\/v2\/product_tag?post=2174"}],"curies":[{"name":"wp","href":"https:\/\/api.w.org\/{rel}","templated":true}]}}