{"id":2163,"date":"2024-04-27T10:29:37","date_gmt":"2024-04-27T15:29:37","guid":{"rendered":"https:\/\/0barreras.com\/?post_type=product&#038;p=2163"},"modified":"2024-05-02T20:37:42","modified_gmt":"2024-05-03T01:37:42","slug":"gafas-de-sol-noir-28-gris-estandar-fitover","status":"publish","type":"product","link":"https:\/\/0barreras.com\/en\/product\/gafas-de-sol-noir-28-gris-estandar-fitover\/","title":{"rendered":"Gafas de Sol NoIR 28% con Filtro Gris Medio: Protecci\u00f3n y Comodidad en Tama\u00f1o Mediano"},"content":{"rendered":"<p>Las gafas de sol NoIR grandes con un 28% de color gris medio son la elecci\u00f3n perfecta para una protecci\u00f3n visual y comodidad \u00f3ptimas. Con un filtro de luz extremadamente c\u00f3modo, estas gafas reducen el resplandor y mejoran el enfoque, ofreciendo una reproducci\u00f3n de color natural. Su ajuste permite filtrar solo el 28% de la transmisi\u00f3n de luz, garantizando una visi\u00f3n clara en diversas condiciones de iluminaci\u00f3n. El tono gris medio, filtro n\u00famero 21, proporciona<br \/>\nuna protecci\u00f3n UV del 100%, siendo especialmente \u00fatil para personas con retinopat\u00eda diab\u00e9tica, glaucoma o cataratas. La montura est\u00e1ndar se adapta f\u00e1cilmente sobre la mayor\u00eda de las monturas recetadas o puede usarse sola, ofreciendo versatilidad y comodidad. Los protectores laterales ajustados y la construcci\u00f3n con solapa en las patillas, junto con la pieza curvada de la patilla, garantizan un ajuste personalizado y antideslizante.<\/p>","protected":false},"excerpt":{"rendered":"<p>Las gafas de sol NoIR grandes con filtro gris medio ofrecen protecci\u00f3n y comodidad. Con una transmisi\u00f3n de luz del 28% y protecci\u00f3n UV del 100%, son ideales<br \/>\npara personas con necesidades visuales espec\u00edficas. Su dise\u00f1o vers\u00e1til y ajustable garantiza un ajuste seguro en todo momento.<\/p>","protected":false},"featured_media":2164,"comment_status":"open","ping_status":"closed","template":"","meta":[],"product_cat":[18,22,130,131],"product_tag":[],"class_list":["post-2163","product","type-product","status-publish","has-post-thumbnail","hentry","product_cat-baja-vision","product_cat-diversidad-visual","product_cat-gafas-de-sol","product_cat-noir"],"_links":{"self":[{"href":"https:\/\/0barreras.com\/en\/wp-json\/wp\/v2\/product\/2163","targetHints":{"allow":["GET"]}}],"collection":[{"href":"https:\/\/0barreras.com\/en\/wp-json\/wp\/v2\/product"}],"about":[{"href":"https:\/\/0barreras.com\/en\/wp-json\/wp\/v2\/types\/product"}],"replies":[{"embeddable":true,"href":"https:\/\/0barreras.com\/en\/wp-json\/wp\/v2\/comments?post=2163"}],"version-history":[{"count":1,"href":"https:\/\/0barreras.com\/en\/wp-json\/wp\/v2\/product\/2163\/revisions"}],"predecessor-version":[{"id":2501,"href":"https:\/\/0barreras.com\/en\/wp-json\/wp\/v2\/product\/2163\/revisions\/2501"}],"wp:featuredmedia":[{"embeddable":true,"href":"https:\/\/0barreras.com\/en\/wp-json\/wp\/v2\/media\/2164"}],"wp:attachment":[{"href":"https:\/\/0barreras.com\/en\/wp-json\/wp\/v2\/media?parent=2163"}],"wp:term":[{"taxonomy":"product_cat","embeddable":true,"href":"https:\/\/0barreras.com\/en\/wp-json\/wp\/v2\/product_cat?post=2163"},{"taxonomy":"product_tag","embeddable":true,"href":"https:\/\/0barreras.com\/en\/wp-json\/wp\/v2\/product_tag?post=2163"}],"curies":[{"name":"wp","href":"https:\/\/api.w.org\/{rel}","templated":true}]}}