{"id":2157,"date":"2024-04-27T10:21:54","date_gmt":"2024-04-27T15:21:54","guid":{"rendered":"https:\/\/0barreras.com\/?post_type=product&#038;p=2157"},"modified":"2024-05-02T15:18:47","modified_gmt":"2024-05-02T20:18:47","slug":"gafas-de-sol-noir-11-gris-oscuro-spectrashield-grandes","status":"publish","type":"product","link":"https:\/\/0barreras.com\/en\/product\/gafas-de-sol-noir-11-gris-oscuro-spectrashield-grandes\/","title":{"rendered":"Gafas de Sol NoIR 11% SpectraShield Gris Oscuro: Protecci\u00f3n y Visi\u00f3n \u00d3ptima"},"content":{"rendered":"<p>Las gafas de sol NoIR SpectraShield gris oscuro (filtro 22) son la elecci\u00f3n definitiva para protecci\u00f3n visual avanzada. Con una protecci\u00f3n UV del 100%, una transmisi\u00f3n de luz del 11% y una protecci\u00f3n completa contra la luz azul, estas gafas ofrecen una visi\u00f3n \u00f3ptima en cualquier entorno. Mejoran el contraste, maximizan el brillo y garantizan una agudeza visual excepcional. El marco SpectraShield cuenta con una cresta en la parte superior para bloquear eficazmente la entrada de sol o luz, con el mismo filtro aplicado en las peque\u00f1as ventanas a los lados del marco. La montura NoIR SpectraShield proporciona una protecci\u00f3n total contra la luz solar y artificial, siendo vers\u00e1til para su uso solo o sobre gafas graduadas. Disponible en tama\u00f1o grande, con aproximadamente 6.5 pulgadas de ancho, estas gafas son especialmente beneficiosas para personas con glaucoma, retinopat\u00eda diab\u00e9tica o cataratas.<\/p>","protected":false},"excerpt":{"rendered":"<p>Las gafas de sol NoIR SpectraShield gris oscuro ofrecen una protecci\u00f3n completa y una visi\u00f3n \u00f3ptima. Con protecci\u00f3n UV, transmisi\u00f3n de luz baja y bloqueo de luz azul, son ideales para mejorar el contraste y la agudeza visual. El dise\u00f1o innovador del marco y la versatilidad de uso las hacen perfectas para<br \/>\npersonas con diversas necesidades visuales.<\/p>","protected":false},"featured_media":2158,"comment_status":"open","ping_status":"closed","template":"","meta":[],"product_cat":[18,22,130,131],"product_tag":[],"class_list":["post-2157","product","type-product","status-publish","has-post-thumbnail","hentry","product_cat-baja-vision","product_cat-diversidad-visual","product_cat-gafas-de-sol","product_cat-noir"],"_links":{"self":[{"href":"https:\/\/0barreras.com\/en\/wp-json\/wp\/v2\/product\/2157","targetHints":{"allow":["GET"]}}],"collection":[{"href":"https:\/\/0barreras.com\/en\/wp-json\/wp\/v2\/product"}],"about":[{"href":"https:\/\/0barreras.com\/en\/wp-json\/wp\/v2\/types\/product"}],"replies":[{"embeddable":true,"href":"https:\/\/0barreras.com\/en\/wp-json\/wp\/v2\/comments?post=2157"}],"version-history":[{"count":1,"href":"https:\/\/0barreras.com\/en\/wp-json\/wp\/v2\/product\/2157\/revisions"}],"predecessor-version":[{"id":2499,"href":"https:\/\/0barreras.com\/en\/wp-json\/wp\/v2\/product\/2157\/revisions\/2499"}],"wp:featuredmedia":[{"embeddable":true,"href":"https:\/\/0barreras.com\/en\/wp-json\/wp\/v2\/media\/2158"}],"wp:attachment":[{"href":"https:\/\/0barreras.com\/en\/wp-json\/wp\/v2\/media?parent=2157"}],"wp:term":[{"taxonomy":"product_cat","embeddable":true,"href":"https:\/\/0barreras.com\/en\/wp-json\/wp\/v2\/product_cat?post=2157"},{"taxonomy":"product_tag","embeddable":true,"href":"https:\/\/0barreras.com\/en\/wp-json\/wp\/v2\/product_tag?post=2157"}],"curies":[{"name":"wp","href":"https:\/\/api.w.org\/{rel}","templated":true}]}}