{"id":2148,"date":"2024-04-27T10:14:28","date_gmt":"2024-04-27T15:14:28","guid":{"rendered":"https:\/\/0barreras.com\/?post_type=product&#038;p=2148"},"modified":"2024-05-02T08:14:33","modified_gmt":"2024-05-02T13:14:33","slug":"gafas-de-sol-noir-64-ambar-claro-clip-ons","status":"publish","type":"product","link":"https:\/\/0barreras.com\/en\/product\/gafas-de-sol-noir-64-ambar-claro-clip-ons\/","title":{"rendered":"Gafas de Sol con Clip NoIR 64% \u00c1mbar Claro: Protecci\u00f3n y Estilo en un Clip Conveniente"},"content":{"rendered":"<p>Sum\u00e9rgete en el mundo de la moda y la protecci\u00f3n visual con las gafas de sol con clip NoIR 64% \u00c1mbar Claro. Estas gafas de sol ofrecen un confort excepcional gracias a su filtro de color \u00e1mbar claro, el cual la mejora de contraste y proporciona una protecci\u00f3n eficaz contra el deslumbramiento. El dise\u00f1o innovador de clip permite que el 64% de la transmisi\u00f3n de luz se filtre a trav\u00e9s de los lentes, asegurando una visi\u00f3n clara y n\u00edtida en diversas condiciones de iluminaci\u00f3n.\u00a0 Adem\u00e1s, el tono \u00e1mbar claro, n\u00famero 48, abre una capa adicional de protecci\u00f3n contra el bloqueador de luz azul, protegiendo la salud ocular a largo plazo. Estas gafas de sol con clip se adaptan f\u00e1cilmente a la mayor\u00eda de las monturas graduadas o gafas de lectura, ofreciendo una soluci\u00f3n pr\u00e1ctica y vers\u00e1til para mantener<br \/>\ntus ojos con estilo. Puedes confiar en su calidad y durabilidad para satisfacer tus necesidades visuales.<\/p>","protected":false},"excerpt":{"rendered":"<p>Gafas de sol con clip NoIR 64% \u00c1mbar Claro: Protecci\u00f3n contra deslumbramientos, transmisi\u00f3n de luz del 64%, dise\u00f1o vers\u00e1til con clip. Hecho en USA<\/p>","protected":false},"featured_media":2149,"comment_status":"open","ping_status":"closed","template":"","meta":[],"product_cat":[18,22,130,131],"product_tag":[],"class_list":["post-2148","product","type-product","status-publish","has-post-thumbnail","hentry","product_cat-baja-vision","product_cat-diversidad-visual","product_cat-gafas-de-sol","product_cat-noir"],"_links":{"self":[{"href":"https:\/\/0barreras.com\/en\/wp-json\/wp\/v2\/product\/2148","targetHints":{"allow":["GET"]}}],"collection":[{"href":"https:\/\/0barreras.com\/en\/wp-json\/wp\/v2\/product"}],"about":[{"href":"https:\/\/0barreras.com\/en\/wp-json\/wp\/v2\/types\/product"}],"replies":[{"embeddable":true,"href":"https:\/\/0barreras.com\/en\/wp-json\/wp\/v2\/comments?post=2148"}],"version-history":[{"count":1,"href":"https:\/\/0barreras.com\/en\/wp-json\/wp\/v2\/product\/2148\/revisions"}],"predecessor-version":[{"id":2495,"href":"https:\/\/0barreras.com\/en\/wp-json\/wp\/v2\/product\/2148\/revisions\/2495"}],"wp:featuredmedia":[{"embeddable":true,"href":"https:\/\/0barreras.com\/en\/wp-json\/wp\/v2\/media\/2149"}],"wp:attachment":[{"href":"https:\/\/0barreras.com\/en\/wp-json\/wp\/v2\/media?parent=2148"}],"wp:term":[{"taxonomy":"product_cat","embeddable":true,"href":"https:\/\/0barreras.com\/en\/wp-json\/wp\/v2\/product_cat?post=2148"},{"taxonomy":"product_tag","embeddable":true,"href":"https:\/\/0barreras.com\/en\/wp-json\/wp\/v2\/product_tag?post=2148"}],"curies":[{"name":"wp","href":"https:\/\/api.w.org\/{rel}","templated":true}]}}