{"id":2141,"date":"2024-04-20T05:45:42","date_gmt":"2024-04-20T10:45:42","guid":{"rendered":"https:\/\/0barreras.com\/?post_type=product&#038;p=2141"},"modified":"2024-05-02T07:26:02","modified_gmt":"2024-05-02T12:26:02","slug":"gafas-de-sol-noir-estandar-con-filtro-de-luz-al-22-spectrashield","status":"publish","type":"product","link":"https:\/\/0barreras.com\/en\/product\/gafas-de-sol-noir-estandar-con-filtro-de-luz-al-22-spectrashield\/","title":{"rendered":"Gafas de Sol NoIR Estandar filtro luz al 22%  SpectraShield Polarized Amber: Visi\u00f3n Clara y Protecci\u00f3n \u00d3ptima"},"content":{"rendered":"<p>Las gafas de sol NoIR SpectraShield Polarized Amber con filtro 4P son la elecci\u00f3n definitiva para aquellos que buscan protecci\u00f3n visual superior y comodidad excepcional. Con una protecci\u00f3n UV del 100% y una transmisi\u00f3n de luz del 22%, estas gafas ofrecen una visi\u00f3n clara y sin deslumbramientos molestos. El dise\u00f1o del marco SpectraShield incluye una repisa en la parte superior y protectores laterales del mismo filtro, garantizando una protecci\u00f3n completa contra la luz no deseada. Dise\u00f1adas por expertos, estas gafas ofrecen una protecci\u00f3n excepcional contra el sol y la iluminaci\u00f3n artificial. Su versatilidad permite usarlas solas o sobre gafas graduadas, brindando una soluci\u00f3n pr\u00e1ctica y funcional para diversas necesidades visuales. Con un tama\u00f1o mediano de aproximadamente<br \/>\n6.1 pulgadas de ancho, estas gafas son ideales para personas con glaucoma, retinopat\u00eda diab\u00e9tica y afecciones postoperatorias de cataratas, proporcionando<br \/>\nuna visi\u00f3n \u00f3ptima y un confort duradero.<\/p>","protected":false},"excerpt":{"rendered":"<p>Gafas de sol NoIR SpectraShield Polarized Amber: Protecci\u00f3n UV 100%, transmisi\u00f3n de luz 22%, dise\u00f1o con repisa superior y protectores laterales. Vers\u00e1tiles, se pueden usar solas o sobre gafas graduadas. Tama\u00f1o mediano, ideal para diversas afecciones oculares.<\/p>","protected":false},"featured_media":2140,"comment_status":"open","ping_status":"closed","template":"","meta":[],"product_cat":[18,22,130,131],"product_tag":[],"class_list":["post-2141","product","type-product","status-publish","has-post-thumbnail","hentry","product_cat-baja-vision","product_cat-diversidad-visual","product_cat-gafas-de-sol","product_cat-noir"],"_links":{"self":[{"href":"https:\/\/0barreras.com\/en\/wp-json\/wp\/v2\/product\/2141","targetHints":{"allow":["GET"]}}],"collection":[{"href":"https:\/\/0barreras.com\/en\/wp-json\/wp\/v2\/product"}],"about":[{"href":"https:\/\/0barreras.com\/en\/wp-json\/wp\/v2\/types\/product"}],"replies":[{"embeddable":true,"href":"https:\/\/0barreras.com\/en\/wp-json\/wp\/v2\/comments?post=2141"}],"version-history":[{"count":1,"href":"https:\/\/0barreras.com\/en\/wp-json\/wp\/v2\/product\/2141\/revisions"}],"predecessor-version":[{"id":2492,"href":"https:\/\/0barreras.com\/en\/wp-json\/wp\/v2\/product\/2141\/revisions\/2492"}],"wp:featuredmedia":[{"embeddable":true,"href":"https:\/\/0barreras.com\/en\/wp-json\/wp\/v2\/media\/2140"}],"wp:attachment":[{"href":"https:\/\/0barreras.com\/en\/wp-json\/wp\/v2\/media?parent=2141"}],"wp:term":[{"taxonomy":"product_cat","embeddable":true,"href":"https:\/\/0barreras.com\/en\/wp-json\/wp\/v2\/product_cat?post=2141"},{"taxonomy":"product_tag","embeddable":true,"href":"https:\/\/0barreras.com\/en\/wp-json\/wp\/v2\/product_tag?post=2141"}],"curies":[{"name":"wp","href":"https:\/\/api.w.org\/{rel}","templated":true}]}}