{"id":2134,"date":"2024-04-18T10:27:20","date_gmt":"2024-04-18T15:27:20","guid":{"rendered":"https:\/\/0barreras.com\/?post_type=product&#038;p=2134"},"modified":"2024-04-18T10:28:49","modified_gmt":"2024-04-18T15:28:49","slug":"gafas-de-sol-filtro-87-pequenas-noir-amarillas-spectrashield-proteccion-total-y-mejora-visual-para-degeneracion-macular","status":"publish","type":"product","link":"https:\/\/0barreras.com\/en\/product\/gafas-de-sol-filtro-87-pequenas-noir-amarillas-spectrashield-proteccion-total-y-mejora-visual-para-degeneracion-macular\/","title":{"rendered":"Gafas de Sol Filtro 87% Peque\u00f1as NoIR amarillas SpectraShield: Protecci\u00f3n Total y Mejora Visual para Degeneraci\u00f3n Macular"},"content":{"rendered":"<p>Estas gafas de sol NoIR proporcionan un 100% de protecci\u00f3n contra los rayos UV y la luz azul. Transmiten el 87% de la luz proporcionando el m\u00e1ximo brillo al tiempo que mejoran la agudeza visual al mejorar el contraste. Las personas con degeneraci\u00f3n macular encuentran \u00fatil este color. El marco de tama\u00f1o peque\u00f1o mide aproximadamente 5.1&#8243; de patilla a sien.<\/p>","protected":false},"excerpt":{"rendered":"<p>Estas gafas de sol NoIR proporcionan un 100% de protecci\u00f3n contra los rayos UV y la luz azul. Transmiten el 87% de la luz proporcionando el m\u00e1ximo brillo al tiempo que mejoran la agudeza visual al mejorar el contraste. Las personas con degeneraci\u00f3n macular encuentran \u00fatil este color. El marco de tama\u00f1o peque\u00f1o mide aproximadamente&#8230;<\/p>","protected":false},"featured_media":2135,"comment_status":"open","ping_status":"closed","template":"","meta":[],"product_cat":[18,22,130,131],"product_tag":[],"class_list":["post-2134","product","type-product","status-publish","has-post-thumbnail","hentry","product_cat-baja-vision","product_cat-diversidad-visual","product_cat-gafas-de-sol","product_cat-noir"],"_links":{"self":[{"href":"https:\/\/0barreras.com\/en\/wp-json\/wp\/v2\/product\/2134","targetHints":{"allow":["GET"]}}],"collection":[{"href":"https:\/\/0barreras.com\/en\/wp-json\/wp\/v2\/product"}],"about":[{"href":"https:\/\/0barreras.com\/en\/wp-json\/wp\/v2\/types\/product"}],"replies":[{"embeddable":true,"href":"https:\/\/0barreras.com\/en\/wp-json\/wp\/v2\/comments?post=2134"}],"version-history":[{"count":0,"href":"https:\/\/0barreras.com\/en\/wp-json\/wp\/v2\/product\/2134\/revisions"}],"wp:featuredmedia":[{"embeddable":true,"href":"https:\/\/0barreras.com\/en\/wp-json\/wp\/v2\/media\/2135"}],"wp:attachment":[{"href":"https:\/\/0barreras.com\/en\/wp-json\/wp\/v2\/media?parent=2134"}],"wp:term":[{"taxonomy":"product_cat","embeddable":true,"href":"https:\/\/0barreras.com\/en\/wp-json\/wp\/v2\/product_cat?post=2134"},{"taxonomy":"product_tag","embeddable":true,"href":"https:\/\/0barreras.com\/en\/wp-json\/wp\/v2\/product_tag?post=2134"}],"curies":[{"name":"wp","href":"https:\/\/api.w.org\/{rel}","templated":true}]}}