{"id":2131,"date":"2024-04-18T10:22:52","date_gmt":"2024-04-18T15:22:52","guid":{"rendered":"https:\/\/0barreras.com\/?post_type=product&#038;p=2131"},"modified":"2024-04-18T10:24:13","modified_gmt":"2024-04-18T15:24:13","slug":"gafas-de-sol-noir-amarillas-spectrashield-proteccion-total-y-mejora-visual-para-degeneracion-macular","status":"publish","type":"product","link":"https:\/\/0barreras.com\/en\/product\/gafas-de-sol-noir-amarillas-spectrashield-proteccion-total-y-mejora-visual-para-degeneracion-macular\/","title":{"rendered":"Gafas de Sol NoIR amarillas SpectraShield: Protecci\u00f3n Total y Mejora Visual para Degeneraci\u00f3n Macular"},"content":{"rendered":"<p>Las gafas de sol NoIR ofrecen un 100 por ciento de protecci\u00f3n ultravioleta y un 100 por ciento de protecci\u00f3n contra la luz azul. El color del filtro 50 es un filtro amarillo que permite una transici\u00f3n de luz visible del 87%. Este color acent\u00faa el contraste, presenta un brillo m\u00e1ximo y una buena agudeza visual. El marco SpectraShield tiene una repisa en la parte superior para evitar que entre el sol o la luz y tiene el mismo filtro dentro de las peque\u00f1as ventanas a los lados del marco. La montura NoIR SpectraShield ofrece una protecci\u00f3n completa contra el sol y la luz artificial. Estas gafas de sol se pueden usar solas o sobre gafas graduadas. El tama\u00f1o de marco 38 es un marco de tama\u00f1o grande que mide 144 mm x 145 mm x 50 mm. \u00datil para personas con degeneraci\u00f3n macular.<\/p>","protected":false},"excerpt":{"rendered":"<p>Las gafas de sol NoIR ofrecen un 100 por ciento de protecci\u00f3n ultravioleta y un 100 por ciento de protecci\u00f3n contra la luz azul. El color del filtro 50 es un filtro amarillo que permite una transici\u00f3n de luz visible del 87%. Este color acent\u00faa el contraste, presenta un brillo m\u00e1ximo y una buena agudeza&#8230;<\/p>","protected":false},"featured_media":2132,"comment_status":"open","ping_status":"closed","template":"","meta":[],"product_cat":[18,22,130,131],"product_tag":[],"class_list":["post-2131","product","type-product","status-publish","has-post-thumbnail","hentry","product_cat-baja-vision","product_cat-diversidad-visual","product_cat-gafas-de-sol","product_cat-noir"],"_links":{"self":[{"href":"https:\/\/0barreras.com\/en\/wp-json\/wp\/v2\/product\/2131","targetHints":{"allow":["GET"]}}],"collection":[{"href":"https:\/\/0barreras.com\/en\/wp-json\/wp\/v2\/product"}],"about":[{"href":"https:\/\/0barreras.com\/en\/wp-json\/wp\/v2\/types\/product"}],"replies":[{"embeddable":true,"href":"https:\/\/0barreras.com\/en\/wp-json\/wp\/v2\/comments?post=2131"}],"version-history":[{"count":0,"href":"https:\/\/0barreras.com\/en\/wp-json\/wp\/v2\/product\/2131\/revisions"}],"wp:featuredmedia":[{"embeddable":true,"href":"https:\/\/0barreras.com\/en\/wp-json\/wp\/v2\/media\/2132"}],"wp:attachment":[{"href":"https:\/\/0barreras.com\/en\/wp-json\/wp\/v2\/media?parent=2131"}],"wp:term":[{"taxonomy":"product_cat","embeddable":true,"href":"https:\/\/0barreras.com\/en\/wp-json\/wp\/v2\/product_cat?post=2131"},{"taxonomy":"product_tag","embeddable":true,"href":"https:\/\/0barreras.com\/en\/wp-json\/wp\/v2\/product_tag?post=2131"}],"curies":[{"name":"wp","href":"https:\/\/api.w.org\/{rel}","templated":true}]}}