{"id":2130,"date":"2024-04-18T10:21:32","date_gmt":"2024-04-18T15:21:32","guid":{"rendered":"https:\/\/0barreras.com\/?post_type=product&#038;p=2130"},"modified":"2024-04-18T10:22:46","modified_gmt":"2024-04-18T15:22:46","slug":"gafas-de-sol-noir-grandes-amarillas-proteccion-total-y-mejora-visual-para-degeneracion-macular","status":"publish","type":"product","link":"https:\/\/0barreras.com\/en\/product\/gafas-de-sol-noir-grandes-amarillas-proteccion-total-y-mejora-visual-para-degeneracion-macular\/","title":{"rendered":"Gafas de Sol NoIR Grandes amarillas: Protecci\u00f3n Total y Mejora Visual para Degeneraci\u00f3n Macular"},"content":{"rendered":"<p>Las gafas de sol NoIR ofrecen un 100 por ciento de protecci\u00f3n ultravioleta, un 87 por ciento de transmisi\u00f3n de luz y un 100 por ciento de protecci\u00f3n contra la luz azul. Aumentan el contraste, presentan el m\u00e1ximo brillo y una buena agudeza visual. Este art\u00edculo cuenta con protectores laterales y se puede usar solo o sobre anteojos recetados. Mide aproximadamente 6.5 pulgadas de ancho. \u00datil para la degeneraci\u00f3n macular.<\/p>","protected":false},"excerpt":{"rendered":"<p>Las gafas de sol NoIR ofrecen un 100 por ciento de protecci\u00f3n ultravioleta, un 87 por ciento de transmisi\u00f3n de luz y un 100 por ciento de protecci\u00f3n contra la luz azul. Aumentan el contraste, presentan el m\u00e1ximo brillo y una buena agudeza visual. Este art\u00edculo cuenta con protectores laterales y se puede usar solo&#8230;<\/p>","protected":false},"featured_media":2114,"comment_status":"open","ping_status":"closed","template":"","meta":[],"product_cat":[18,22,130,131],"product_tag":[],"class_list":["post-2130","product","type-product","status-publish","has-post-thumbnail","hentry","product_cat-baja-vision","product_cat-diversidad-visual","product_cat-gafas-de-sol","product_cat-noir"],"_links":{"self":[{"href":"https:\/\/0barreras.com\/en\/wp-json\/wp\/v2\/product\/2130","targetHints":{"allow":["GET"]}}],"collection":[{"href":"https:\/\/0barreras.com\/en\/wp-json\/wp\/v2\/product"}],"about":[{"href":"https:\/\/0barreras.com\/en\/wp-json\/wp\/v2\/types\/product"}],"replies":[{"embeddable":true,"href":"https:\/\/0barreras.com\/en\/wp-json\/wp\/v2\/comments?post=2130"}],"version-history":[{"count":0,"href":"https:\/\/0barreras.com\/en\/wp-json\/wp\/v2\/product\/2130\/revisions"}],"wp:featuredmedia":[{"embeddable":true,"href":"https:\/\/0barreras.com\/en\/wp-json\/wp\/v2\/media\/2114"}],"wp:attachment":[{"href":"https:\/\/0barreras.com\/en\/wp-json\/wp\/v2\/media?parent=2130"}],"wp:term":[{"taxonomy":"product_cat","embeddable":true,"href":"https:\/\/0barreras.com\/en\/wp-json\/wp\/v2\/product_cat?post=2130"},{"taxonomy":"product_tag","embeddable":true,"href":"https:\/\/0barreras.com\/en\/wp-json\/wp\/v2\/product_tag?post=2130"}],"curies":[{"name":"wp","href":"https:\/\/api.w.org\/{rel}","templated":true}]}}