{"id":2113,"date":"2024-04-17T07:24:07","date_gmt":"2024-04-17T12:24:07","guid":{"rendered":"https:\/\/0barreras.com\/?post_type=product&#038;p=2113"},"modified":"2024-04-18T10:21:27","modified_gmt":"2024-04-18T15:21:27","slug":"gafas-de-sol-con-filtro-de-luz-del-87-color-amarillo-marca-noir","status":"publish","type":"product","link":"https:\/\/0barreras.com\/en\/product\/gafas-de-sol-con-filtro-de-luz-del-87-color-amarillo-marca-noir\/","title":{"rendered":"Gafas de Sol NoIR amarillas: Protecci\u00f3n Total y Mejora Visual para Degeneraci\u00f3n Macular"},"content":{"rendered":"<p>Las gafas de sol NoIR son una opci\u00f3n de protecci\u00f3n visual excepcional, con una garant\u00eda del 100% de protecci\u00f3n ultravioleta y una transmisi\u00f3n de luz del 87%. Adem\u00e1s, ofrecen una protecci\u00f3n total contra la luz azul, lo que las convierte en una opci\u00f3n ideal para mantener la salud ocular. Estas gafas no solo protegen, sino que tambi\u00e9n mejoran la visi\u00f3n al aumentar el contraste, brindar un m\u00e1ximo brillo y una buena agudeza visual. Equipadas con protectores laterales, proporcionan una cobertura completa y pueden usarse solas o sobre anteojos recetados. Con aproximadamente 6.1 pulgadas de ancho, se adaptan c\u00f3modamente a la mayor\u00eda de los rostros. Son especialmente \u00fatiles para personas con degeneraci\u00f3n macular, ofreciendo una soluci\u00f3n efectiva para sus necesidades visuales.<\/p>","protected":false},"excerpt":{"rendered":"<p>Las gafas de sol NoIR ofrecen una protecci\u00f3n completa con un 100% de protecci\u00f3n UV, un 87% de transmisi\u00f3n de luz y una protecci\u00f3n total contra la luz azul.<br \/>\nMejoran la visi\u00f3n aumentando el contraste y la agudeza visual, mientras proporcionan comodidad con protectores laterales. Con un ancho de aproximadamente 6.1 pulgadas, son ideales para personas con degeneraci\u00f3n macular.<\/p>","protected":false},"featured_media":2114,"comment_status":"open","ping_status":"closed","template":"","meta":[],"product_cat":[18,22,130,131],"product_tag":[],"class_list":["post-2113","product","type-product","status-publish","has-post-thumbnail","hentry","product_cat-baja-vision","product_cat-diversidad-visual","product_cat-gafas-de-sol","product_cat-noir"],"_links":{"self":[{"href":"https:\/\/0barreras.com\/en\/wp-json\/wp\/v2\/product\/2113","targetHints":{"allow":["GET"]}}],"collection":[{"href":"https:\/\/0barreras.com\/en\/wp-json\/wp\/v2\/product"}],"about":[{"href":"https:\/\/0barreras.com\/en\/wp-json\/wp\/v2\/types\/product"}],"replies":[{"embeddable":true,"href":"https:\/\/0barreras.com\/en\/wp-json\/wp\/v2\/comments?post=2113"}],"version-history":[{"count":1,"href":"https:\/\/0barreras.com\/en\/wp-json\/wp\/v2\/product\/2113\/revisions"}],"predecessor-version":[{"id":2117,"href":"https:\/\/0barreras.com\/en\/wp-json\/wp\/v2\/product\/2113\/revisions\/2117"}],"wp:featuredmedia":[{"embeddable":true,"href":"https:\/\/0barreras.com\/en\/wp-json\/wp\/v2\/media\/2114"}],"wp:attachment":[{"href":"https:\/\/0barreras.com\/en\/wp-json\/wp\/v2\/media?parent=2113"}],"wp:term":[{"taxonomy":"product_cat","embeddable":true,"href":"https:\/\/0barreras.com\/en\/wp-json\/wp\/v2\/product_cat?post=2113"},{"taxonomy":"product_tag","embeddable":true,"href":"https:\/\/0barreras.com\/en\/wp-json\/wp\/v2\/product_tag?post=2113"}],"curies":[{"name":"wp","href":"https:\/\/api.w.org\/{rel}","templated":true}]}}