{"id":2104,"date":"2024-04-17T07:06:12","date_gmt":"2024-04-17T12:06:12","guid":{"rendered":"https:\/\/0barreras.com\/?post_type=product&#038;p=2104"},"modified":"2024-04-17T12:50:40","modified_gmt":"2024-04-17T17:50:40","slug":"gafas-de-sol-medianas-con-filtro-de-luz-del-48-color-naranja-con-marco-spectrashield-marca-noir","status":"publish","type":"product","link":"https:\/\/0barreras.com\/en\/product\/gafas-de-sol-medianas-con-filtro-de-luz-del-48-color-naranja-con-marco-spectrashield-marca-noir\/","title":{"rendered":"Gafas de Sol NoIR medianas SpectraShield Naranja (Filtro 60): Protecci\u00f3n Completa y Estilo Moderno"},"content":{"rendered":"<p>Las gafas de sol NoIR SpectraShield en color naranja (filtro 60) son una opci\u00f3n excepcional para proteger tus ojos. Con un 100% de protecci\u00f3n ultravioleta, un 48% de transmisi\u00f3n de luz y una protecci\u00f3n completa contra la luz azul, estas gafas ofrecen una cobertura completa. Adem\u00e1s de su funci\u00f3n protectora, aumentan el contraste, presentan el m\u00e1ximo brillo y brindan una buena agudeza visual. El marco SpectraShield est\u00e1 dise\u00f1ado con una repisa en la parte superior para evitar la entrada de sol o luz no deseada, y cuenta con protectores laterales del mismo filtro en el marco. Esta montura NoIR SpectraShield, dise\u00f1ada por expertos, ofrece una protecci\u00f3n completa contra el sol y la iluminaci\u00f3n artificial. Estas gafas de sol son vers\u00e1tiles y pueden usarse solas o sobre gafas graduadas. Disponible en tama\u00f1o mediano, con aproximadamente 6.1 pulgadas de ancho, garantiza un ajuste c\u00f3modo y una experiencia visual \u00f3ptima.<\/p>","protected":false},"excerpt":{"rendered":"<p>Las gafas de sol NoIR SpectraShield naranja (filtro 60) ofrecen protecci\u00f3n completa y estilo moderno. Con un 100% de protecci\u00f3n UV, un 48% de transmisi\u00f3n de luz y protecci\u00f3n contra la luz azul, mejoran el contraste y la agudeza visual. Dise\u00f1adas con una repisa en la parte superior y protectores laterales, pueden usarse solas o sobre gafas graduadas, brindando comodidad y versatilidad.<\/p>","protected":false},"featured_media":2101,"comment_status":"open","ping_status":"closed","template":"","meta":[],"product_cat":[18,22,130,131],"product_tag":[],"class_list":["post-2104","product","type-product","status-publish","has-post-thumbnail","hentry","product_cat-baja-vision","product_cat-diversidad-visual","product_cat-gafas-de-sol","product_cat-noir"],"_links":{"self":[{"href":"https:\/\/0barreras.com\/en\/wp-json\/wp\/v2\/product\/2104","targetHints":{"allow":["GET"]}}],"collection":[{"href":"https:\/\/0barreras.com\/en\/wp-json\/wp\/v2\/product"}],"about":[{"href":"https:\/\/0barreras.com\/en\/wp-json\/wp\/v2\/types\/product"}],"replies":[{"embeddable":true,"href":"https:\/\/0barreras.com\/en\/wp-json\/wp\/v2\/comments?post=2104"}],"version-history":[{"count":1,"href":"https:\/\/0barreras.com\/en\/wp-json\/wp\/v2\/product\/2104\/revisions"}],"predecessor-version":[{"id":2124,"href":"https:\/\/0barreras.com\/en\/wp-json\/wp\/v2\/product\/2104\/revisions\/2124"}],"wp:featuredmedia":[{"embeddable":true,"href":"https:\/\/0barreras.com\/en\/wp-json\/wp\/v2\/media\/2101"}],"wp:attachment":[{"href":"https:\/\/0barreras.com\/en\/wp-json\/wp\/v2\/media?parent=2104"}],"wp:term":[{"taxonomy":"product_cat","embeddable":true,"href":"https:\/\/0barreras.com\/en\/wp-json\/wp\/v2\/product_cat?post=2104"},{"taxonomy":"product_tag","embeddable":true,"href":"https:\/\/0barreras.com\/en\/wp-json\/wp\/v2\/product_tag?post=2104"}],"curies":[{"name":"wp","href":"https:\/\/api.w.org\/{rel}","templated":true}]}}