{"id":2081,"date":"2024-04-17T05:46:50","date_gmt":"2024-04-17T10:46:50","guid":{"rendered":"https:\/\/0barreras.com\/?post_type=product&#038;p=2081"},"modified":"2024-04-17T10:45:53","modified_gmt":"2024-04-17T15:45:53","slug":"gafas-de-sol-para-ninos-con-lente-al-14-rojo","status":"publish","type":"product","link":"https:\/\/0barreras.com\/en\/product\/gafas-de-sol-para-ninos-con-lente-al-14-rojo\/","title":{"rendered":"Gafas para sol Juvenil NoIR: Protecci\u00f3n y Comodidad para J\u00f3venes"},"content":{"rendered":"<p>Experimenta la comodidad y la protecci\u00f3n incomparables con la montura envolvente NoIR en tama\u00f1o juvenil (#KM). Con unas dimensiones de 115 mm x 130 mm x 36 mm (patilla a patilla x longitud x altura de la lente), esta montura est\u00e1 dise\u00f1ada para adaptarse perfectamente a los j\u00f3venes que necesitan una protecci\u00f3n visual superior. Su dise\u00f1o envolvente proporciona una cobertura completa, mientras que el filtro rojo #90 permite la entrada del 14% de luz visible, reduciendo eficazmente la visi\u00f3n borrosa de los tonos azules, verdes y amarillos. Adem\u00e1s, ofrece una protecci\u00f3n del 100% contra los da\u00f1inos rayos ultravioleta.<\/p>\n<p>Nota importante: Esta montura no es compatible con el uso sobre otras gafas.<\/p>","protected":false},"excerpt":{"rendered":"<p>La montura envolvente NoIR en tama\u00f1o juvenil (#KM) ofrece protecci\u00f3n y comodidad incomparables. Con filtro rojo #90 que permite el 14% de luz visible, reduce la visi\u00f3n borrosa y brinda 100% protecci\u00f3n UV.<\/p>","protected":false},"featured_media":2085,"comment_status":"open","ping_status":"closed","template":"","meta":[],"product_cat":[18,22,130,131],"product_tag":[],"class_list":["post-2081","product","type-product","status-publish","has-post-thumbnail","hentry","product_cat-baja-vision","product_cat-diversidad-visual","product_cat-gafas-de-sol","product_cat-noir"],"_links":{"self":[{"href":"https:\/\/0barreras.com\/en\/wp-json\/wp\/v2\/product\/2081","targetHints":{"allow":["GET"]}}],"collection":[{"href":"https:\/\/0barreras.com\/en\/wp-json\/wp\/v2\/product"}],"about":[{"href":"https:\/\/0barreras.com\/en\/wp-json\/wp\/v2\/types\/product"}],"replies":[{"embeddable":true,"href":"https:\/\/0barreras.com\/en\/wp-json\/wp\/v2\/comments?post=2081"}],"version-history":[{"count":1,"href":"https:\/\/0barreras.com\/en\/wp-json\/wp\/v2\/product\/2081\/revisions"}],"predecessor-version":[{"id":2115,"href":"https:\/\/0barreras.com\/en\/wp-json\/wp\/v2\/product\/2081\/revisions\/2115"}],"wp:featuredmedia":[{"embeddable":true,"href":"https:\/\/0barreras.com\/en\/wp-json\/wp\/v2\/media\/2085"}],"wp:attachment":[{"href":"https:\/\/0barreras.com\/en\/wp-json\/wp\/v2\/media?parent=2081"}],"wp:term":[{"taxonomy":"product_cat","embeddable":true,"href":"https:\/\/0barreras.com\/en\/wp-json\/wp\/v2\/product_cat?post=2081"},{"taxonomy":"product_tag","embeddable":true,"href":"https:\/\/0barreras.com\/en\/wp-json\/wp\/v2\/product_tag?post=2081"}],"curies":[{"name":"wp","href":"https:\/\/api.w.org\/{rel}","templated":true}]}}