{"id":2022,"date":"2024-04-14T18:10:42","date_gmt":"2024-04-14T23:10:42","guid":{"rendered":"https:\/\/0barreras.com\/?post_type=product&#038;p=2022"},"modified":"2024-04-14T23:20:05","modified_gmt":"2024-04-15T04:20:05","slug":"control-remoto-flipper","status":"publish","type":"product","link":"https:\/\/0barreras.com\/en\/product\/control-remoto-flipper\/","title":{"rendered":"Flipper: Control Remoto Simplificado para TV y Decodificador"},"content":{"rendered":"<p>Con un dise\u00f1o elegante pero simple, Flipper simplifica el manejo de su televisor y decodificador al eliminar los botones innecesarios y mantener solo los esenciales. Este control remoto puede programarse para hasta 30 canales favoritos y ofrece m\u00faltiples m\u00e9todos de configuraci\u00f3n f\u00e1cil. Ya sea mediante entrada de c\u00f3digo, b\u00fasqueda autom\u00e1tica o modo de aprendizaje, Flipper se adapta a la mayor\u00eda de los televisores y decodificadores, incluidos los de Motorola. Con solo 2 pilas AAA (no incluidas), este control remoto ofrece un funcionamiento intuitivo con un solo toque para encender y apagar tanto el televisor como el decodificador. Su dise\u00f1o elegante y sus botones grandes y simples hacen que sea f\u00e1cil de usar para personas de todas las edades. Adem\u00e1s, cuenta con una funci\u00f3n de canal favorito que le permite acceder r\u00e1pidamente a sus canales preferidos y una opci\u00f3n de bloqueo de configuraci\u00f3n para evitar cambios accidentales. Flipper es la soluci\u00f3n perfecta para simplificar la experiencia de ver televisi\u00f3n, ideal para abuelos y ni\u00f1os.<br \/>\nFunciones destacadas:<br \/>\n\u2022 Dise\u00f1o elegante con botones grandes y simples<br \/>\n\u2022 Programaci\u00f3n para hasta 30 canales favoritos<br \/>\n\u2022 M\u00faltiples m\u00e9todos de configuraci\u00f3n f\u00e1cil<br \/>\n\u2022 Funcionamiento con un solo toque para encender y apagar<br \/>\n\u2022 Funci\u00f3n de canal favorito para acceso r\u00e1pido<br \/>\n\u2022 Opci\u00f3n de bloqueo de configuraci\u00f3n para evitar cambios accidentales.<\/p>","protected":false},"excerpt":{"rendered":"<p>Flipper simplifica el manejo de su televisor y decodificador al eliminar botones innecesarios, ofreciendo programaci\u00f3n para hasta 30 canales favoritos y m\u00faltiples m\u00e9todos de configuraci\u00f3n f\u00e1cil. Funciona con un solo toque y cuenta con funci\u00f3n de canal favorito y bloqueo de configuraci\u00f3n opcional.<\/p>","protected":false},"featured_media":2023,"comment_status":"open","ping_status":"closed","template":"","meta":[],"product_cat":[128,18,22,124],"product_tag":[],"class_list":["post-2022","product","type-product","status-publish","has-post-thumbnail","hentry","product_cat-accesorios-de-television","product_cat-baja-vision","product_cat-diversidad-visual","product_cat-electronica-y-grabadoras-baja-vision"],"_links":{"self":[{"href":"https:\/\/0barreras.com\/en\/wp-json\/wp\/v2\/product\/2022","targetHints":{"allow":["GET"]}}],"collection":[{"href":"https:\/\/0barreras.com\/en\/wp-json\/wp\/v2\/product"}],"about":[{"href":"https:\/\/0barreras.com\/en\/wp-json\/wp\/v2\/types\/product"}],"replies":[{"embeddable":true,"href":"https:\/\/0barreras.com\/en\/wp-json\/wp\/v2\/comments?post=2022"}],"version-history":[{"count":1,"href":"https:\/\/0barreras.com\/en\/wp-json\/wp\/v2\/product\/2022\/revisions"}],"predecessor-version":[{"id":2053,"href":"https:\/\/0barreras.com\/en\/wp-json\/wp\/v2\/product\/2022\/revisions\/2053"}],"wp:featuredmedia":[{"embeddable":true,"href":"https:\/\/0barreras.com\/en\/wp-json\/wp\/v2\/media\/2023"}],"wp:attachment":[{"href":"https:\/\/0barreras.com\/en\/wp-json\/wp\/v2\/media?parent=2022"}],"wp:term":[{"taxonomy":"product_cat","embeddable":true,"href":"https:\/\/0barreras.com\/en\/wp-json\/wp\/v2\/product_cat?post=2022"},{"taxonomy":"product_tag","embeddable":true,"href":"https:\/\/0barreras.com\/en\/wp-json\/wp\/v2\/product_tag?post=2022"}],"curies":[{"name":"wp","href":"https:\/\/api.w.org\/{rel}","templated":true}]}}