{"id":1974,"date":"2024-04-14T16:50:08","date_gmt":"2024-04-14T21:50:08","guid":{"rendered":"https:\/\/0barreras.com\/?post_type=product&#038;p=1974"},"modified":"2024-04-14T21:12:19","modified_gmt":"2024-04-15T02:12:19","slug":"mini-grabadora-digital-wilson","status":"publish","type":"product","link":"https:\/\/0barreras.com\/en\/product\/mini-grabadora-digital-wilson\/","title":{"rendered":"Mini grabadora Wilson Versi\u00f3n 4: Grabadora Digital Compacta para Mensajes R\u00e1pidos"},"content":{"rendered":"<p>La Mini Wilson es una grabadora digital pr\u00e1ctica y sencilla de usar, dise\u00f1ada para facilitar la grabaci\u00f3n de mensajes r\u00e1pidos en cualquier momento y lugar.<br \/>\nCon una capacidad de almacenamiento de hasta 2 horas, es perfecta para capturar notas r\u00e1pidas, como listas de compras, n\u00fameros de tel\u00e9fono o recordatorios importantes. Su dise\u00f1o compacto y delgado la hace f\u00e1cil de llevar en un bolsillo o bolso, asegurando que siempre est\u00e9 disponible cuando la necesite. Con funciones intuitivas, como la capacidad de guardar o eliminar mensajes, y su operaci\u00f3n de 5 botones, que incluyen grabar, ajuste de volumen, reproducci\u00f3n\/detenci\u00f3n, eliminar y comprobar mensaje, la Mini Wilson ofrece una experiencia de usuario sin complicaciones. Adem\u00e1s, cuenta con una bater\u00eda recargable incorporada que se puede cargar f\u00e1cilmente con el cable USB-C incluido. Viene con un estuche que incluye un clip para cintur\u00f3n, brindando a\u00fan m\u00e1s comodidad y portabilidad.<br \/>\nCon su altavoz incorporado, puede escuchar sus mensajes sin necesidad de auriculares. \u00a1Actualice su experiencia de grabaci\u00f3n con la Mini Wilson Versi\u00f3n 4!<\/p>","protected":false},"excerpt":{"rendered":"<p>La Mini Wilson es una grabadora digital compacta y f\u00e1cil de usar, ideal para mensajes r\u00e1pidos. Con capacidad de hasta 2 horas de grabaci\u00f3n, operaci\u00f3n intuitiva de 5 botones y altavoz incorporado. Perfecta para llevar en el bolsillo o bolso.<\/p>","protected":false},"featured_media":1975,"comment_status":"open","ping_status":"closed","template":"","meta":[],"product_cat":[18,22,124,126],"product_tag":[],"class_list":["post-1974","product","type-product","status-publish","has-post-thumbnail","hentry","product_cat-baja-vision","product_cat-diversidad-visual","product_cat-electronica-y-grabadoras-baja-vision","product_cat-grabadoras-digitales-y-de-casete"],"_links":{"self":[{"href":"https:\/\/0barreras.com\/en\/wp-json\/wp\/v2\/product\/1974","targetHints":{"allow":["GET"]}}],"collection":[{"href":"https:\/\/0barreras.com\/en\/wp-json\/wp\/v2\/product"}],"about":[{"href":"https:\/\/0barreras.com\/en\/wp-json\/wp\/v2\/types\/product"}],"replies":[{"embeddable":true,"href":"https:\/\/0barreras.com\/en\/wp-json\/wp\/v2\/comments?post=1974"}],"version-history":[{"count":1,"href":"https:\/\/0barreras.com\/en\/wp-json\/wp\/v2\/product\/1974\/revisions"}],"predecessor-version":[{"id":2036,"href":"https:\/\/0barreras.com\/en\/wp-json\/wp\/v2\/product\/1974\/revisions\/2036"}],"wp:featuredmedia":[{"embeddable":true,"href":"https:\/\/0barreras.com\/en\/wp-json\/wp\/v2\/media\/1975"}],"wp:attachment":[{"href":"https:\/\/0barreras.com\/en\/wp-json\/wp\/v2\/media?parent=1974"}],"wp:term":[{"taxonomy":"product_cat","embeddable":true,"href":"https:\/\/0barreras.com\/en\/wp-json\/wp\/v2\/product_cat?post=1974"},{"taxonomy":"product_tag","embeddable":true,"href":"https:\/\/0barreras.com\/en\/wp-json\/wp\/v2\/product_tag?post=1974"}],"curies":[{"name":"wp","href":"https:\/\/api.w.org\/{rel}","templated":true}]}}