{"id":1951,"date":"2024-04-14T16:33:58","date_gmt":"2024-04-14T21:33:58","guid":{"rendered":"https:\/\/0barreras.com\/?post_type=product&#038;p=1951"},"modified":"2024-04-14T19:51:03","modified_gmt":"2024-04-15T00:51:03","slug":"auriculares-aftershokz-opencomm-con-microfono-boom","status":"publish","type":"product","link":"https:\/\/0barreras.com\/en\/product\/auriculares-aftershokz-opencomm-con-microfono-boom\/","title":{"rendered":"Auriculares Inal\u00e1mbricos de Conducci\u00f3n \u00d3sea Aftershokz OpenComm: Consciencia del Entorno y Calidad de Sonido"},"content":{"rendered":"<p>Los auriculares inal\u00e1mbricos de conducci\u00f3n \u00f3sea Aftershokz ofrecen una experiencia auditiva \u00fanica y segura para personas con discapacidad visual. Al colocarse frente a la oreja, entregan sonido a trav\u00e9s de los p\u00f3mulos al o\u00eddo interno, sin obstruir el conducto auditivo. Esto permite una conciencia total del entorno,haci\u00e9ndolos ideales para entornos laborales y actividades al aire libre. Los auriculares OpenComm incluyen un micr\u00f3fono de brazo con cancelaci\u00f3n de ruido DSP ajustable, perfecto para entornos ruidosos como centros de llamadas. Utilizan carga por inducci\u00f3n magn\u00e9tica, eliminando la necesidad de enchufes peque\u00f1os.<br \/>\nCon 16 horas de tiempo de conversaci\u00f3n o 8 horas de tiempo de escucha con una carga de 1 hora, y 2 horas de tiempo de conversaci\u00f3n despu\u00e9s de una carga r\u00e1pida de 5 minutos, ofrecen una gran autonom\u00eda. Con un marco de titanio envolvente completo y una clasificaci\u00f3n de impermeabilidad IP55, son duraderos y resistentes al agua. Con Bluetooth 5.1, emparejamiento multipunto y NFC, ofrecen una conectividad avanzada. El estuche de transporte r\u00edgido garantiza su protecci\u00f3n mientras est\u00e1n en movimiento. Con un peso de solo 33 gramos (1.2 onzas), son c\u00f3modos para usar durante largos per\u00edodos.<\/p>","protected":false},"excerpt":{"rendered":"<p>Los auriculares inal\u00e1mbricos de conducci\u00f3n \u00f3sea Aftershokz ofrecen una experiencia auditiva segura y consciente del entorno. Con micr\u00f3fono de brazo con cancelaci\u00f3n de ruido DSP, carga por inducci\u00f3n magn\u00e9tica y 16 horas de tiempo de conversaci\u00f3n, son ideales para entornos laborales y actividades al aire libre. Ligeros y resistentes al agua, ofrecen conectividad avanzada y comodidad duradera.<\/p>","protected":false},"featured_media":1952,"comment_status":"open","ping_status":"closed","template":"","meta":[],"product_cat":[18,125,22,124],"product_tag":[],"class_list":["post-1951","product","type-product","status-publish","has-post-thumbnail","hentry","product_cat-baja-vision","product_cat-baterias-y-auriculares","product_cat-diversidad-visual","product_cat-electronica-y-grabadoras-baja-vision"],"_links":{"self":[{"href":"https:\/\/0barreras.com\/en\/wp-json\/wp\/v2\/product\/1951","targetHints":{"allow":["GET"]}}],"collection":[{"href":"https:\/\/0barreras.com\/en\/wp-json\/wp\/v2\/product"}],"about":[{"href":"https:\/\/0barreras.com\/en\/wp-json\/wp\/v2\/types\/product"}],"replies":[{"embeddable":true,"href":"https:\/\/0barreras.com\/en\/wp-json\/wp\/v2\/comments?post=1951"}],"version-history":[{"count":1,"href":"https:\/\/0barreras.com\/en\/wp-json\/wp\/v2\/product\/1951\/revisions"}],"predecessor-version":[{"id":2029,"href":"https:\/\/0barreras.com\/en\/wp-json\/wp\/v2\/product\/1951\/revisions\/2029"}],"wp:featuredmedia":[{"embeddable":true,"href":"https:\/\/0barreras.com\/en\/wp-json\/wp\/v2\/media\/1952"}],"wp:attachment":[{"href":"https:\/\/0barreras.com\/en\/wp-json\/wp\/v2\/media?parent=1951"}],"wp:term":[{"taxonomy":"product_cat","embeddable":true,"href":"https:\/\/0barreras.com\/en\/wp-json\/wp\/v2\/product_cat?post=1951"},{"taxonomy":"product_tag","embeddable":true,"href":"https:\/\/0barreras.com\/en\/wp-json\/wp\/v2\/product_tag?post=1951"}],"curies":[{"name":"wp","href":"https:\/\/api.w.org\/{rel}","templated":true}]}}