{"id":1938,"date":"2024-04-14T06:29:23","date_gmt":"2024-04-14T11:29:23","guid":{"rendered":"https:\/\/0barreras.com\/?post_type=product&#038;p=1938"},"modified":"2024-04-14T19:13:30","modified_gmt":"2024-04-15T00:13:30","slug":"lupa-electronica-portatil-de-43-pulgadas","status":"publish","type":"product","link":"https:\/\/0barreras.com\/en\/product\/lupa-electronica-portatil-de-43-pulgadas\/","title":{"rendered":"Lupa electr\u00f3nica de 4,3&#8243; pulgadas TechSight: Visualizaci\u00f3n Port\u00e1til y Vers\u00e1til para Personas con Discapacidades Visuales"},"content":{"rendered":"<p>Este dispositivo TechSight combina portabilidad con funcionalidad para ofrecer una experiencia de visualizaci\u00f3n \u00f3ptima para personas con discapacidades visuales. Su pantalla LCD de 4,3&#8243; proporciona una amplia \u00e1rea de visualizaci\u00f3n en un formato de bolsillo conveniente. Con un rango de aumento ajustable de 2X a 32X, este dispositivo garantiza una visi\u00f3n clara y detallada. Ofrece 15 combinaciones de colores de alto contraste para adaptarse a las preferencias individuales de los usuarios. Los botones de alto contraste garantizan un funcionamiento f\u00e1cil y sin complicaciones. Adem\u00e1s, su asa bidireccional sirve como soporte o asa para mayor comodidad. Con salida a televisores a trav\u00e9s de un cable AV incluido, este dispositivo ofrece versatilidad en la visualizaci\u00f3n.<br \/>\nCon una duraci\u00f3n de bater\u00eda de 4 horas, es ideal para uso m\u00f3vil y prolongado.<\/p>","protected":false},"excerpt":{"rendered":"<p>El dispositivo TechSight ofrece una experiencia de visualizaci\u00f3n \u00f3ptima con su pantalla LCD de 4,3&#8243;, aumento ajustable de 2X a 32X y 15 combinaciones de colores de alto contraste. Su dise\u00f1o port\u00e1til incluye botones de alto contraste y una asa bidireccional para mayor comodidad. Adem\u00e1s, permite la conexi\u00f3n a televisores y tiene una duraci\u00f3n de bater\u00eda de 4 horas.<\/p>","protected":false},"featured_media":1939,"comment_status":"open","ping_status":"closed","template":"","meta":[],"product_cat":[18,121,22],"product_tag":[],"class_list":["post-1938","product","type-product","status-publish","has-post-thumbnail","hentry","product_cat-baja-vision","product_cat-dispositivos-de-aumento-eletronicos","product_cat-diversidad-visual"],"_links":{"self":[{"href":"https:\/\/0barreras.com\/en\/wp-json\/wp\/v2\/product\/1938","targetHints":{"allow":["GET"]}}],"collection":[{"href":"https:\/\/0barreras.com\/en\/wp-json\/wp\/v2\/product"}],"about":[{"href":"https:\/\/0barreras.com\/en\/wp-json\/wp\/v2\/types\/product"}],"replies":[{"embeddable":true,"href":"https:\/\/0barreras.com\/en\/wp-json\/wp\/v2\/comments?post=1938"}],"version-history":[{"count":1,"href":"https:\/\/0barreras.com\/en\/wp-json\/wp\/v2\/product\/1938\/revisions"}],"predecessor-version":[{"id":2025,"href":"https:\/\/0barreras.com\/en\/wp-json\/wp\/v2\/product\/1938\/revisions\/2025"}],"wp:featuredmedia":[{"embeddable":true,"href":"https:\/\/0barreras.com\/en\/wp-json\/wp\/v2\/media\/1939"}],"wp:attachment":[{"href":"https:\/\/0barreras.com\/en\/wp-json\/wp\/v2\/media?parent=1938"}],"wp:term":[{"taxonomy":"product_cat","embeddable":true,"href":"https:\/\/0barreras.com\/en\/wp-json\/wp\/v2\/product_cat?post=1938"},{"taxonomy":"product_tag","embeddable":true,"href":"https:\/\/0barreras.com\/en\/wp-json\/wp\/v2\/product_tag?post=1938"}],"curies":[{"name":"wp","href":"https:\/\/api.w.org\/{rel}","templated":true}]}}