{"id":1934,"date":"2024-04-14T06:24:02","date_gmt":"2024-04-14T11:24:02","guid":{"rendered":"https:\/\/0barreras.com\/?post_type=product&#038;p=1934"},"modified":"2024-04-14T13:33:45","modified_gmt":"2024-04-14T18:33:45","slug":"lupa-electronica-portatil-de-5-pulgadas-marca-humanware-explore-5","status":"publish","type":"product","link":"https:\/\/0barreras.com\/en\/product\/lupa-electronica-portatil-de-5-pulgadas-marca-humanware-explore-5\/","title":{"rendered":"Lupa electr\u00f3nica port\u00e1til de 5&#8243; pulgadas Humanware Explor\u0113 5: con Ampliaci\u00f3n Ajustable y Funciones Vers\u00e1tiles"},"content":{"rendered":"<p>La serie Explore de HumanWare presenta su l\u00ednea m\u00e1s port\u00e1til de lupas electr\u00f3nicas de mano en alta definici\u00f3n, con modelos que incluyen la Explor\u0113 3, 5 y 7. El Explor\u0113 5, en particular, es un CCTV port\u00e1til ligero que ofrece ampliaciones de 2X a 22X, ideal para ampliar texto peque\u00f1o o im\u00e1genes en cualquier lugar. Esta unidad permite ampliar y enfocar el texto, adem\u00e1s de ajustar el contraste y la mejora del color para una experiencia visual personalizada.<br \/>\nCon un dise\u00f1o liviano y simple, cuenta con un asa retr\u00e1ctil que se puede abrir lateralmente para sostenerla como una lupa tradicional o verticalmente para usarla con las manos libres sobre el material de lectura. Funcionalidades destacadas incluyen el modo de lupa con aumento ajustable con un solo bot\u00f3n, cinco combinaciones de contraste para mayor comodidad visual, la opci\u00f3n de agregar l\u00edneas horizontales o persianas, y la capacidad de congelar im\u00e1genes para ampliarlas. Adem\u00e1s, se puede conectar a un televisor m\u00e1s grande mediante un cable HDMI y exportar im\u00e1genes a una computadora a trav\u00e9s de un cable USB. Con una bater\u00eda recargable que se carga en solo 3,5 horas, el Explor\u0113 5 ofrece hasta 3 horas de uso continuo.<br \/>\nEspecificaciones t\u00e9cnicas:<br \/>\n\u2022 Tama\u00f1o: 3,5&#8243; x 5,5&#8243; x 7\/8&#8243; (89 x 139,4 x 21,3 mm)<br \/>\n\u2022 Pantalla: LCD WVGA (800 x 480) de 5&#8221;<br \/>\n\u2022 Peso: 8,04 onzas (228 g)<br \/>\n\u2022 Entrada de alimentaci\u00f3n: conector micro USB, 5V. Corriente m\u00e1xima 1.5A<br \/>\n\u2022 Duraci\u00f3n de la bater\u00eda: 3 horas<br \/>\n\u2022 Tiempo de carga: 3,5 horas (apagado), 4,75 horas (encendido)<\/p>","protected":false},"excerpt":{"rendered":"<p>El Explor\u0113 5 de HumanWare es una lupa electr\u00f3nica port\u00e1til ligera con ampliaci\u00f3n ajustable de 2X a 22X y funciones de contraste y mejora del color. Su dise\u00f1o simple y manejable permite su uso tanto con una mano como en modo manos libres. Con conectividad HDMI y USB, ofrece una experiencia vers\u00e1til y pr\u00e1ctica para personas con baja visi\u00f3n.<\/p>","protected":false},"featured_media":1935,"comment_status":"open","ping_status":"closed","template":"","meta":[],"product_cat":[18,121,22],"product_tag":[],"class_list":["post-1934","product","type-product","status-publish","has-post-thumbnail","hentry","product_cat-baja-vision","product_cat-dispositivos-de-aumento-eletronicos","product_cat-diversidad-visual"],"_links":{"self":[{"href":"https:\/\/0barreras.com\/en\/wp-json\/wp\/v2\/product\/1934","targetHints":{"allow":["GET"]}}],"collection":[{"href":"https:\/\/0barreras.com\/en\/wp-json\/wp\/v2\/product"}],"about":[{"href":"https:\/\/0barreras.com\/en\/wp-json\/wp\/v2\/types\/product"}],"replies":[{"embeddable":true,"href":"https:\/\/0barreras.com\/en\/wp-json\/wp\/v2\/comments?post=1934"}],"version-history":[{"count":1,"href":"https:\/\/0barreras.com\/en\/wp-json\/wp\/v2\/product\/1934\/revisions"}],"predecessor-version":[{"id":1943,"href":"https:\/\/0barreras.com\/en\/wp-json\/wp\/v2\/product\/1934\/revisions\/1943"}],"wp:featuredmedia":[{"embeddable":true,"href":"https:\/\/0barreras.com\/en\/wp-json\/wp\/v2\/media\/1935"}],"wp:attachment":[{"href":"https:\/\/0barreras.com\/en\/wp-json\/wp\/v2\/media?parent=1934"}],"wp:term":[{"taxonomy":"product_cat","embeddable":true,"href":"https:\/\/0barreras.com\/en\/wp-json\/wp\/v2\/product_cat?post=1934"},{"taxonomy":"product_tag","embeddable":true,"href":"https:\/\/0barreras.com\/en\/wp-json\/wp\/v2\/product_tag?post=1934"}],"curies":[{"name":"wp","href":"https:\/\/api.w.org\/{rel}","templated":true}]}}