{"id":1930,"date":"2024-04-14T06:12:56","date_gmt":"2024-04-14T11:12:56","guid":{"rendered":"https:\/\/0barreras.com\/?post_type=product&#038;p=1930"},"modified":"2024-04-14T12:33:26","modified_gmt":"2024-04-14T17:33:26","slug":"lupa-electronica-portatil-de-5-pulgadas-marca-manotouch-reinecker","status":"publish","type":"product","link":"https:\/\/0barreras.com\/en\/product\/lupa-electronica-portatil-de-5-pulgadas-marca-manotouch-reinecker\/","title":{"rendered":"Lupa electr\u00f3nica port\u00e1til de Video:  MANOtouch Reinecker:  de 5&#8243; pulgadas &#8211; Ampliaci\u00f3n y Accesibilidad Directo a tu Pantalla"},"content":{"rendered":"<p>Experimenta la conveniencia y la accesibilidad con nuestra lupa de video, una soluci\u00f3n asequible y f\u00e1cil de usar para personas con discapacidad visual.<br \/>\nConecta esta lupa directamente a tu propio televisor o monitor de computadora mediante un cable, y disfruta de la ampliaci\u00f3n de im\u00e1genes con solo girar la lupa sobre la superficie deseada. Su funcionamiento como un mouse de computadora facilita a\u00fan m\u00e1s su uso, permiti\u00e9ndote moverte de manera constante y recta con las ruedas giratorias en la parte inferior. Adem\u00e1s, ofrece varios modos de lectura, incluyendo a todo color, negro sobre blanco y blanco sobre negro, para adaptarse a tus preferencias visuales. Con un aumento en el monitor de hasta 20X y 70X digitalmente, esta lupa de video proporciona una ampliaci\u00f3n precisa y detallada. Adem\u00e1s, incluye una bolsa de transporte, adaptador de corriente y gu\u00eda del usuario para una experiencia completa y sin complicaciones.<\/p>","protected":false},"excerpt":{"rendered":"<p>Nuestra lupa de video ofrece una soluci\u00f3n asequible y f\u00e1cil de usar para personas con discapacidad visual. Con\u00e9ctala a tu propio televisor o monitor de computadora y disfruta de la ampliaci\u00f3n de im\u00e1genes con facilidad. Su funcionamiento como mouse de computadora simplifica su uso, mientras que los modos de lectura y el aumento de hasta 70X digitalmente garantizan una experiencia personalizada.<\/p>","protected":false},"featured_media":1931,"comment_status":"open","ping_status":"closed","template":"","meta":[],"product_cat":[18,121,22,122],"product_tag":[],"class_list":["post-1930","product","type-product","status-publish","has-post-thumbnail","hentry","product_cat-baja-vision","product_cat-dispositivos-de-aumento-eletronicos","product_cat-diversidad-visual","product_cat-reinecker"],"_links":{"self":[{"href":"https:\/\/0barreras.com\/en\/wp-json\/wp\/v2\/product\/1930","targetHints":{"allow":["GET"]}}],"collection":[{"href":"https:\/\/0barreras.com\/en\/wp-json\/wp\/v2\/product"}],"about":[{"href":"https:\/\/0barreras.com\/en\/wp-json\/wp\/v2\/types\/product"}],"replies":[{"embeddable":true,"href":"https:\/\/0barreras.com\/en\/wp-json\/wp\/v2\/comments?post=1930"}],"version-history":[{"count":1,"href":"https:\/\/0barreras.com\/en\/wp-json\/wp\/v2\/product\/1930\/revisions"}],"predecessor-version":[{"id":1941,"href":"https:\/\/0barreras.com\/en\/wp-json\/wp\/v2\/product\/1930\/revisions\/1941"}],"wp:featuredmedia":[{"embeddable":true,"href":"https:\/\/0barreras.com\/en\/wp-json\/wp\/v2\/media\/1931"}],"wp:attachment":[{"href":"https:\/\/0barreras.com\/en\/wp-json\/wp\/v2\/media?parent=1930"}],"wp:term":[{"taxonomy":"product_cat","embeddable":true,"href":"https:\/\/0barreras.com\/en\/wp-json\/wp\/v2\/product_cat?post=1930"},{"taxonomy":"product_tag","embeddable":true,"href":"https:\/\/0barreras.com\/en\/wp-json\/wp\/v2\/product_tag?post=1930"}],"curies":[{"name":"wp","href":"https:\/\/api.w.org\/{rel}","templated":true}]}}