{"id":1903,"date":"2024-04-13T16:25:55","date_gmt":"2024-04-13T21:25:55","guid":{"rendered":"https:\/\/0barreras.com\/?post_type=product&#038;p=1903"},"modified":"2024-04-14T00:03:48","modified_gmt":"2024-04-14T05:03:48","slug":"soporte-para-la-lupa-de-color-digital-max","status":"publish","type":"product","link":"https:\/\/0barreras.com\/en\/product\/soporte-para-la-lupa-de-color-digital-max\/","title":{"rendered":"Marco Pr\u00e1ctico para Max: Mejora la Experiencia de Lectura y Escritura"},"content":{"rendered":"<p>El pr\u00e1ctico marco para el Max permite ampliar la escritura dirigiendo la c\u00e1mara directamente sobre el \u00e1rea deseada. Este accesorio sostiene el Max en un \u00e1ngulo conveniente para facilitar su uso al escribir. Compatible para usuarios zurdos como diestros, este marco est\u00e1 dise\u00f1ado para mejorar la experiencia de lectura y escritura.<\/p>","protected":false},"excerpt":{"rendered":"<p>El marco para el Max facilita la lectura y escritura al dirigir la c\u00e1mara directamente sobre el \u00e1rea deseada. Compatible con usuarios zurdos y diestros, mejora la experiencia de uso del Max.<\/p>","protected":false},"featured_media":1904,"comment_status":"open","ping_status":"closed","template":"","meta":[],"product_cat":[18,121,22],"product_tag":[],"class_list":["post-1903","product","type-product","status-publish","has-post-thumbnail","hentry","product_cat-baja-vision","product_cat-dispositivos-de-aumento-eletronicos","product_cat-diversidad-visual"],"_links":{"self":[{"href":"https:\/\/0barreras.com\/en\/wp-json\/wp\/v2\/product\/1903","targetHints":{"allow":["GET"]}}],"collection":[{"href":"https:\/\/0barreras.com\/en\/wp-json\/wp\/v2\/product"}],"about":[{"href":"https:\/\/0barreras.com\/en\/wp-json\/wp\/v2\/types\/product"}],"replies":[{"embeddable":true,"href":"https:\/\/0barreras.com\/en\/wp-json\/wp\/v2\/comments?post=1903"}],"version-history":[{"count":1,"href":"https:\/\/0barreras.com\/en\/wp-json\/wp\/v2\/product\/1903\/revisions"}],"predecessor-version":[{"id":1927,"href":"https:\/\/0barreras.com\/en\/wp-json\/wp\/v2\/product\/1903\/revisions\/1927"}],"wp:featuredmedia":[{"embeddable":true,"href":"https:\/\/0barreras.com\/en\/wp-json\/wp\/v2\/media\/1904"}],"wp:attachment":[{"href":"https:\/\/0barreras.com\/en\/wp-json\/wp\/v2\/media?parent=1903"}],"wp:term":[{"taxonomy":"product_cat","embeddable":true,"href":"https:\/\/0barreras.com\/en\/wp-json\/wp\/v2\/product_cat?post=1903"},{"taxonomy":"product_tag","embeddable":true,"href":"https:\/\/0barreras.com\/en\/wp-json\/wp\/v2\/product_tag?post=1903"}],"curies":[{"name":"wp","href":"https:\/\/api.w.org\/{rel}","templated":true}]}}