{"id":1881,"date":"2024-04-13T16:07:18","date_gmt":"2024-04-13T21:07:18","guid":{"rendered":"https:\/\/0barreras.com\/?post_type=product&#038;p=1881"},"modified":"2024-04-13T23:24:34","modified_gmt":"2024-04-14T04:24:34","slug":"lupa-de-video-portatil-de-4-3-pulgadas-marca-luna-s","status":"publish","type":"product","link":"https:\/\/0barreras.com\/en\/product\/lupa-de-video-portatil-de-4-3-pulgadas-marca-luna-s\/","title":{"rendered":"Lupa de video port\u00e1til de 4.3&#8243; pulgadas &#8211; Luna S: Portabilidad y Versatilidad en una Lupa Electr\u00f3nica Compacta"},"content":{"rendered":"<p>La lupa electr\u00f3nica Luna S es una excelente opci\u00f3n para la portabilidad con su pantalla TFT de 4,3&#8243; y su rango de aumento de 2X a 19X. Su dise\u00f1o compacto y peso ligero la hacen f\u00e1cil de llevar en un bolsillo o bolso, lo que la convierte en una herramienta conveniente para la lectura en movimiento. Con la capacidad de mostrar im\u00e1genes a todo color o elegir entre 10 modos de alto contraste, ofrece una experiencia de lectura personalizable para adaptarse a diversas necesidades visuales. Las caracter\u00edsticas adicionales como el control por voz, el modo de linterna y la radio FM a\u00f1aden versatilidad y comodidad. Con un peso de 7 onzas y dimensiones de 6.3&#8243; x 3.15&#8243; x 0.94&#8243;, es compacta y f\u00e1cil de manejar. Almacena una imagen de fotograma congelado y ofrece una duraci\u00f3n de bater\u00eda de 3 horas despu\u00e9s de una carga de 4 horas.<\/p>","protected":false},"excerpt":{"rendered":"<p>Lupa electr\u00f3nica port\u00e1til Luna S con pantalla TFT de 4,3&#8243;. Aumento de 2X a 19X, 10 modos de color y control por voz. Compacta y ligera, con funci\u00f3n de linterna y radio FM. Duraci\u00f3n de bater\u00eda de 3 horas.<\/p>","protected":false},"featured_media":1882,"comment_status":"open","ping_status":"closed","template":"","meta":[],"product_cat":[18,121,22],"product_tag":[],"class_list":["post-1881","product","type-product","status-publish","has-post-thumbnail","hentry","product_cat-baja-vision","product_cat-dispositivos-de-aumento-eletronicos","product_cat-diversidad-visual"],"_links":{"self":[{"href":"https:\/\/0barreras.com\/en\/wp-json\/wp\/v2\/product\/1881","targetHints":{"allow":["GET"]}}],"collection":[{"href":"https:\/\/0barreras.com\/en\/wp-json\/wp\/v2\/product"}],"about":[{"href":"https:\/\/0barreras.com\/en\/wp-json\/wp\/v2\/types\/product"}],"replies":[{"embeddable":true,"href":"https:\/\/0barreras.com\/en\/wp-json\/wp\/v2\/comments?post=1881"}],"version-history":[{"count":1,"href":"https:\/\/0barreras.com\/en\/wp-json\/wp\/v2\/product\/1881\/revisions"}],"predecessor-version":[{"id":1921,"href":"https:\/\/0barreras.com\/en\/wp-json\/wp\/v2\/product\/1881\/revisions\/1921"}],"wp:featuredmedia":[{"embeddable":true,"href":"https:\/\/0barreras.com\/en\/wp-json\/wp\/v2\/media\/1882"}],"wp:attachment":[{"href":"https:\/\/0barreras.com\/en\/wp-json\/wp\/v2\/media?parent=1881"}],"wp:term":[{"taxonomy":"product_cat","embeddable":true,"href":"https:\/\/0barreras.com\/en\/wp-json\/wp\/v2\/product_cat?post=1881"},{"taxonomy":"product_tag","embeddable":true,"href":"https:\/\/0barreras.com\/en\/wp-json\/wp\/v2\/product_tag?post=1881"}],"curies":[{"name":"wp","href":"https:\/\/api.w.org\/{rel}","templated":true}]}}