{"id":1866,"date":"2024-04-13T15:53:32","date_gmt":"2024-04-13T20:53:32","guid":{"rendered":"https:\/\/0barreras.com\/?post_type=product&#038;p=1866"},"modified":"2024-04-13T23:05:19","modified_gmt":"2024-04-14T04:05:19","slug":"lupa-electronica-portatil-de-7-pulgadas-con-zoom-de-muy-buena-calidad","status":"publish","type":"product","link":"https:\/\/0barreras.com\/en\/product\/lupa-electronica-portatil-de-7-pulgadas-con-zoom-de-muy-buena-calidad\/","title":{"rendered":"Lupa electr\u00f3nica Port\u00e1til HD de 7&#8243;: pulgadas con zoom de muy buena calidad: Visualizaci\u00f3n Vers\u00e1til y Funcionalidad Avanzada"},"content":{"rendered":"<p>La lupa electr\u00f3nica port\u00e1til HD de 7&#8243; ofrece una visualizaci\u00f3n de alta calidad tanto de cerca como de lejos gracias a sus c\u00e1maras duales de 8 megap\u00edxeles.<br \/>\nEn el modo de primer plano, proporciona un aumento de 2X-32X con una amplia \u00e1rea de visualizaci\u00f3n y resoluci\u00f3n de alta calidad. Para la visualizaci\u00f3n a distancia, es ideal para objetos como letreros de calles y estantes de supermercados, con un alcance de hasta 16 pies, lo que la hace muy \u00fatil cuando est\u00e1s fuera de casa. Incorpora una l\u00ednea de lectura para un seguimiento m\u00e1s f\u00e1cil y un fotograma congelado de imagen que puede almacenar hasta 100 im\u00e1genes utilizando la memoria interna, ampliable con una tarjeta SD de hasta 32 GB. La funci\u00f3n de notas de voz permite agregar comentarios verbales a las im\u00e1genes. Para la carga, utiliza un enchufe USB-C reversible. Adem\u00e1s, cuenta con salida de TV con HDMI o AV y una duraci\u00f3n de bater\u00eda de 4 horas.<\/p>","protected":false},"excerpt":{"rendered":"<p>Lupa electr\u00f3nica port\u00e1til HD de 7&#8243; con c\u00e1maras duales de 8 megap\u00edxeles. Aumento de 2X-32X, visualizaci\u00f3n de cerca y de lejos. L\u00ednea de lectura, fotograma congelado de imagen y funci\u00f3n de notas de voz. Salida de TV y USB-C para carga. Duraci\u00f3n de bater\u00eda de 4 horas.<\/p>","protected":false},"featured_media":1872,"comment_status":"open","ping_status":"closed","template":"","meta":[],"product_cat":[18,121,22],"product_tag":[],"class_list":["post-1866","product","type-product","status-publish","has-post-thumbnail","hentry","product_cat-baja-vision","product_cat-dispositivos-de-aumento-eletronicos","product_cat-diversidad-visual"],"_links":{"self":[{"href":"https:\/\/0barreras.com\/en\/wp-json\/wp\/v2\/product\/1866","targetHints":{"allow":["GET"]}}],"collection":[{"href":"https:\/\/0barreras.com\/en\/wp-json\/wp\/v2\/product"}],"about":[{"href":"https:\/\/0barreras.com\/en\/wp-json\/wp\/v2\/types\/product"}],"replies":[{"embeddable":true,"href":"https:\/\/0barreras.com\/en\/wp-json\/wp\/v2\/comments?post=1866"}],"version-history":[{"count":1,"href":"https:\/\/0barreras.com\/en\/wp-json\/wp\/v2\/product\/1866\/revisions"}],"predecessor-version":[{"id":1918,"href":"https:\/\/0barreras.com\/en\/wp-json\/wp\/v2\/product\/1866\/revisions\/1918"}],"wp:featuredmedia":[{"embeddable":true,"href":"https:\/\/0barreras.com\/en\/wp-json\/wp\/v2\/media\/1872"}],"wp:attachment":[{"href":"https:\/\/0barreras.com\/en\/wp-json\/wp\/v2\/media?parent=1866"}],"wp:term":[{"taxonomy":"product_cat","embeddable":true,"href":"https:\/\/0barreras.com\/en\/wp-json\/wp\/v2\/product_cat?post=1866"},{"taxonomy":"product_tag","embeddable":true,"href":"https:\/\/0barreras.com\/en\/wp-json\/wp\/v2\/product_tag?post=1866"}],"curies":[{"name":"wp","href":"https:\/\/api.w.org\/{rel}","templated":true}]}}