{"id":1837,"date":"2024-04-13T08:03:29","date_gmt":"2024-04-13T13:03:29","guid":{"rendered":"https:\/\/0barreras.com\/?post_type=product&#038;p=1837"},"modified":"2024-05-13T04:44:56","modified_gmt":"2024-05-13T09:44:56","slug":"camara-con-lupa-electronica-marca-mezzo-2k-reinecker","status":"publish","type":"product","link":"https:\/\/0barreras.com\/en\/product\/camara-con-lupa-electronica-marca-mezzo-2k-reinecker\/","title":{"rendered":"C\u00e1mara con Lupa Electr\u00f3nica de Mezzo 2K Reinecker Port\u00e1til y Potente para Necesidades de Aumento en Movimiento"},"content":{"rendered":"<p>La lupa electr\u00f3nica Mezzo 2K de Reinecker es la soluci\u00f3n perfecta para estudiantes y profesionales que necesitan aumento electr\u00f3nico mientras est\u00e1n en movimiento. Con portabilidad de bater\u00eda y capacidades de visi\u00f3n de cerca y de lejos, ofrece una alta calidad en sus funciones. La c\u00e1mara combinada de lectura\/distancia 2K cuenta con la resoluci\u00f3n m\u00e1s alta de hasta 2048 x 1152 p\u00edxeles, permitiendo un aumento de distancia de 22x sin p\u00e9rdidas y un aumento de primer plano de 1.9X a 53X. La funci\u00f3n de inclinaci\u00f3n de la c\u00e1mara facilita el cambio entre los modos de distancia y lectura, con ajustes de ampliaci\u00f3n guardados por separado para cada modo y cambio autom\u00e1tico entre ellos. La pantalla LED de 16&#8243; proporciona una visualizaci\u00f3n de tama\u00f1o de escritorio completo y se puede plegar para facilitar el transporte entre habitaciones. Con una duraci\u00f3n de bater\u00eda de 5 horas despu\u00e9s de una carga de 5 horas, brinda una autonom\u00eda fiable.<br \/>\nAdem\u00e1s, se puede complementar con una mesa XY opcional y un estuche de transporte para mayor comodidad.<br \/>\nCaracter\u00edsticas t\u00e9cnicas:<br \/>\n\u2022 Pantalla plana LED de 16&#8243; con resoluci\u00f3n de 1920&#215;1080 p\u00edxeles<br \/>\n\u2022 C\u00e1mara 2X para lectura y visualizaci\u00f3n a distancia, 2048&#215;1152 p\u00edxeles<br \/>\n\u2022 Aumento de 1,9X a 53X en modo de lectura; Aumento de distancia de hasta 22X<br \/>\n\u2022 Bater\u00eda recargable de iones de litio; Hasta 5 horas de funcionamiento con una carga de 5 horas<br \/>\n\u2022 Dimensiones desplegadas: 15&#8243; x 18.5&#8243; x 20.5&#8243; \/ 38 x 47 x 52 cm<br \/>\n\u2022 Dimensiones plegadas: 15&#8243; x 7.5&#8243; x 20.5&#8243; \/ 38 x 19 x 52 cm<br \/>\n\u2022 Peso: 13 libras<\/p>","protected":false},"excerpt":{"rendered":"<p>La lupa electr\u00f3nica Mezzo 2K de Reinecker ofrece portabilidad con visi\u00f3n de cerca y de lejos para estudiantes y profesionales. Con una c\u00e1mara de alta resoluci\u00f3n de 2048 x 1152 p\u00edxeles, proporciona un aumento de hasta 53X en modo de lectura y 22X en modo de distancia. La pantalla LED de 16&#8243; ofrece una visualizaci\u00f3n completa, mientras que la bater\u00eda recargable ofrece hasta 5 horas de uso. Compacta y f\u00e1cil de transportar, con opciones adicionales como mesa XY y estuche de transporte.<\/p>","protected":false},"featured_media":1839,"comment_status":"open","ping_status":"closed","template":"","meta":[],"product_cat":[18,121,22,129,161,122],"product_tag":[],"class_list":["post-1837","product","type-product","status-publish","has-post-thumbnail","hentry","product_cat-baja-vision","product_cat-dispositivos-de-aumento-eletronicos","product_cat-diversidad-visual","product_cat-juegos-y-educacion","product_cat-productos-educativos","product_cat-reinecker"],"_links":{"self":[{"href":"https:\/\/0barreras.com\/en\/wp-json\/wp\/v2\/product\/1837","targetHints":{"allow":["GET"]}}],"collection":[{"href":"https:\/\/0barreras.com\/en\/wp-json\/wp\/v2\/product"}],"about":[{"href":"https:\/\/0barreras.com\/en\/wp-json\/wp\/v2\/types\/product"}],"replies":[{"embeddable":true,"href":"https:\/\/0barreras.com\/en\/wp-json\/wp\/v2\/comments?post=1837"}],"version-history":[{"count":1,"href":"https:\/\/0barreras.com\/en\/wp-json\/wp\/v2\/product\/1837\/revisions"}],"predecessor-version":[{"id":1915,"href":"https:\/\/0barreras.com\/en\/wp-json\/wp\/v2\/product\/1837\/revisions\/1915"}],"wp:featuredmedia":[{"embeddable":true,"href":"https:\/\/0barreras.com\/en\/wp-json\/wp\/v2\/media\/1839"}],"wp:attachment":[{"href":"https:\/\/0barreras.com\/en\/wp-json\/wp\/v2\/media?parent=1837"}],"wp:term":[{"taxonomy":"product_cat","embeddable":true,"href":"https:\/\/0barreras.com\/en\/wp-json\/wp\/v2\/product_cat?post=1837"},{"taxonomy":"product_tag","embeddable":true,"href":"https:\/\/0barreras.com\/en\/wp-json\/wp\/v2\/product_tag?post=1837"}],"curies":[{"name":"wp","href":"https:\/\/api.w.org\/{rel}","templated":true}]}}