{"id":1825,"date":"2024-04-13T07:48:31","date_gmt":"2024-04-13T12:48:31","guid":{"rendered":"https:\/\/0barreras.com\/?post_type=product&#038;p=1825"},"modified":"2024-04-13T21:52:52","modified_gmt":"2024-04-14T02:52:52","slug":"papel-braille-mediano-8-5-x-11-paquete-de-100-hojas-perforadoras-80-libras","status":"publish","type":"product","link":"https:\/\/0barreras.com\/en\/product\/papel-braille-mediano-8-5-x-11-paquete-de-100-hojas-perforadoras-80-libras\/","title":{"rendered":"Papel Braille Liviano: 8.5 x 11 pulgadas, perforado con 3 orificios. Paquete de 100 hojas, peso de 80 libras: Versatilidad y Calidad en Cada Hoja"},"content":{"rendered":"<p>El papel Braille liviano ofrece una opci\u00f3n vers\u00e1til y f\u00e1cil de usar para la impresi\u00f3n en Braille. Con dimensiones est\u00e1ndar de 8.5 x 11 pulgadas y perforado con 3 orificios, este papel se adapta a diversos sistemas de archivo y organizaci\u00f3n. Cada paquete contiene 100 hojas, lo que proporciona un suministro adecuado para proyectos de diferentes tama\u00f1os. Con un peso de 80 libras, este papel es lo suficientemente resistente como para garantizar una calidad de impresi\u00f3n \u00f3ptima, al tiempo que ofrece la flexibilidad necesaria para la manipulaci\u00f3n y el transporte.<\/p>","protected":false},"excerpt":{"rendered":"<p>Papel Braille liviano, 8.5 x 11 pulgadas, perforado con 3 orificios. Paquete de 100 hojas, peso de 80 libras.<\/p>","protected":false},"featured_media":1824,"comment_status":"open","ping_status":"closed","template":"","meta":[],"product_cat":[18,112,22,120],"product_tag":[],"class_list":["post-1825","product","type-product","status-publish","has-post-thumbnail","hentry","product_cat-baja-vision","product_cat-braille","product_cat-diversidad-visual","product_cat-papel-braille"],"_links":{"self":[{"href":"https:\/\/0barreras.com\/en\/wp-json\/wp\/v2\/product\/1825","targetHints":{"allow":["GET"]}}],"collection":[{"href":"https:\/\/0barreras.com\/en\/wp-json\/wp\/v2\/product"}],"about":[{"href":"https:\/\/0barreras.com\/en\/wp-json\/wp\/v2\/types\/product"}],"replies":[{"embeddable":true,"href":"https:\/\/0barreras.com\/en\/wp-json\/wp\/v2\/comments?post=1825"}],"version-history":[{"count":1,"href":"https:\/\/0barreras.com\/en\/wp-json\/wp\/v2\/product\/1825\/revisions"}],"predecessor-version":[{"id":1909,"href":"https:\/\/0barreras.com\/en\/wp-json\/wp\/v2\/product\/1825\/revisions\/1909"}],"wp:featuredmedia":[{"embeddable":true,"href":"https:\/\/0barreras.com\/en\/wp-json\/wp\/v2\/media\/1824"}],"wp:attachment":[{"href":"https:\/\/0barreras.com\/en\/wp-json\/wp\/v2\/media?parent=1825"}],"wp:term":[{"taxonomy":"product_cat","embeddable":true,"href":"https:\/\/0barreras.com\/en\/wp-json\/wp\/v2\/product_cat?post=1825"},{"taxonomy":"product_tag","embeddable":true,"href":"https:\/\/0barreras.com\/en\/wp-json\/wp\/v2\/product_tag?post=1825"}],"curies":[{"name":"wp","href":"https:\/\/api.w.org\/{rel}","templated":true}]}}