{"id":1781,"date":"2024-04-13T07:12:43","date_gmt":"2024-04-13T12:12:43","guid":{"rendered":"https:\/\/0barreras.com\/?post_type=product&#038;p=1781"},"modified":"2024-04-13T15:24:27","modified_gmt":"2024-04-13T20:24:27","slug":"pintura-3d-de-textura-juego-de-6-colores","status":"publish","type":"product","link":"https:\/\/0barreras.com\/en\/product\/pintura-3d-de-textura-juego-de-6-colores\/","title":{"rendered":"Pintura Texturizada para Crear Se\u00f1ales T\u00e1ctiles, Pack de 6 Colores"},"content":{"rendered":"<p>Experimenta la innovaci\u00f3n con nuestra pintura texturizada que se expande al secarse, creando l\u00edneas y puntos t\u00e1ctiles en cualquier superficie. Exprime tu creatividad y marca t\u00e1ctil en casi cualquier cosa que puedas imaginar, desde tarjetas hasta etiquetas de botellas. Adem\u00e1s, su f\u00f3rmula \u00fanica permite lavarlo en la lavadora sin perder su textura, garantizando una durabilidad excepcional. Este pack de 6 colores, que incluye negro, azul, naranja, rojo, blanco y amarillo, te ofrece una gama completa para dar vida a tus ideas t\u00e1ctiles. Descubre una nueva forma de comunicaci\u00f3n y accesibilidad con nuestra pintura texturizada expandible.<\/p>","protected":false},"excerpt":{"rendered":"<p>La pintura texturizada expandible permite crear marcas t\u00e1ctiles en cualquier superficie, desde tarjetas hasta etiquetas, con una durabilidad excepcional.<br \/>\nEl pack de 6 colores ofrece una gama completa para expresar tu creatividad t\u00e1ctil.<\/p>","protected":false},"featured_media":1782,"comment_status":"open","ping_status":"closed","template":"","meta":[],"product_cat":[18,112,22,119],"product_tag":[],"class_list":["post-1781","product","type-product","status-publish","has-post-thumbnail","hentry","product_cat-baja-vision","product_cat-braille","product_cat-diversidad-visual","product_cat-etiquetadoras-y-productos-de-marcado"],"_links":{"self":[{"href":"https:\/\/0barreras.com\/en\/wp-json\/wp\/v2\/product\/1781","targetHints":{"allow":["GET"]}}],"collection":[{"href":"https:\/\/0barreras.com\/en\/wp-json\/wp\/v2\/product"}],"about":[{"href":"https:\/\/0barreras.com\/en\/wp-json\/wp\/v2\/types\/product"}],"replies":[{"embeddable":true,"href":"https:\/\/0barreras.com\/en\/wp-json\/wp\/v2\/comments?post=1781"}],"version-history":[{"count":1,"href":"https:\/\/0barreras.com\/en\/wp-json\/wp\/v2\/product\/1781\/revisions"}],"predecessor-version":[{"id":1858,"href":"https:\/\/0barreras.com\/en\/wp-json\/wp\/v2\/product\/1781\/revisions\/1858"}],"wp:featuredmedia":[{"embeddable":true,"href":"https:\/\/0barreras.com\/en\/wp-json\/wp\/v2\/media\/1782"}],"wp:attachment":[{"href":"https:\/\/0barreras.com\/en\/wp-json\/wp\/v2\/media?parent=1781"}],"wp:term":[{"taxonomy":"product_cat","embeddable":true,"href":"https:\/\/0barreras.com\/en\/wp-json\/wp\/v2\/product_cat?post=1781"},{"taxonomy":"product_tag","embeddable":true,"href":"https:\/\/0barreras.com\/en\/wp-json\/wp\/v2\/product_tag?post=1781"}],"curies":[{"name":"wp","href":"https:\/\/api.w.org\/{rel}","templated":true}]}}