{"id":1775,"date":"2024-04-13T07:05:21","date_gmt":"2024-04-13T12:05:21","guid":{"rendered":"https:\/\/0barreras.com\/?post_type=product&#038;p=1775"},"modified":"2024-04-13T13:30:58","modified_gmt":"2024-04-13T18:30:58","slug":"hojas-adhesivas-braillables","status":"publish","type":"product","link":"https:\/\/0barreras.com\/en\/product\/hojas-adhesivas-braillables\/","title":{"rendered":"L\u00e1minas Adhesivas Transparentes de 8.5&#8243; x 11&#8243; &#8211; Paquete de 4 Hojas &#8211; Creatividad sin L\u00edmites"},"content":{"rendered":"<p>\u00a1Haz realidad tus proyectos creativos con nuestras l\u00e1minas adhesivas transparentes de 8.5&#8243; x 11&#8243;! Estas l\u00e1minas son perfectas para pegar o recortar de forma indefinida, brind\u00e1ndote la libertad de crear sin l\u00edmites. Con un paquete de 4 hojas, tendr\u00e1s suficiente material para m\u00faltiples proyectos. Ya sea que est\u00e9s haciendo manualidades, decorando o simplemente organizando tu espacio, estas l\u00e1minas adhesivas transparentes te ofrecen la versatilidad y la calidad que necesitas. \u00a1Atr\u00e9vete a imaginar y crear con nuestras l\u00e1minas adhesivas!<\/p>","protected":false},"excerpt":{"rendered":"<p>L\u00e1minas adhesivas transparentes de 8.5&#8243; x 11&#8243;: Paquete de 4 hojas para pegar o recortar indefinidamente.<\/p>","protected":false},"featured_media":1776,"comment_status":"open","ping_status":"closed","template":"","meta":[],"product_cat":[18,112,22,119],"product_tag":[],"class_list":["post-1775","product","type-product","status-publish","has-post-thumbnail","hentry","product_cat-baja-vision","product_cat-braille","product_cat-diversidad-visual","product_cat-etiquetadoras-y-productos-de-marcado"],"_links":{"self":[{"href":"https:\/\/0barreras.com\/en\/wp-json\/wp\/v2\/product\/1775","targetHints":{"allow":["GET"]}}],"collection":[{"href":"https:\/\/0barreras.com\/en\/wp-json\/wp\/v2\/product"}],"about":[{"href":"https:\/\/0barreras.com\/en\/wp-json\/wp\/v2\/types\/product"}],"replies":[{"embeddable":true,"href":"https:\/\/0barreras.com\/en\/wp-json\/wp\/v2\/comments?post=1775"}],"version-history":[{"count":1,"href":"https:\/\/0barreras.com\/en\/wp-json\/wp\/v2\/product\/1775\/revisions"}],"predecessor-version":[{"id":1856,"href":"https:\/\/0barreras.com\/en\/wp-json\/wp\/v2\/product\/1775\/revisions\/1856"}],"wp:featuredmedia":[{"embeddable":true,"href":"https:\/\/0barreras.com\/en\/wp-json\/wp\/v2\/media\/1776"}],"wp:attachment":[{"href":"https:\/\/0barreras.com\/en\/wp-json\/wp\/v2\/media?parent=1775"}],"wp:term":[{"taxonomy":"product_cat","embeddable":true,"href":"https:\/\/0barreras.com\/en\/wp-json\/wp\/v2\/product_cat?post=1775"},{"taxonomy":"product_tag","embeddable":true,"href":"https:\/\/0barreras.com\/en\/wp-json\/wp\/v2\/product_tag?post=1775"}],"curies":[{"name":"wp","href":"https:\/\/api.w.org\/{rel}","templated":true}]}}