{"id":1768,"date":"2024-04-13T06:58:43","date_gmt":"2024-04-13T11:58:43","guid":{"rendered":"https:\/\/0barreras.com\/?post_type=product&#038;p=1768"},"modified":"2024-05-13T04:35:12","modified_gmt":"2024-05-13T09:35:12","slug":"limpiapipas-pegajosos-moldeables-para-el-aprendizaje-de-los-ninos-con-discapacidades-visuales","status":"publish","type":"product","link":"https:\/\/0barreras.com\/en\/product\/limpiapipas-pegajosos-moldeables-para-el-aprendizaje-de-los-ninos-con-discapacidades-visuales\/","title":{"rendered":"Kit Sensorial para Estudiantes con Discapacidad Visual &#8211; \u00a184 Stix de Colores Vivos y M\u00e1s! &#8211; Explora y Crea con Wikki Stix:"},"content":{"rendered":"<p>\u00a1Explora un mundo de posibilidades t\u00e1ctiles y creativas con Wikki Stix! Este kit revolucionario ofrece una experiencia \u00fanica para ense\u00f1ar a estudiantes con discapacidad visual una variedad de conceptos de formas y objetos. Con 84 stix de colores vivos y un revestimiento &#8216;pegajoso&#8217;, estos limpiapipas moldeables permiten crear y remodelar infinitos objetos, desde animales hasta letras y n\u00fameros. El stix de enganche se adhiere a superficies, se retuerce en formas diversas y luego se desenrosca para un uso continuo. Adem\u00e1s, el set incluye un tablero de juego reutilizable de 2 caras y un folleto de cuentos de 8 p\u00e1ginas lleno de ideas creativas. \u00a1Con Wikki Stix, cada d\u00eda es una aventura sensorial y educativa que seguro alegrar\u00e1 a cualquier ni\u00f1o con discapacidad visual!&#8221;<\/p>","protected":false},"excerpt":{"rendered":"<p>Kit Wikki Stix para estudiantes con discapacidad visual: 84 stix de colores vivos, tablero de juego reutilizable de 2 caras y folleto de cuentos de 8<br \/>\np\u00e1ginas con ideas creativas.&#8221;<\/p>","protected":false},"featured_media":1769,"comment_status":"open","ping_status":"closed","template":"","meta":[],"product_cat":[159,18,112,22,119,129,161],"product_tag":[],"class_list":["post-1768","product","type-product","status-publish","has-post-thumbnail","hentry","product_cat-artesania","product_cat-baja-vision","product_cat-braille","product_cat-diversidad-visual","product_cat-etiquetadoras-y-productos-de-marcado","product_cat-juegos-y-educacion","product_cat-productos-educativos"],"_links":{"self":[{"href":"https:\/\/0barreras.com\/en\/wp-json\/wp\/v2\/product\/1768","targetHints":{"allow":["GET"]}}],"collection":[{"href":"https:\/\/0barreras.com\/en\/wp-json\/wp\/v2\/product"}],"about":[{"href":"https:\/\/0barreras.com\/en\/wp-json\/wp\/v2\/types\/product"}],"replies":[{"embeddable":true,"href":"https:\/\/0barreras.com\/en\/wp-json\/wp\/v2\/comments?post=1768"}],"version-history":[{"count":1,"href":"https:\/\/0barreras.com\/en\/wp-json\/wp\/v2\/product\/1768\/revisions"}],"predecessor-version":[{"id":1770,"href":"https:\/\/0barreras.com\/en\/wp-json\/wp\/v2\/product\/1768\/revisions\/1770"}],"wp:featuredmedia":[{"embeddable":true,"href":"https:\/\/0barreras.com\/en\/wp-json\/wp\/v2\/media\/1769"}],"wp:attachment":[{"href":"https:\/\/0barreras.com\/en\/wp-json\/wp\/v2\/media?parent=1768"}],"wp:term":[{"taxonomy":"product_cat","embeddable":true,"href":"https:\/\/0barreras.com\/en\/wp-json\/wp\/v2\/product_cat?post=1768"},{"taxonomy":"product_tag","embeddable":true,"href":"https:\/\/0barreras.com\/en\/wp-json\/wp\/v2\/product_tag?post=1768"}],"curies":[{"name":"wp","href":"https:\/\/api.w.org\/{rel}","templated":true}]}}