{"id":1762,"date":"2024-04-13T06:54:31","date_gmt":"2024-04-13T11:54:31","guid":{"rendered":"https:\/\/0barreras.com\/?post_type=product&#038;p=1762"},"modified":"2024-05-13T04:41:29","modified_gmt":"2024-05-13T09:41:29","slug":"letras-magneticas-jumbo-juego-de-40-letras","status":"publish","type":"product","link":"https:\/\/0barreras.com\/en\/product\/letras-magneticas-jumbo-juego-de-40-letras\/","title":{"rendered":"Letras Magn\u00e9ticas Grandes para Ni\u00f1os Peque\u00f1os: Aventuras Educativas en la Nevera &#8211; \u00a1Desde los 3 a\u00f1os!"},"content":{"rendered":"<p>\u00a1Deja que la diversi\u00f3n educativa inunde tu refrigerador con nuestras letras magn\u00e9ticas! Dise\u00f1adas para manos peque\u00f1as, estas letras de pl\u00e1stico duraderas y vibrantes miden 2.5&#8243;, perfectas para que los ni\u00f1os construyan palabras sencillas con facilidad. Con un juego completo de 40 letras may\u00fasculas empaquetadas en un pr\u00e1ctico contenedor de almacenamiento reutilizable, la diversi\u00f3n est\u00e1 garantizada. Desde la edad de 3 a\u00f1os, tus peque\u00f1os exploradores del lenguaje podr\u00e1n embarcarse en aventuras de aprendizaje mientras desarrollan habilidades cruciales de lectura y escritura.&#8221;<\/p>","protected":false},"excerpt":{"rendered":"<p>Letras Magn\u00e9ticas para Ni\u00f1os: Set de 40 letras may\u00fasculas de 2.5&#8243; en colores brillantes, con contenedor de almacenamiento. Edad recomendada: 3o + a\u00f1os.<\/p>","protected":false},"featured_media":1763,"comment_status":"open","ping_status":"closed","template":"","meta":[],"product_cat":[18,112,22,119,129,161],"product_tag":[],"class_list":["post-1762","product","type-product","status-publish","has-post-thumbnail","hentry","product_cat-baja-vision","product_cat-braille","product_cat-diversidad-visual","product_cat-etiquetadoras-y-productos-de-marcado","product_cat-juegos-y-educacion","product_cat-productos-educativos"],"_links":{"self":[{"href":"https:\/\/0barreras.com\/en\/wp-json\/wp\/v2\/product\/1762","targetHints":{"allow":["GET"]}}],"collection":[{"href":"https:\/\/0barreras.com\/en\/wp-json\/wp\/v2\/product"}],"about":[{"href":"https:\/\/0barreras.com\/en\/wp-json\/wp\/v2\/types\/product"}],"replies":[{"embeddable":true,"href":"https:\/\/0barreras.com\/en\/wp-json\/wp\/v2\/comments?post=1762"}],"version-history":[{"count":1,"href":"https:\/\/0barreras.com\/en\/wp-json\/wp\/v2\/product\/1762\/revisions"}],"predecessor-version":[{"id":1851,"href":"https:\/\/0barreras.com\/en\/wp-json\/wp\/v2\/product\/1762\/revisions\/1851"}],"wp:featuredmedia":[{"embeddable":true,"href":"https:\/\/0barreras.com\/en\/wp-json\/wp\/v2\/media\/1763"}],"wp:attachment":[{"href":"https:\/\/0barreras.com\/en\/wp-json\/wp\/v2\/media?parent=1762"}],"wp:term":[{"taxonomy":"product_cat","embeddable":true,"href":"https:\/\/0barreras.com\/en\/wp-json\/wp\/v2\/product_cat?post=1762"},{"taxonomy":"product_tag","embeddable":true,"href":"https:\/\/0barreras.com\/en\/wp-json\/wp\/v2\/product_tag?post=1762"}],"curies":[{"name":"wp","href":"https:\/\/api.w.org\/{rel}","templated":true}]}}