{"id":172,"date":"2024-01-11T07:44:17","date_gmt":"2024-01-11T12:44:17","guid":{"rendered":"https:\/\/0barreras.com\/?post_type=product&#038;p=172"},"modified":"2024-03-31T19:40:50","modified_gmt":"2024-04-01T00:40:50","slug":"gafas-para-leer-que-bloquean-la-luz-azul","status":"publish","type":"product","link":"https:\/\/0barreras.com\/en\/product\/gafas-para-leer-que-bloquean-la-luz-azul\/","title":{"rendered":"Gafas para leer con filtro anti-luz azul"},"content":{"rendered":"<p>Protege tus ojos con nuestras gafas de bloqueo de luz azul. Dise\u00f1adas para filtrar los rayos azules nocivos de dispositivos electr\u00f3nicos y bombillas LED, estas gafas previenen la degeneraci\u00f3n macular, lesiones en retina y la interrupci\u00f3n de los ciclos del sue\u00f1o. Ideales para aliviar la fatiga visual y evitar dolores de cabeza, est\u00e1n disponibles en monturas negras sin aumento o con potencias de lectura de\u00a0<strong>3X<\/strong>\u00a0y\u00a0<strong>4X<\/strong>. Con un ancho de lente de\u00a0<strong>2 pulgadas<\/strong>\u00a0y una longitud de patilla a patilla de\u00a0<strong>5.4 pulgadas<\/strong>, se adaptan c\u00f3modamente para una protecci\u00f3n duradera.<\/p>","protected":false},"excerpt":{"rendered":"<p>Nuestras gafas con filtro de luz azul ofrecen protecci\u00f3n avanzada contra la luz digital, previniendo el da\u00f1o ocular y mejorando tu sue\u00f1o. Disponibles en elegantes monturas negras y diversas potencias de lectura.<\/p>","protected":false},"featured_media":176,"comment_status":"open","ping_status":"closed","template":"","meta":[],"product_cat":[18,25],"product_tag":[],"class_list":["post-172","product","type-product","status-publish","has-post-thumbnail","hentry","product_cat-baja-vision","product_cat-gafas-de-lectura"],"_links":{"self":[{"href":"https:\/\/0barreras.com\/en\/wp-json\/wp\/v2\/product\/172","targetHints":{"allow":["GET"]}}],"collection":[{"href":"https:\/\/0barreras.com\/en\/wp-json\/wp\/v2\/product"}],"about":[{"href":"https:\/\/0barreras.com\/en\/wp-json\/wp\/v2\/types\/product"}],"replies":[{"embeddable":true,"href":"https:\/\/0barreras.com\/en\/wp-json\/wp\/v2\/comments?post=172"}],"version-history":[{"count":1,"href":"https:\/\/0barreras.com\/en\/wp-json\/wp\/v2\/product\/172\/revisions"}],"predecessor-version":[{"id":1113,"href":"https:\/\/0barreras.com\/en\/wp-json\/wp\/v2\/product\/172\/revisions\/1113"}],"wp:featuredmedia":[{"embeddable":true,"href":"https:\/\/0barreras.com\/en\/wp-json\/wp\/v2\/media\/176"}],"wp:attachment":[{"href":"https:\/\/0barreras.com\/en\/wp-json\/wp\/v2\/media?parent=172"}],"wp:term":[{"taxonomy":"product_cat","embeddable":true,"href":"https:\/\/0barreras.com\/en\/wp-json\/wp\/v2\/product_cat?post=172"},{"taxonomy":"product_tag","embeddable":true,"href":"https:\/\/0barreras.com\/en\/wp-json\/wp\/v2\/product_tag?post=172"}],"curies":[{"name":"wp","href":"https:\/\/api.w.org\/{rel}","templated":true}]}}