{"id":1670,"date":"2024-04-11T17:27:00","date_gmt":"2024-04-11T22:27:00","guid":{"rendered":"https:\/\/0barreras.com\/?post_type=product&#038;p=1670"},"modified":"2024-05-13T05:01:18","modified_gmt":"2024-05-13T10:01:18","slug":"juego-de-domino-de-madera-de-gran-tamano","status":"publish","type":"product","link":"https:\/\/0barreras.com\/en\/product\/juego-de-domino-de-madera-de-gran-tamano\/","title":{"rendered":"Juego de domin\u00f3 de madera de Contraste: Divertido y Accesible para Todas las Edades"},"content":{"rendered":"<p>Sum\u00e9rgete en la diversi\u00f3n cl\u00e1sica del domin\u00f3 con nuestro juego dise\u00f1ado para ser agradable a la vista, f\u00e1cil de manejar y divertido de jugar para personas de todas las edades y habilidades. Cada pieza de madera, con dimensiones de 3.2&#8243; x 1.75&#8243; x .25&#8243;, est\u00e1 pintada de negro con grandes c\u00edrculos blancos, lo que las hace altamente visibles y f\u00e1ciles de agarrar.<br \/>\nPara adultos con artritis o baja visi\u00f3n, estas piezas de domin\u00f3 ofrecen una experiencia de juego c\u00f3moda y accesible. El contraste entre el negro y el blanco facilita la identificaci\u00f3n de las fichas y la realizaci\u00f3n de movimientos, brindando horas de entretenimiento sin frustraciones.<br \/>\nAdem\u00e1s, este juego de domin\u00f3 es ideal para ni\u00f1os peque\u00f1os que est\u00e1n aprendiendo el juego o est\u00e1n en proceso de aprender a contar. Las piezas grandes y coloridas no solo son atractivas visualmente, sino que tambi\u00e9n ayudan en el desarrollo cognitivo y en la comprensi\u00f3n num\u00e9rica de los m\u00e1s j\u00f3venes.<br \/>\nCon un total de 28 piezas en el juego, nuestro domin\u00f3 es perfecto para reuniones familiares, noches de juegos con amigos o simplemente para disfrutar de un momento de diversi\u00f3n y aprendizaje en solitario.<br \/>\n\u00a1Descubre la alegr\u00eda atemporal del domin\u00f3 con nuestro juego dise\u00f1ado para todos!<\/p>","protected":false},"excerpt":{"rendered":"<p>Disfruta del cl\u00e1sico juego de domin\u00f3 con nuestro set dise\u00f1ado para ser agradable a la vista, f\u00e1cil de manejar y divertido de jugar. Cada pieza de madera est\u00e1 pintada de negro con grandes c\u00edrculos blancos, lo que las hace ideales para personas con artritis o baja visi\u00f3n, as\u00ed como para ni\u00f1os peque\u00f1os que est\u00e1n aprendiendo el juego o a contar. Con 28 piezas en el juego, es perfecto para toda la familia.<\/p>","protected":false},"featured_media":1671,"comment_status":"open","ping_status":"closed","template":"","meta":[],"product_cat":[18,112,22,163,118,160,129],"product_tag":[],"class_list":["post-1670","product","type-product","status-publish","has-post-thumbnail","hentry","product_cat-baja-vision","product_cat-braille","product_cat-diversidad-visual","product_cat-juegos","product_cat-juegos-braille","product_cat-juegos-en-braille","product_cat-juegos-y-educacion"],"_links":{"self":[{"href":"https:\/\/0barreras.com\/en\/wp-json\/wp\/v2\/product\/1670","targetHints":{"allow":["GET"]}}],"collection":[{"href":"https:\/\/0barreras.com\/en\/wp-json\/wp\/v2\/product"}],"about":[{"href":"https:\/\/0barreras.com\/en\/wp-json\/wp\/v2\/types\/product"}],"replies":[{"embeddable":true,"href":"https:\/\/0barreras.com\/en\/wp-json\/wp\/v2\/comments?post=1670"}],"version-history":[{"count":1,"href":"https:\/\/0barreras.com\/en\/wp-json\/wp\/v2\/product\/1670\/revisions"}],"predecessor-version":[{"id":1742,"href":"https:\/\/0barreras.com\/en\/wp-json\/wp\/v2\/product\/1670\/revisions\/1742"}],"wp:featuredmedia":[{"embeddable":true,"href":"https:\/\/0barreras.com\/en\/wp-json\/wp\/v2\/media\/1671"}],"wp:attachment":[{"href":"https:\/\/0barreras.com\/en\/wp-json\/wp\/v2\/media?parent=1670"}],"wp:term":[{"taxonomy":"product_cat","embeddable":true,"href":"https:\/\/0barreras.com\/en\/wp-json\/wp\/v2\/product_cat?post=1670"},{"taxonomy":"product_tag","embeddable":true,"href":"https:\/\/0barreras.com\/en\/wp-json\/wp\/v2\/product_tag?post=1670"}],"curies":[{"name":"wp","href":"https:\/\/api.w.org\/{rel}","templated":true}]}}