{"id":1659,"date":"2024-04-11T17:19:36","date_gmt":"2024-04-11T22:19:36","guid":{"rendered":"https:\/\/0barreras.com\/?post_type=product&#038;p=1659"},"modified":"2024-05-13T04:36:26","modified_gmt":"2024-05-13T09:36:26","slug":"bloques-matematicos-en-braille","status":"publish","type":"product","link":"https:\/\/0barreras.com\/en\/product\/bloques-matematicos-en-braille\/","title":{"rendered":"Bloques Num\u00e9ricos en Braille: Explorando los N\u00fameros con Tacto y Color"},"content":{"rendered":"<p>Sum\u00e9rgete en el fascinante mundo de los n\u00fameros con nuestra excepcional colecci\u00f3n de bloques num\u00e9ricos en braille. Cada bloque, meticulosamente elaborado, cuenta con s\u00edmbolos en braille y marcas t\u00e1ctiles en relieve, dise\u00f1ados para ense\u00f1ar tanto la forma braille como la forma escrita de los n\u00fameros y los s\u00edmbolos de coincidencia.<br \/>\nCada pieza es una obra maestra de detalle, permitiendo a los estudiantes de braille trazar la impresi\u00f3n y sentir la forma de los n\u00fameros, as\u00ed como experimentar el s\u00edmbolo braille correspondiente. Los colores brillantes y vibrantes no solo hacen que estos bloques sean atractivos visualmente, sino que tambi\u00e9n los hacen divertidos para los ni\u00f1os videntes.<br \/>\nEstos bloques de madera no solo son una herramienta invaluable para el aprendizaje de los ni\u00f1os ciegos, sino que tambi\u00e9n son una adici\u00f3n maravillosa para cualquier aula o hogar, independientemente de la capacidad visual de los ni\u00f1os. Perfectos para contar, aprender n\u00fameros y funciones matem\u00e1ticas b\u00e1sicas,<br \/>\nestos bloques en braille est\u00e1n dise\u00f1ados para resistir el paso del tiempo, garantizando a\u00f1os de aprendizaje din\u00e1mico y divertido.<\/p>","protected":false},"excerpt":{"rendered":"<p>Explora el mundo de los n\u00fameros con nuestra colecci\u00f3n de bloques num\u00e9ricos en braille, dise\u00f1ados para ense\u00f1ar tanto a ni\u00f1os videntes como no videntes.<br \/>\nCada bloque cuenta con s\u00edmbolos en braille y marcas t\u00e1ctiles en relieve para aprender la forma braille y escrita de los n\u00fameros. Con colores vibrantes y duraderos, estos bloques son una adici\u00f3n perfecta a cualquier aula o hogar, proporcionando horas de aprendizaje y diversi\u00f3n.<\/p>","protected":false},"featured_media":1661,"comment_status":"open","ping_status":"closed","template":"","meta":[],"product_cat":[18,112,22,118,160,129,161],"product_tag":[],"class_list":["post-1659","product","type-product","status-publish","has-post-thumbnail","hentry","product_cat-baja-vision","product_cat-braille","product_cat-diversidad-visual","product_cat-juegos-braille","product_cat-juegos-en-braille","product_cat-juegos-y-educacion","product_cat-productos-educativos"],"_links":{"self":[{"href":"https:\/\/0barreras.com\/en\/wp-json\/wp\/v2\/product\/1659","targetHints":{"allow":["GET"]}}],"collection":[{"href":"https:\/\/0barreras.com\/en\/wp-json\/wp\/v2\/product"}],"about":[{"href":"https:\/\/0barreras.com\/en\/wp-json\/wp\/v2\/types\/product"}],"replies":[{"embeddable":true,"href":"https:\/\/0barreras.com\/en\/wp-json\/wp\/v2\/comments?post=1659"}],"version-history":[{"count":1,"href":"https:\/\/0barreras.com\/en\/wp-json\/wp\/v2\/product\/1659\/revisions"}],"predecessor-version":[{"id":1737,"href":"https:\/\/0barreras.com\/en\/wp-json\/wp\/v2\/product\/1659\/revisions\/1737"}],"wp:featuredmedia":[{"embeddable":true,"href":"https:\/\/0barreras.com\/en\/wp-json\/wp\/v2\/media\/1661"}],"wp:attachment":[{"href":"https:\/\/0barreras.com\/en\/wp-json\/wp\/v2\/media?parent=1659"}],"wp:term":[{"taxonomy":"product_cat","embeddable":true,"href":"https:\/\/0barreras.com\/en\/wp-json\/wp\/v2\/product_cat?post=1659"},{"taxonomy":"product_tag","embeddable":true,"href":"https:\/\/0barreras.com\/en\/wp-json\/wp\/v2\/product_tag?post=1659"}],"curies":[{"name":"wp","href":"https:\/\/api.w.org\/{rel}","templated":true}]}}