{"id":1655,"date":"2024-04-11T17:13:59","date_gmt":"2024-04-11T22:13:59","guid":{"rendered":"https:\/\/0barreras.com\/?post_type=product&#038;p=1655"},"modified":"2024-04-12T15:06:23","modified_gmt":"2024-04-12T20:06:23","slug":"teclado-brailler-clasico-perkins","status":"publish","type":"product","link":"https:\/\/0barreras.com\/en\/product\/teclado-brailler-clasico-perkins\/","title":{"rendered":"Teclado Brailler Perkins: Est\u00e1ndar Mundial en Brailling"},"content":{"rendered":"<p>Los Braillers Perkins son, de hecho, altamente reconocidos por su calidad y funcionalidad en la producci\u00f3n de Braille. Con caracter\u00edsticas como los topes de margen ajustables y las grandes perillas de alimentaci\u00f3n de papel, proporcionan una experiencia de Brailling eficiente y precisa. Con la capacidad de acomodar papel de hasta catorce pulgadas de largo y grabar 25 l\u00edneas con 42 celdas en una hoja est\u00e1ndar de papel Braille de 11&#8243; x 11-1\/2&#8243;, satisfacen las necesidades de los usuarios de Braille de manera efectiva.<br \/>\nEs \u00fatil que se incluyan instrucciones tanto impresas como en Braille, lo que facilita su uso para una variedad de usuarios. Adem\u00e1s, la cubierta antipolvo proporciona una protecci\u00f3n adicional para mantener el Brailler en condiciones \u00f3ptimas.<br \/>\nEs importante tener en cuenta que, debido al peso, tama\u00f1o o valor del producto, se a\u00f1adir\u00e1n $15.00 al costo de env\u00edo. Las dimensiones del producto son 19 x 12 x 10 pulgadas, con un peso de 14 libras. Estas especificaciones son relevantes para aquellos que est\u00e9n considerando la log\u00edstica de env\u00edo y almacenamiento del Brailler Perkins.<\/p>","protected":false},"excerpt":{"rendered":"<p>Los Braillers Perkins son reconocidos por su excelencia en la producci\u00f3n de Braille. Con caracter\u00edsticas como topes de margen ajustables y grandes<br \/>\nperillas de alimentaci\u00f3n de papel, ofrecen eficiencia y precisi\u00f3n. Pueden acomodar papel de hasta catorce pulgadas de largo y grabar 25 l\u00edneas con 42 celdas en una hoja est\u00e1ndar de papel Braille. Se incluyen instrucciones impresas y en Braille, as\u00ed como una cubierta antipolvo. Debido a su peso, tama\u00f1o o valor, se a\u00f1adir\u00e1n $15.00 al costo de env\u00edo. Dimensiones: 19 x 12 x 10 pulgadas; Peso: 14 libras.<\/p>","protected":false},"featured_media":1656,"comment_status":"open","ping_status":"closed","template":"","meta":[],"product_cat":[18,112,117,22],"product_tag":[],"class_list":["post-1655","product","type-product","status-publish","has-post-thumbnail","hentry","product_cat-baja-vision","product_cat-braille","product_cat-dispositivos-braille","product_cat-diversidad-visual"],"_links":{"self":[{"href":"https:\/\/0barreras.com\/en\/wp-json\/wp\/v2\/product\/1655","targetHints":{"allow":["GET"]}}],"collection":[{"href":"https:\/\/0barreras.com\/en\/wp-json\/wp\/v2\/product"}],"about":[{"href":"https:\/\/0barreras.com\/en\/wp-json\/wp\/v2\/types\/product"}],"replies":[{"embeddable":true,"href":"https:\/\/0barreras.com\/en\/wp-json\/wp\/v2\/comments?post=1655"}],"version-history":[{"count":1,"href":"https:\/\/0barreras.com\/en\/wp-json\/wp\/v2\/product\/1655\/revisions"}],"predecessor-version":[{"id":1735,"href":"https:\/\/0barreras.com\/en\/wp-json\/wp\/v2\/product\/1655\/revisions\/1735"}],"wp:featuredmedia":[{"embeddable":true,"href":"https:\/\/0barreras.com\/en\/wp-json\/wp\/v2\/media\/1656"}],"wp:attachment":[{"href":"https:\/\/0barreras.com\/en\/wp-json\/wp\/v2\/media?parent=1655"}],"wp:term":[{"taxonomy":"product_cat","embeddable":true,"href":"https:\/\/0barreras.com\/en\/wp-json\/wp\/v2\/product_cat?post=1655"},{"taxonomy":"product_tag","embeddable":true,"href":"https:\/\/0barreras.com\/en\/wp-json\/wp\/v2\/product_tag?post=1655"}],"curies":[{"name":"wp","href":"https:\/\/api.w.org\/{rel}","templated":true}]}}