{"id":1628,"date":"2024-04-11T16:53:30","date_gmt":"2024-04-11T21:53:30","guid":{"rendered":"https:\/\/0barreras.com\/?post_type=product&#038;p=1628"},"modified":"2024-04-12T12:08:18","modified_gmt":"2024-04-12T17:08:18","slug":"pizarra-braille-de-2-lineas-28-celdas-con-abrazadera-fija","status":"publish","type":"product","link":"https:\/\/0barreras.com\/en\/product\/pizarra-braille-de-2-lineas-28-celdas-con-abrazadera-fija\/","title":{"rendered":"Pizarra de 2 L\u00edneas por 28 Celdas con Portapapeles de Madera: Facilita la Creaci\u00f3n de Braille Uniforme"},"content":{"rendered":"<p>La Pizarra de 2 L\u00edneas por 28 Celdas es una herramienta esencial para la creaci\u00f3n de Braille de forma ordenada y uniforme. Esta pizarra viene equipada con un portapapeles de madera que se adhiere a la pizarra, permitiendo al usuario desplazarla uniformemente por la hoja de papel. Esta caracter\u00edstica garantiza la creaci\u00f3n de filas de Braille ordenadas y uniformes. Los orificios en el costado del portapapeles est\u00e1n espaciados de manera uniforme para sostener las clavijas de pizarra mientras se mueve a lo largo del portapapeles, ofreciendo estabilidad y precisi\u00f3n en todo momento. Con unas dimensiones de 7.5&#8243; x 11&#8243;, este tablero es compacto y f\u00e1cil de transportar, ideal para su uso en cualquier lugar. Con la Pizarra de 2 L\u00edneas por 28 Celdas con Portapapeles de Madera, la creaci\u00f3n de Braille se vuelve m\u00e1s f\u00e1cil y eficiente que nunca.<\/p>","protected":false},"excerpt":{"rendered":"<p>La Pizarra de 2 L\u00edneas por 28 Celdas con Portapapeles de Madera es una herramienta esencial para la creaci\u00f3n de Braille uniforme. Equipada con un portapapeles de madera que permite moverla f\u00e1cilmente por la hoja de papel, garantiza la creaci\u00f3n de filas ordenadas de Braille. Los orificios en el costado del portapapeles mantienen las clavijas de la pizarra en su lugar mientras se desplaza, proporcionando estabilidad y precisi\u00f3n. Compacta y f\u00e1cil de transportar, es ideal para su uso en cualquier lugar.<\/p>","protected":false},"featured_media":1629,"comment_status":"open","ping_status":"closed","template":"","meta":[],"product_cat":[18,112,22,115],"product_tag":[],"class_list":["post-1628","product","type-product","status-publish","has-post-thumbnail","hentry","product_cat-baja-vision","product_cat-braille","product_cat-diversidad-visual","product_cat-pizarras-y-lapices-opticos-braille"],"_links":{"self":[{"href":"https:\/\/0barreras.com\/en\/wp-json\/wp\/v2\/product\/1628","targetHints":{"allow":["GET"]}}],"collection":[{"href":"https:\/\/0barreras.com\/en\/wp-json\/wp\/v2\/product"}],"about":[{"href":"https:\/\/0barreras.com\/en\/wp-json\/wp\/v2\/types\/product"}],"replies":[{"embeddable":true,"href":"https:\/\/0barreras.com\/en\/wp-json\/wp\/v2\/comments?post=1628"}],"version-history":[{"count":1,"href":"https:\/\/0barreras.com\/en\/wp-json\/wp\/v2\/product\/1628\/revisions"}],"predecessor-version":[{"id":1722,"href":"https:\/\/0barreras.com\/en\/wp-json\/wp\/v2\/product\/1628\/revisions\/1722"}],"wp:featuredmedia":[{"embeddable":true,"href":"https:\/\/0barreras.com\/en\/wp-json\/wp\/v2\/media\/1629"}],"wp:attachment":[{"href":"https:\/\/0barreras.com\/en\/wp-json\/wp\/v2\/media?parent=1628"}],"wp:term":[{"taxonomy":"product_cat","embeddable":true,"href":"https:\/\/0barreras.com\/en\/wp-json\/wp\/v2\/product_cat?post=1628"},{"taxonomy":"product_tag","embeddable":true,"href":"https:\/\/0barreras.com\/en\/wp-json\/wp\/v2\/product_tag?post=1628"}],"curies":[{"name":"wp","href":"https:\/\/api.w.org\/{rel}","templated":true}]}}