{"id":1624,"date":"2024-04-11T16:49:21","date_gmt":"2024-04-11T21:49:21","guid":{"rendered":"https:\/\/0barreras.com\/?post_type=product&#038;p=1624"},"modified":"2024-05-13T04:38:12","modified_gmt":"2024-05-13T09:38:12","slug":"combo-marco-de-aritmetica-y-algebra-con-abaco-incorporado-de-15-filas","status":"publish","type":"product","link":"https:\/\/0barreras.com\/en\/product\/combo-marco-de-aritmetica-y-algebra-con-abaco-incorporado-de-15-filas\/","title":{"rendered":"Combo Marco de Aritm\u00e9tica  (\u00c1baco) y \u00c1lgebra: Herramienta T\u00e1ctil para Ense\u00f1anza de Matem\u00e1ticas"},"content":{"rendered":"<p>El Marco de Aritm\u00e9tica y \u00c1lgebra es una herramienta educativa fundamental para la ense\u00f1anza de matem\u00e1ticas. Con una rejilla met\u00e1lica de 18&#215;25, este marco permite a los profesores utilizar conceptos t\u00e1ctiles para ense\u00f1ar aritm\u00e9tica y \u00e1lgebra. Incluye 50 clavijas met\u00e1licas deslizantes que se insertan en los agujeros de la rejilla, facilitando la comprensi\u00f3n y visualizaci\u00f3n de los problemas matem\u00e1ticos. Adem\u00e1s, este set tambi\u00e9n incorpora un \u00e1baco de 15 varillas, a\u00f1adiendo una dimensi\u00f3n adicional a las lecciones de matem\u00e1ticas. Con unas dimensiones totales de 11.5&#8243; x 9.5&#8243;, esta herramienta es compacta y f\u00e1cil de usar en cualquier entorno educativo. Con el Marco de Aritm\u00e9tica y \u00c1lgebra, la ense\u00f1anza de matem\u00e1ticas se vuelve m\u00e1s interactiva, accesible y efectiva.<\/p>","protected":false},"excerpt":{"rendered":"<p>El Marco de Aritm\u00e9tica y \u00c1lgebra es una herramienta t\u00e1ctil esencial para la ense\u00f1anza de matem\u00e1ticas. Con una rejilla met\u00e1lica de 18&#215;25 y 50 clavijas met\u00e1licas deslizantes, facilita la comprensi\u00f3n de conceptos aritm\u00e9ticos y algebraicos. Incluye tambi\u00e9n un \u00e1baco de 15 varillas para una ense\u00f1anza m\u00e1s completa. Compacto y vers\u00e1til, es ideal para cualquier entorno educativo.<\/p>","protected":false},"featured_media":1625,"comment_status":"open","ping_status":"closed","template":"","meta":[],"product_cat":[18,112,22,129,115,161],"product_tag":[],"class_list":["post-1624","product","type-product","status-publish","has-post-thumbnail","hentry","product_cat-baja-vision","product_cat-braille","product_cat-diversidad-visual","product_cat-juegos-y-educacion","product_cat-pizarras-y-lapices-opticos-braille","product_cat-productos-educativos"],"_links":{"self":[{"href":"https:\/\/0barreras.com\/en\/wp-json\/wp\/v2\/product\/1624","targetHints":{"allow":["GET"]}}],"collection":[{"href":"https:\/\/0barreras.com\/en\/wp-json\/wp\/v2\/product"}],"about":[{"href":"https:\/\/0barreras.com\/en\/wp-json\/wp\/v2\/types\/product"}],"replies":[{"embeddable":true,"href":"https:\/\/0barreras.com\/en\/wp-json\/wp\/v2\/comments?post=1624"}],"version-history":[{"count":1,"href":"https:\/\/0barreras.com\/en\/wp-json\/wp\/v2\/product\/1624\/revisions"}],"predecessor-version":[{"id":1720,"href":"https:\/\/0barreras.com\/en\/wp-json\/wp\/v2\/product\/1624\/revisions\/1720"}],"wp:featuredmedia":[{"embeddable":true,"href":"https:\/\/0barreras.com\/en\/wp-json\/wp\/v2\/media\/1625"}],"wp:attachment":[{"href":"https:\/\/0barreras.com\/en\/wp-json\/wp\/v2\/media?parent=1624"}],"wp:term":[{"taxonomy":"product_cat","embeddable":true,"href":"https:\/\/0barreras.com\/en\/wp-json\/wp\/v2\/product_cat?post=1624"},{"taxonomy":"product_tag","embeddable":true,"href":"https:\/\/0barreras.com\/en\/wp-json\/wp\/v2\/product_tag?post=1624"}],"curies":[{"name":"wp","href":"https:\/\/api.w.org\/{rel}","templated":true}]}}