{"id":1600,"date":"2024-04-11T16:37:59","date_gmt":"2024-04-11T21:37:59","guid":{"rendered":"https:\/\/0barreras.com\/?post_type=product&#038;p=1600"},"modified":"2024-04-12T07:47:45","modified_gmt":"2024-04-12T12:47:45","slug":"pizarra-braille-sin-papel-borrable-con-4-filas-de-20-celdas-cada-una-marca-versa-slate","status":"publish","type":"product","link":"https:\/\/0barreras.com\/en\/product\/pizarra-braille-sin-papel-borrable-con-4-filas-de-20-celdas-cada-una-marca-versa-slate\/","title":{"rendered":"Pizarra sin Papel Versa: Escribir en Braille y Tomar Notas R\u00e1pidas Nunca Fue Tan F\u00e1cil"},"content":{"rendered":"<p>La Pizarra sin Papel Versa es una innovadora herramienta que revoluciona la forma en que tomamos notas y aprendemos Braille. Con 4 filas de 20 celdas cada una, esta pizarra ofrece una plataforma vers\u00e1til para escribir en Braille y leer mensajes de corto plazo de manera eficiente. Su dise\u00f1o intuitivo permite escribir en Braille con facilidad, y al darle la vuelta a la unidad, puedes leer el mensaje claramente. Adem\u00e1s, cuenta con 4 conjuntos de botones que borran 5 celdas a la vez, lo que facilita la correcci\u00f3n r\u00e1pida de errores o la limpieza de la pizarra para nuevos mensajes. Perfecta para el mercado educativo, la Versa Slate es una herramienta invaluable para ense\u00f1ar Braille y tomar notas r\u00e1pidamente. Tambi\u00e9n es ideal para viajes, permitiendo anotar n\u00fameros de tel\u00e9fono o tomar notas en cualquier momento y lugar, sin necesidad de papel ni molestias.<\/p>","protected":false},"excerpt":{"rendered":"<p>La Pizarra sin Papel Versa es la herramienta definitiva para escribir en Braille y tomar notas r\u00e1pidas. Con 4 filas de 20 celdas, es ideal para el mercado educativo y perfecta para viajar. Con botones que borran 5 celdas a la vez, es una soluci\u00f3n eficiente y pr\u00e1ctica.<\/p>","protected":false},"featured_media":1607,"comment_status":"open","ping_status":"closed","template":"","meta":[],"product_cat":[18,112,22,115],"product_tag":[],"class_list":["post-1600","product","type-product","status-publish","has-post-thumbnail","hentry","product_cat-baja-vision","product_cat-braille","product_cat-diversidad-visual","product_cat-pizarras-y-lapices-opticos-braille"],"_links":{"self":[{"href":"https:\/\/0barreras.com\/en\/wp-json\/wp\/v2\/product\/1600","targetHints":{"allow":["GET"]}}],"collection":[{"href":"https:\/\/0barreras.com\/en\/wp-json\/wp\/v2\/product"}],"about":[{"href":"https:\/\/0barreras.com\/en\/wp-json\/wp\/v2\/types\/product"}],"replies":[{"embeddable":true,"href":"https:\/\/0barreras.com\/en\/wp-json\/wp\/v2\/comments?post=1600"}],"version-history":[{"count":1,"href":"https:\/\/0barreras.com\/en\/wp-json\/wp\/v2\/product\/1600\/revisions"}],"predecessor-version":[{"id":1712,"href":"https:\/\/0barreras.com\/en\/wp-json\/wp\/v2\/product\/1600\/revisions\/1712"}],"wp:featuredmedia":[{"embeddable":true,"href":"https:\/\/0barreras.com\/en\/wp-json\/wp\/v2\/media\/1607"}],"wp:attachment":[{"href":"https:\/\/0barreras.com\/en\/wp-json\/wp\/v2\/media?parent=1600"}],"wp:term":[{"taxonomy":"product_cat","embeddable":true,"href":"https:\/\/0barreras.com\/en\/wp-json\/wp\/v2\/product_cat?post=1600"},{"taxonomy":"product_tag","embeddable":true,"href":"https:\/\/0barreras.com\/en\/wp-json\/wp\/v2\/product_tag?post=1600"}],"curies":[{"name":"wp","href":"https:\/\/api.w.org\/{rel}","templated":true}]}}