{"id":1591,"date":"2024-04-11T04:41:43","date_gmt":"2024-04-11T09:41:43","guid":{"rendered":"https:\/\/0barreras.com\/?post_type=product&#038;p=1591"},"modified":"2024-06-18T03:43:59","modified_gmt":"2024-06-18T08:43:59","slug":"pastillero-de-plastico-jumbo-con-marcas-tactiles-en-braille","status":"publish","type":"product","link":"https:\/\/0barreras.com\/en\/product\/pastillero-de-plastico-jumbo-con-marcas-tactiles-en-braille\/","title":{"rendered":"Pastillero organizador de pl\u00e1stico jumbo con marcas t\u00e1ctiles en braille: Facilitando la Vida Diaria"},"content":{"rendered":"<p>Nuestro pastillero ha sido dise\u00f1ado con atenci\u00f3n a cada detalle para brindar la m\u00e1xima utilidad a las personas con discapacidad visual y destreza limitada.<br \/>\nCon siete pastilleros extra\u00edbles en un marco de pl\u00e1stico resistente de 9.25 x 6.50 pulgadas, este pastillero ofrece una soluci\u00f3n completa y conveniente para la organizaci\u00f3n de medicamentos. Cada pastillero individual cuenta con cuatro compartimentos grandes de 1.12 x 1.25 pulgadas, marcados tanto con tacto como en Braille para indicar las tomas de la ma\u00f1ana, mediod\u00eda, tarde y noche. Adem\u00e1s, una flecha estrat\u00e9gicamente ubicada facilita la apertura de los compartimentos.<br \/>\nLas p\u00edldoras pueden distribuirse f\u00e1cilmente al comienzo de cada semana, y la barra de cada d\u00eda se puede quitar y llevar, lo que sea m\u00e1s conveniente. Este pastillero est\u00e1 dise\u00f1ado para simplificar la vida diaria y garantizar una administraci\u00f3n de medicamentos sin complicaciones. Sin embargo, es importante tener en cuenta que debido a las regulaciones federales y estatales sobre alimentos, salud y seguridad, este producto no puede ser devuelto una vez abierto<\/p>","protected":false},"excerpt":{"rendered":"<p>Nuestro pastillero ofrece la m\u00e1xima utilidad para personas con discapacidad visual y destreza limitada. Con siete pastilleros extra\u00edbles y compartimentos grandes marcados con tacto y en Braille, facilita la organizaci\u00f3n y administraci\u00f3n de medicamentos. Sin embargo, ten en cuenta que no se puede devolver una vez se haya abierto debido a regulaciones de salud y seguridad.<\/p>","protected":false},"featured_media":1592,"comment_status":"open","ping_status":"closed","template":"","meta":[],"product_cat":[114,18,112,230,237,22,238],"product_tag":[],"class_list":["post-1591","product","type-product","status-publish","has-post-thumbnail","hentry","product_cat-ayudas-para-la-vida-diaria-con-braille","product_cat-baja-vision","product_cat-braille","product_cat-cuidado-de-la-salud","product_cat-cuidado-personal","product_cat-diversidad-visual","product_cat-organizadores-de-pildoras-y-medicamentos"],"_links":{"self":[{"href":"https:\/\/0barreras.com\/en\/wp-json\/wp\/v2\/product\/1591","targetHints":{"allow":["GET"]}}],"collection":[{"href":"https:\/\/0barreras.com\/en\/wp-json\/wp\/v2\/product"}],"about":[{"href":"https:\/\/0barreras.com\/en\/wp-json\/wp\/v2\/types\/product"}],"replies":[{"embeddable":true,"href":"https:\/\/0barreras.com\/en\/wp-json\/wp\/v2\/comments?post=1591"}],"version-history":[{"count":1,"href":"https:\/\/0barreras.com\/en\/wp-json\/wp\/v2\/product\/1591\/revisions"}],"predecessor-version":[{"id":1709,"href":"https:\/\/0barreras.com\/en\/wp-json\/wp\/v2\/product\/1591\/revisions\/1709"}],"wp:featuredmedia":[{"embeddable":true,"href":"https:\/\/0barreras.com\/en\/wp-json\/wp\/v2\/media\/1592"}],"wp:attachment":[{"href":"https:\/\/0barreras.com\/en\/wp-json\/wp\/v2\/media?parent=1591"}],"wp:term":[{"taxonomy":"product_cat","embeddable":true,"href":"https:\/\/0barreras.com\/en\/wp-json\/wp\/v2\/product_cat?post=1591"},{"taxonomy":"product_tag","embeddable":true,"href":"https:\/\/0barreras.com\/en\/wp-json\/wp\/v2\/product_tag?post=1591"}],"curies":[{"name":"wp","href":"https:\/\/api.w.org\/{rel}","templated":true}]}}