{"id":1586,"date":"2024-04-11T04:05:50","date_gmt":"2024-04-11T09:05:50","guid":{"rendered":"https:\/\/0barreras.com\/?post_type=product&#038;p=1586"},"modified":"2024-06-18T03:35:13","modified_gmt":"2024-06-18T08:35:13","slug":"organizador-semanal-de-pildoras-en-braille","status":"publish","type":"product","link":"https:\/\/0barreras.com\/en\/product\/organizador-semanal-de-pildoras-en-braille\/","title":{"rendered":"Pastillero semanal Compacto en Braille: Organizaci\u00f3n Diaria con Estilo"},"content":{"rendered":"<p>Mant\u00e9n tus medicamentos organizados de manera sencilla y accesible con nuestro pr\u00e1ctico recipiente de pastillas de pl\u00e1stico compacto. Con siete compartimentos individuales marcados en Braille y alfabeto est\u00e1ndar para cada d\u00eda de la semana, nunca m\u00e1s olvidar\u00e1s tomar tu medicaci\u00f3n. Este recipiente, de 5.5 pulgadas de largo, 0.78 pulgadas de profundidad y 1 pulgada de ancho, cabe f\u00e1cilmente en tu bolsa, bolsillo o neceser, brind\u00e1ndote comodidad y tranquilidad dondequiera que vayas. Disponible en un vibrante color azul, este art\u00edculo combina practicidad con estilo. Sin embargo, debido a las regulaciones federales y estatales sobre alimentos, salud y seguridad, por favor ten en cuenta que este art\u00edculo no puede ser devuelto una vez abierto.<\/p>","protected":false},"excerpt":{"rendered":"<p>Nuestro recipiente de pastillas de pl\u00e1stico compacto cuenta con siete compartimentos individuales marcados en Braille y alfabeto est\u00e1ndar para cada d\u00eda de la semana. Con un tama\u00f1o de 5.5&#8243; de largo, 0.78&#8243; de profundidad y 1&#8243; de ancho, es perfecto para mantener tus medicamentos organizados sobre la marcha. Disponible en color azul, ten en cuenta que no se puede devolver una vez abierto debido a las regulaciones de salud y seguridad.<\/p>","protected":false},"featured_media":1587,"comment_status":"open","ping_status":"closed","template":"","meta":[],"product_cat":[114,18,112,22,238],"product_tag":[],"class_list":["post-1586","product","type-product","status-publish","has-post-thumbnail","hentry","product_cat-ayudas-para-la-vida-diaria-con-braille","product_cat-baja-vision","product_cat-braille","product_cat-diversidad-visual","product_cat-organizadores-de-pildoras-y-medicamentos"],"_links":{"self":[{"href":"https:\/\/0barreras.com\/en\/wp-json\/wp\/v2\/product\/1586","targetHints":{"allow":["GET"]}}],"collection":[{"href":"https:\/\/0barreras.com\/en\/wp-json\/wp\/v2\/product"}],"about":[{"href":"https:\/\/0barreras.com\/en\/wp-json\/wp\/v2\/types\/product"}],"replies":[{"embeddable":true,"href":"https:\/\/0barreras.com\/en\/wp-json\/wp\/v2\/comments?post=1586"}],"version-history":[{"count":1,"href":"https:\/\/0barreras.com\/en\/wp-json\/wp\/v2\/product\/1586\/revisions"}],"predecessor-version":[{"id":1588,"href":"https:\/\/0barreras.com\/en\/wp-json\/wp\/v2\/product\/1586\/revisions\/1588"}],"wp:featuredmedia":[{"embeddable":true,"href":"https:\/\/0barreras.com\/en\/wp-json\/wp\/v2\/media\/1587"}],"wp:attachment":[{"href":"https:\/\/0barreras.com\/en\/wp-json\/wp\/v2\/media?parent=1586"}],"wp:term":[{"taxonomy":"product_cat","embeddable":true,"href":"https:\/\/0barreras.com\/en\/wp-json\/wp\/v2\/product_cat?post=1586"},{"taxonomy":"product_tag","embeddable":true,"href":"https:\/\/0barreras.com\/en\/wp-json\/wp\/v2\/product_tag?post=1586"}],"curies":[{"name":"wp","href":"https:\/\/api.w.org\/{rel}","templated":true}]}}