{"id":1584,"date":"2024-04-11T04:03:36","date_gmt":"2024-04-11T09:03:36","guid":{"rendered":"https:\/\/0barreras.com\/?post_type=product&#038;p=1584"},"modified":"2024-06-13T07:06:19","modified_gmt":"2024-06-13T12:06:19","slug":"telefono-jumbo-con-botones-enormes-negros-en-braille-marca-clarity-jv35","status":"publish","type":"product","link":"https:\/\/0barreras.com\/en\/product\/telefono-jumbo-con-botones-enormes-negros-en-braille-marca-clarity-jv35\/","title":{"rendered":"Tel\u00e9fono Amplificado Jumbo  Clarity JV35 Braille, teclas negras: Accesibilidad Total para Todos"},"content":{"rendered":"<p>El tel\u00e9fono amplificado Clarity JV35 con botones negros jumbo y Braille es una soluci\u00f3n excepcional que combina accesibilidad y funcionalidad para personas con discapacidad auditiva y visual. Sus caracter\u00edsticas sobresalientes incluyen botones de tama\u00f1o jumbo de alto contraste con Braille, lo que facilita la marcaci\u00f3n precisa para aquellos con discapacidad visual. Los n\u00fameros de letra grande miden 3\/4 de pulgada de alto para una visibilidad \u00f3ptima. Adem\u00e1s, el tel\u00e9fono ofrece un anuncio de voz de cada n\u00famero marcado, asegurando una experiencia de marcaci\u00f3n accesible y conveniente. Con una amplificaci\u00f3n de hasta 37 dB, 70 veces m\u00e1s fuerte que los tel\u00e9fonos est\u00e1ndar, y un timbre ajustable de hasta 95 dB, este tel\u00e9fono garantiza que nunca te pierdas una llamada importante. Con caracter\u00edsticas adicionales como un selector de tono ajustable, 10 botones de memoria y 3 botones de intermitente de anillo extra brillante,<br \/>\neste tel\u00e9fono ofrece comodidad y accesibilidad incomparables. Adem\u00e1s, el auricular compatible con bobina en T para aud\u00edfonos, los botones de retenci\u00f3n y remarcaci\u00f3n completan esta soluci\u00f3n integral para las necesidades de comunicaci\u00f3n de personas con discapacidades auditivas y visuales.<\/p>","protected":false},"excerpt":{"rendered":"<p>El tel\u00e9fono amplificado Clarity JV35 con botones negros jumbo y Braille es una soluci\u00f3n excepcional que satisface las necesidades de personas con discapacidad auditiva y visual. Con botones de alto contraste, amplificaci\u00f3n de hasta 37 dB y un anuncio de voz de cada n\u00famero marcado, ofrece accesibilidad y funcionalidad incomparables.<\/p>","protected":false},"featured_media":1585,"comment_status":"open","ping_status":"closed","template":"","meta":[],"product_cat":[114,18,112,21,22,144,211,149,210],"product_tag":[],"class_list":["post-1584","product","type-product","status-publish","has-post-thumbnail","hentry","product_cat-ayudas-para-la-vida-diaria-con-braille","product_cat-baja-vision","product_cat-braille","product_cat-diversidad-auditiva","product_cat-diversidad-visual","product_cat-telefonos","product_cat-telefonos-con-cable-telefonos-y-accesorios-amplificados","product_cat-telefonos-con-cable","product_cat-telefonos-y-accesorios-amplificados"],"_links":{"self":[{"href":"https:\/\/0barreras.com\/en\/wp-json\/wp\/v2\/product\/1584","targetHints":{"allow":["GET"]}}],"collection":[{"href":"https:\/\/0barreras.com\/en\/wp-json\/wp\/v2\/product"}],"about":[{"href":"https:\/\/0barreras.com\/en\/wp-json\/wp\/v2\/types\/product"}],"replies":[{"embeddable":true,"href":"https:\/\/0barreras.com\/en\/wp-json\/wp\/v2\/comments?post=1584"}],"version-history":[{"count":1,"href":"https:\/\/0barreras.com\/en\/wp-json\/wp\/v2\/product\/1584\/revisions"}],"predecessor-version":[{"id":1707,"href":"https:\/\/0barreras.com\/en\/wp-json\/wp\/v2\/product\/1584\/revisions\/1707"}],"wp:featuredmedia":[{"embeddable":true,"href":"https:\/\/0barreras.com\/en\/wp-json\/wp\/v2\/media\/1585"}],"wp:attachment":[{"href":"https:\/\/0barreras.com\/en\/wp-json\/wp\/v2\/media?parent=1584"}],"wp:term":[{"taxonomy":"product_cat","embeddable":true,"href":"https:\/\/0barreras.com\/en\/wp-json\/wp\/v2\/product_cat?post=1584"},{"taxonomy":"product_tag","embeddable":true,"href":"https:\/\/0barreras.com\/en\/wp-json\/wp\/v2\/product_tag?post=1584"}],"curies":[{"name":"wp","href":"https:\/\/api.w.org\/{rel}","templated":true}]}}