{"id":1565,"date":"2024-04-11T03:10:15","date_gmt":"2024-04-11T08:10:15","guid":{"rendered":"https:\/\/0barreras.com\/?post_type=product&#038;p=1565"},"modified":"2024-05-13T05:02:26","modified_gmt":"2024-05-13T10:02:26","slug":"dado-braille-de-125-pulgadas","status":"publish","type":"product","link":"https:\/\/0barreras.com\/en\/product\/dado-braille-de-125-pulgadas\/","title":{"rendered":"Dado Grande T\u00e1ctil: A\u00f1ade Sensaci\u00f3n a tus Juegos"},"content":{"rendered":"<p>\u00a1A\u00f1ade un toque t\u00e1ctil y divertido a tus juegos con nuestro dado grande! Con un tama\u00f1o generoso de 1.25 x 1.25 pulgadas, este dado presenta puntos t\u00e1ctiles en relieve para una experiencia sensorial \u00fanica. Disponible en blanco o negro, puedes elegir el estilo que mejor se adapte a tu gusto. Ya sea que est\u00e9s jugando juegos de mesa, ense\u00f1ando matem\u00e1ticas o simplemente disfrutando de actividades interactivas, este dado grande es una adici\u00f3n emocionante.<\/p>","protected":false},"excerpt":{"rendered":"<p>El dado grande de 1.25 x 1.25 pulgadas presenta puntos t\u00e1ctiles en relieve para una experiencia sensorial \u00fanica. Disponible en blanco o negro, es perfecto para juegos de mesa, actividades educativas y m\u00e1s.<\/p>","protected":false},"featured_media":1568,"comment_status":"open","ping_status":"closed","template":"","meta":[],"product_cat":[114,18,112,22,163,129],"product_tag":[],"class_list":["post-1565","product","type-product","status-publish","has-post-thumbnail","hentry","product_cat-ayudas-para-la-vida-diaria-con-braille","product_cat-baja-vision","product_cat-braille","product_cat-diversidad-visual","product_cat-juegos","product_cat-juegos-y-educacion"],"_links":{"self":[{"href":"https:\/\/0barreras.com\/en\/wp-json\/wp\/v2\/product\/1565","targetHints":{"allow":["GET"]}}],"collection":[{"href":"https:\/\/0barreras.com\/en\/wp-json\/wp\/v2\/product"}],"about":[{"href":"https:\/\/0barreras.com\/en\/wp-json\/wp\/v2\/types\/product"}],"replies":[{"embeddable":true,"href":"https:\/\/0barreras.com\/en\/wp-json\/wp\/v2\/comments?post=1565"}],"version-history":[{"count":1,"href":"https:\/\/0barreras.com\/en\/wp-json\/wp\/v2\/product\/1565\/revisions"}],"predecessor-version":[{"id":1701,"href":"https:\/\/0barreras.com\/en\/wp-json\/wp\/v2\/product\/1565\/revisions\/1701"}],"wp:featuredmedia":[{"embeddable":true,"href":"https:\/\/0barreras.com\/en\/wp-json\/wp\/v2\/media\/1568"}],"wp:attachment":[{"href":"https:\/\/0barreras.com\/en\/wp-json\/wp\/v2\/media?parent=1565"}],"wp:term":[{"taxonomy":"product_cat","embeddable":true,"href":"https:\/\/0barreras.com\/en\/wp-json\/wp\/v2\/product_cat?post=1565"},{"taxonomy":"product_tag","embeddable":true,"href":"https:\/\/0barreras.com\/en\/wp-json\/wp\/v2\/product_tag?post=1565"}],"curies":[{"name":"wp","href":"https:\/\/api.w.org\/{rel}","templated":true}]}}