{"id":1563,"date":"2024-04-11T03:06:08","date_gmt":"2024-04-11T08:06:08","guid":{"rendered":"https:\/\/0barreras.com\/?post_type=product&#038;p=1563"},"modified":"2024-04-11T21:29:11","modified_gmt":"2024-04-12T02:29:11","slug":"calendario-braille","status":"publish","type":"product","link":"https:\/\/0barreras.com\/en\/product\/calendario-braille\/","title":{"rendered":"Calendario Braille Creativo: Explora el A\u00f1o con Tus Dedos"},"content":{"rendered":"<p>\u00a1Descubre un nuevo mundo de accesibilidad con nuestro calendario Braille colorido y creativo! Dise\u00f1ado para ofrecer una experiencia t\u00e1ctil \u00fanica, cada mes presenta un tema distinto que los usuarios pueden explorar a trav\u00e9s del braille. Adem\u00e1s de las marcas de fecha convencionales, los sorteos mensuales en braille hacen que este calendario sea tanto funcional como art\u00edstico. Con 12 meses llenos de inspiraci\u00f3n t\u00e1ctil, es perfecto para cualquier persona que desee agregar un toque de diversi\u00f3n y accesibilidad a su vida diaria.<\/p>","protected":false},"excerpt":{"rendered":"<p>El calendario Braille colorido y creativo ofrece una experiencia t\u00e1ctil \u00fanica con un tema diferente para cada mes. Adem\u00e1s de las marcas de fecha convencionales, los sorteos mensuales en braille hacen que este calendario sea funcional y art\u00edstico al mismo tiempo.<\/p>","protected":false},"featured_media":1564,"comment_status":"open","ping_status":"closed","template":"","meta":[],"product_cat":[114,18,112,22],"product_tag":[],"class_list":["post-1563","product","type-product","status-publish","has-post-thumbnail","hentry","product_cat-ayudas-para-la-vida-diaria-con-braille","product_cat-baja-vision","product_cat-braille","product_cat-diversidad-visual"],"_links":{"self":[{"href":"https:\/\/0barreras.com\/en\/wp-json\/wp\/v2\/product\/1563","targetHints":{"allow":["GET"]}}],"collection":[{"href":"https:\/\/0barreras.com\/en\/wp-json\/wp\/v2\/product"}],"about":[{"href":"https:\/\/0barreras.com\/en\/wp-json\/wp\/v2\/types\/product"}],"replies":[{"embeddable":true,"href":"https:\/\/0barreras.com\/en\/wp-json\/wp\/v2\/comments?post=1563"}],"version-history":[{"count":1,"href":"https:\/\/0barreras.com\/en\/wp-json\/wp\/v2\/product\/1563\/revisions"}],"predecessor-version":[{"id":1700,"href":"https:\/\/0barreras.com\/en\/wp-json\/wp\/v2\/product\/1563\/revisions\/1700"}],"wp:featuredmedia":[{"embeddable":true,"href":"https:\/\/0barreras.com\/en\/wp-json\/wp\/v2\/media\/1564"}],"wp:attachment":[{"href":"https:\/\/0barreras.com\/en\/wp-json\/wp\/v2\/media?parent=1563"}],"wp:term":[{"taxonomy":"product_cat","embeddable":true,"href":"https:\/\/0barreras.com\/en\/wp-json\/wp\/v2\/product_cat?post=1563"},{"taxonomy":"product_tag","embeddable":true,"href":"https:\/\/0barreras.com\/en\/wp-json\/wp\/v2\/product_tag?post=1563"}],"curies":[{"name":"wp","href":"https:\/\/api.w.org\/{rel}","templated":true}]}}