{"id":1561,"date":"2024-04-11T03:03:58","date_gmt":"2024-04-11T08:03:58","guid":{"rendered":"https:\/\/0barreras.com\/?post_type=product&#038;p=1561"},"modified":"2024-06-04T14:24:22","modified_gmt":"2024-06-04T19:24:22","slug":"dispositivo-braille-con-lector-de-libros-y-con-cable-usb-orbit-reader-20","status":"publish","type":"product","link":"https:\/\/0barreras.com\/en\/product\/dispositivo-braille-con-lector-de-libros-y-con-cable-usb-orbit-reader-20\/","title":{"rendered":"Orbit Reader 20: Dispositivo Braille con lector de libros y con cable- USB &#8211; La Versatilidad del Braille en tus Manos"},"content":{"rendered":"<p>El Orbit Reader 20 es mucho m\u00e1s que un simple dispositivo braille electr\u00f3nico: es una herramienta vers\u00e1til que combina la funcionalidad de lector de libros aut\u00f3nomo, tomador de notas y pantalla braille para conectar con computadoras y tel\u00e9fonos inteligentes. Con 20 celdas braille de ocho puntos, un dise\u00f1o resistente pero elegante y un peso de menos de una libra, ofrece braille de alta calidad a un precio accesible. Con caracter\u00edsticas como teclas de entrada braille, navegaci\u00f3n sencilla con teclas de cursor y panor\u00e1mica, as\u00ed como compatibilidad con todos los idiomas y programas de lectura de pantalla, el Orbit Reader 20 es la soluci\u00f3n ideal para usuarios de braille en cualquier parte del mundo.<\/p>","protected":false},"excerpt":{"rendered":"<p>El Orbit Reader 20 es un dispositivo braille electr\u00f3nico 3 en 1 que sirve como lector de libros aut\u00f3nomo, tomador de notas y pantalla braille se puede conectar a dispositivos inteligentes. Con 20 celdas braille de ocho puntos, teclado braille de alta calidad y compatibilidad con m\u00faltiples idiomas y programas de lectura de pantalla, ofrece braille de alta calidad a un precio accesible.<\/p>","protected":false},"featured_media":1562,"comment_status":"open","ping_status":"closed","template":"","meta":[],"product_cat":[18,112,22,182,185,113],"product_tag":[],"class_list":["post-1561","product","type-product","status-publish","has-post-thumbnail","hentry","product_cat-baja-vision","product_cat-braille","product_cat-diversidad-visual","product_cat-tecnologia-de-asistencia","product_cat-tecnologia-de-asistencia-braille","product_cat-tecnologia-de-asistencia-para-ciegos"],"_links":{"self":[{"href":"https:\/\/0barreras.com\/en\/wp-json\/wp\/v2\/product\/1561","targetHints":{"allow":["GET"]}}],"collection":[{"href":"https:\/\/0barreras.com\/en\/wp-json\/wp\/v2\/product"}],"about":[{"href":"https:\/\/0barreras.com\/en\/wp-json\/wp\/v2\/types\/product"}],"replies":[{"embeddable":true,"href":"https:\/\/0barreras.com\/en\/wp-json\/wp\/v2\/comments?post=1561"}],"version-history":[{"count":1,"href":"https:\/\/0barreras.com\/en\/wp-json\/wp\/v2\/product\/1561\/revisions"}],"predecessor-version":[{"id":1699,"href":"https:\/\/0barreras.com\/en\/wp-json\/wp\/v2\/product\/1561\/revisions\/1699"}],"wp:featuredmedia":[{"embeddable":true,"href":"https:\/\/0barreras.com\/en\/wp-json\/wp\/v2\/media\/1562"}],"wp:attachment":[{"href":"https:\/\/0barreras.com\/en\/wp-json\/wp\/v2\/media?parent=1561"}],"wp:term":[{"taxonomy":"product_cat","embeddable":true,"href":"https:\/\/0barreras.com\/en\/wp-json\/wp\/v2\/product_cat?post=1561"},{"taxonomy":"product_tag","embeddable":true,"href":"https:\/\/0barreras.com\/en\/wp-json\/wp\/v2\/product_tag?post=1561"}],"curies":[{"name":"wp","href":"https:\/\/api.w.org\/{rel}","templated":true}]}}