{"id":1557,"date":"2024-04-11T02:21:43","date_gmt":"2024-04-11T07:21:43","guid":{"rendered":"https:\/\/0barreras.com\/?post_type=product&#038;p=1557"},"modified":"2024-06-04T14:25:44","modified_gmt":"2024-06-04T19:25:44","slug":"dispositivo-para-aprender-braille-marca-taptilo","status":"publish","type":"product","link":"https:\/\/0barreras.com\/en\/product\/dispositivo-para-aprender-braille-marca-taptilo\/","title":{"rendered":"Taptilo: Dispositivo para aprender Braille &#8211; Una revoluci\u00f3n en la ense\u00f1anza de Braille"},"content":{"rendered":"<p>Taptilo introduce una forma innovadora de ense\u00f1ar Braille, combinando tecnolog\u00eda y tacto para ofrecer una experiencia de aprendizaje \u00fanica.<br \/>\nCon 9 celdas Braille magn\u00e9ticas extra\u00edbles y una fila permanente de 9 celdas refrescables, los estudiantes pueden crear y leer letras de manera interactiva. Adem\u00e1s, ofrece 17 juegos de autoaprendizaje incorporados con audio interactivo, que cubren m\u00e1s de 800 palabras. La aplicaci\u00f3n gratuita permite acceder a nuevos juegos y contenidos, mientras que los profesores pueden personalizar el material seg\u00fan las necesidades del alumno. Taptilo no se limita solo al aprendizaje de palabras; tambi\u00e9n es \u00fatil para aprender m\u00fasica Braille y matem\u00e1ticas Braille. Con dimensiones de 17&#8243;x5&#8243;x2&#8243; y un peso de 3 libras, es port\u00e1til y conveniente para su uso en cualquier lugar. Viene con un conector para auriculares y un estuche resistente a golpes y agua, que incluye una correa para el hombro y un asa para facilitar su transporte. Con una duraci\u00f3n aproximada de la bater\u00eda de 7 d\u00edas, Taptilo ofrece una experiencia de aprendizaje Braille completa y vers\u00e1til para estudiantes de todas las edades y habilidades.<\/p>","protected":false},"excerpt":{"rendered":"<p>Taptilo redefine la ense\u00f1anza de Braille con su enfoque innovador que combina tecnolog\u00eda y tacto. Con 9 celdas Braille magn\u00e9ticas extra\u00edbles y<br \/>\nuna fila permanente de 9 celdas refrescables, ofrece una experiencia interactiva \u00fanica para los estudiantes. Con 17 juegos de autoaprendizaje incorporados y la capacidad de personalizar el contenido, cubre m\u00e1s de 800 palabras y se adapta a las necesidades individuales de cada alumno. Adem\u00e1s, Taptilo se extiende m\u00e1s all\u00e1 del Braille b\u00e1sico, permitiendo aprender m\u00fasica y matem\u00e1ticas Braille. Con su portabilidad y duraci\u00f3n de bater\u00eda de 7 d\u00edas, junto con su estuche resistente y funcionalidades adicionales como el conector para auriculares, Taptilo se convierte en una herramienta esencial para la educaci\u00f3n Braille.<\/p>","protected":false},"featured_media":1558,"comment_status":"open","ping_status":"closed","template":"","meta":[],"product_cat":[18,112,22,129,161,182,185,113],"product_tag":[],"class_list":["post-1557","product","type-product","status-publish","has-post-thumbnail","hentry","product_cat-baja-vision","product_cat-braille","product_cat-diversidad-visual","product_cat-juegos-y-educacion","product_cat-productos-educativos","product_cat-tecnologia-de-asistencia","product_cat-tecnologia-de-asistencia-braille","product_cat-tecnologia-de-asistencia-para-ciegos"],"_links":{"self":[{"href":"https:\/\/0barreras.com\/en\/wp-json\/wp\/v2\/product\/1557","targetHints":{"allow":["GET"]}}],"collection":[{"href":"https:\/\/0barreras.com\/en\/wp-json\/wp\/v2\/product"}],"about":[{"href":"https:\/\/0barreras.com\/en\/wp-json\/wp\/v2\/types\/product"}],"replies":[{"embeddable":true,"href":"https:\/\/0barreras.com\/en\/wp-json\/wp\/v2\/comments?post=1557"}],"version-history":[{"count":1,"href":"https:\/\/0barreras.com\/en\/wp-json\/wp\/v2\/product\/1557\/revisions"}],"predecessor-version":[{"id":1697,"href":"https:\/\/0barreras.com\/en\/wp-json\/wp\/v2\/product\/1557\/revisions\/1697"}],"wp:featuredmedia":[{"embeddable":true,"href":"https:\/\/0barreras.com\/en\/wp-json\/wp\/v2\/media\/1558"}],"wp:attachment":[{"href":"https:\/\/0barreras.com\/en\/wp-json\/wp\/v2\/media?parent=1557"}],"wp:term":[{"taxonomy":"product_cat","embeddable":true,"href":"https:\/\/0barreras.com\/en\/wp-json\/wp\/v2\/product_cat?post=1557"},{"taxonomy":"product_tag","embeddable":true,"href":"https:\/\/0barreras.com\/en\/wp-json\/wp\/v2\/product_tag?post=1557"}],"curies":[{"name":"wp","href":"https:\/\/api.w.org\/{rel}","templated":true}]}}